{"id":33094,"date":"2025-07-28T10:34:51","date_gmt":"2025-07-28T10:34:51","guid":{"rendered":"https:\/\/www.iceireland.com\/student-handbooks-pre-arrival-information\/"},"modified":"2026-01-30T18:25:52","modified_gmt":"2026-01-30T18:25:52","slug":"student-handbooks-pre-arrival-information","status":"publish","type":"page","link":"https:\/\/www.iceireland.com\/tr\/student-handbooks-pre-arrival-information\/","title":{"rendered":"\u00d6\u011frenci El Kitaplar\u0131 ve Var\u0131\u015f \u00d6ncesi Bilgiler"},"content":{"rendered":"\t\t<div data-elementor-type=\"wp-page\" data-elementor-id=\"33094\" class=\"elementor elementor-33094 elementor-29704\" data-elementor-post-type=\"page\">\n\t\t\t\t\t\t<section class=\"elementor-section elementor-top-section elementor-element elementor-element-6040813 elementor-section-boxed elementor-section-height-default elementor-section-height-default\" data-id=\"6040813\" data-element_type=\"section\" data-e-type=\"section\">\n\t\t\t\t\t\t<div class=\"elementor-container elementor-column-gap-default\">\n\t\t\t\t\t<div class=\"elementor-column elementor-col-100 elementor-top-column elementor-element elementor-element-4256457\" data-id=\"4256457\" data-element_type=\"column\" data-e-type=\"column\">\n\t\t\t<div class=\"elementor-widget-wrap elementor-element-populated\">\n\t\t\t\t\t\t<div class=\"elementor-element elementor-element-82382b1 elementor-widget elementor-widget-text-editor\" data-id=\"82382b1\" data-element_type=\"widget\" data-e-type=\"widget\" data-widget_type=\"text-editor.default\">\n\t\t\t\t<div class=\"elementor-widget-container\">\n\t\t\t\t\t\t\t\t\t<h2>\u00d6\u011frenci El Kitab\u0131 &amp; Var\u0131\u015f \u00d6ncesi<\/h2><p class=\"MsoNormal\"><span lang=\"EN-GB\">Var\u0131\u015f \u00d6ncesi Bilgi:<\/span><\/p><ul style=\"margin-top: 0cm;\" type=\"disc\"><li class=\"MsoNormal\"><span lang=\"EN-GB\">Bro\u015f\u00fcrler, web sitesi i\u00e7eri\u011fi ve sosyal medya platformlar\u0131 dahil olmak \u00fczere halka a\u00e7\u0131k pazarlama materyalleri arac\u0131l\u0131\u011f\u0131yla aday \u00f6\u011frencilere ayr\u0131nt\u0131l\u0131 bilgi sa\u011flar.<\/span><\/li><\/ul><ul style=\"margin-top: 0cm;\" type=\"disc\"><li class=\"MsoNormal\"><span lang=\"EN-GB\">Var\u0131\u015ftan \u00f6nce \u00f6\u011frencilere konaklama, acil durum irtibat ki\u015fileri, var\u0131\u015f prosed\u00fcrleri, programlar, havaalan\u0131 transferleri ve var\u0131\u015f \u00f6ncesi testlerle ilgili ayr\u0131nt\u0131lar da dahil olmak \u00fczere \u00f6nemli materyaller g\u00f6nderilir.<\/span><\/li><\/ul><ul style=\"margin-top: 0cm;\" type=\"disc\"><li class=\"MsoNormal\"><span lang=\"EN-GB\">T\u00fcm \u00d6\u011frencilere var\u0131\u015ftan \u00f6nce bir \u00d6\u011frenci El Kitab\u0131 da verilecektir.  <\/span><\/li><\/ul>\t\t\t\t\t\t\t\t<\/div>\n\t\t\t\t<\/div>\n\t\t\t\t\t<\/div>\n\t\t<\/div>\n\t\t\t\t\t<\/div>\n\t\t<\/section>\n\t\t\t\t<section class=\"elementor-section elementor-top-section elementor-element elementor-element-1e4ce2d elementor-section-boxed elementor-section-height-default elementor-section-height-default\" data-id=\"1e4ce2d\" data-element_type=\"section\" data-e-type=\"section\">\n\t\t\t\t\t\t<div class=\"elementor-container elementor-column-gap-default\">\n\t\t\t\t\t<div class=\"elementor-column elementor-col-100 elementor-top-column elementor-element elementor-element-f85982c\" data-id=\"f85982c\" data-element_type=\"column\" data-e-type=\"column\">\n\t\t\t<div class=\"elementor-widget-wrap elementor-element-populated\">\n\t\t\t\t\t\t<div class=\"elementor-element elementor-element-189f343 elementor-widget elementor-widget-spacer\" data-id=\"189f343\" data-element_type=\"widget\" data-e-type=\"widget\" data-widget_type=\"spacer.default\">\n\t\t\t\t<div class=\"elementor-widget-container\">\n\t\t\t\t\t\t\t<div class=\"elementor-spacer\">\n\t\t\t<div class=\"elementor-spacer-inner\"><\/div>\n\t\t<\/div>\n\t\t\t\t\t\t<\/div>\n\t\t\t\t<\/div>\n\t\t\t\t\t<\/div>\n\t\t<\/div>\n\t\t\t\t\t<\/div>\n\t\t<\/section>\n\t\t\t\t<\/div>\n\t\t","protected":false},"excerpt":{"rendered":"<p>\u00d6\u011frenci El Kitab\u0131 &amp; Var\u0131\u015f \u00d6ncesi Var\u0131\u015f \u00d6ncesi Bilgi: Bro\u015f\u00fcrler, web sitesi i\u00e7eri\u011fi ve sosyal medya platformlar\u0131 dahil olmak \u00fczere halka a\u00e7\u0131k pazarlama materyalleri arac\u0131l\u0131\u011f\u0131yla aday \u00f6\u011frencilere ayr\u0131nt\u0131l\u0131 bilgi sa\u011flar. Var\u0131\u015ftan \u00f6nce \u00f6\u011frencilere konaklama, acil durum irtibat ki\u015fileri, var\u0131\u015f prosed\u00fcrleri, programlar, havaalan\u0131 transferleri ve var\u0131\u015f \u00f6ncesi testlerle ilgili ayr\u0131nt\u0131lar da dahil olmak \u00fczere \u00f6nemli materyaller [&hellip;]<\/p>\n","protected":false},"author":3,"featured_media":0,"parent":0,"menu_order":0,"comment_status":"closed","ping_status":"closed","template":"","meta":{"content-type":"","footnotes":""},"class_list":["post-33094","page","type-page","status-publish","hentry"],"yoast_head":"<!-- This site is optimized with the Yoast SEO plugin v27.3 - https:\/\/yoast.com\/product\/yoast-seo-wordpress\/ -->\n<title>\u00d6\u011frenci El Kitaplar\u0131 ve Var\u0131\u015f \u00d6ncesi Bilgiler - Irish College of English<\/title>\n<meta name=\"robots\" content=\"index, follow, max-snippet:-1, max-image-preview:large, max-video-preview:-1\" \/>\n<link rel=\"canonical\" href=\"https:\/\/www.iceireland.com\/tr\/student-handbooks-pre-arrival-information\/\" \/>\n<meta property=\"og:locale\" content=\"tr_TR\" \/>\n<meta property=\"og:type\" content=\"article\" \/>\n<meta property=\"og:title\" content=\"\u00d6\u011frenci El Kitaplar\u0131 ve Var\u0131\u015f \u00d6ncesi Bilgiler - Irish College of English\" \/>\n<meta property=\"og:description\" content=\"\u00d6\u011frenci El Kitab\u0131 &amp; Var\u0131\u015f \u00d6ncesi Var\u0131\u015f \u00d6ncesi Bilgi: Bro\u015f\u00fcrler, web sitesi i\u00e7eri\u011fi ve sosyal medya platformlar\u0131 dahil olmak \u00fczere halka a\u00e7\u0131k pazarlama materyalleri arac\u0131l\u0131\u011f\u0131yla aday \u00f6\u011frencilere ayr\u0131nt\u0131l\u0131 bilgi sa\u011flar. Var\u0131\u015ftan \u00f6nce \u00f6\u011frencilere konaklama, acil durum irtibat ki\u015fileri, var\u0131\u015f prosed\u00fcrleri, programlar, havaalan\u0131 transferleri ve var\u0131\u015f \u00f6ncesi testlerle ilgili ayr\u0131nt\u0131lar da dahil olmak \u00fczere \u00f6nemli materyaller [&hellip;]\" \/>\n<meta property=\"og:url\" content=\"https:\/\/www.iceireland.com\/tr\/student-handbooks-pre-arrival-information\/\" \/>\n<meta property=\"og:site_name\" content=\"Irish College of English\" \/>\n<meta property=\"article:modified_time\" content=\"2026-01-30T18:25:52+00:00\" \/>\n<script type=\"application\/ld+json\" class=\"yoast-schema-graph\">{\"@context\":\"https:\\\/\\\/schema.org\",\"@graph\":[{\"@type\":\"WebPage\",\"@id\":\"https:\\\/\\\/www.iceireland.com\\\/tr\\\/student-handbooks-pre-arrival-information\\\/\",\"url\":\"https:\\\/\\\/www.iceireland.com\\\/tr\\\/student-handbooks-pre-arrival-information\\\/\",\"name\":\"\u00d6\u011frenci El Kitaplar\u0131 ve Var\u0131\u015f \u00d6ncesi Bilgiler - Irish College of English\",\"isPartOf\":{\"@id\":\"https:\\\/\\\/www.iceireland.com\\\/tr\\\/#website\"},\"datePublished\":\"2025-07-28T10:34:51+00:00\",\"dateModified\":\"2026-01-30T18:25:52+00:00\",\"breadcrumb\":{\"@id\":\"https:\\\/\\\/www.iceireland.com\\\/tr\\\/student-handbooks-pre-arrival-information\\\/#breadcrumb\"},\"inLanguage\":\"tr\",\"potentialAction\":[{\"@type\":\"ReadAction\",\"target\":[\"https:\\\/\\\/www.iceireland.com\\\/tr\\\/student-handbooks-pre-arrival-information\\\/\"]}]},{\"@type\":\"BreadcrumbList\",\"@id\":\"https:\\\/\\\/www.iceireland.com\\\/tr\\\/student-handbooks-pre-arrival-information\\\/#breadcrumb\",\"itemListElement\":[{\"@type\":\"ListItem\",\"position\":1,\"name\":\"Home\",\"item\":\"https:\\\/\\\/www.iceireland.com\\\/tr\\\/\"},{\"@type\":\"ListItem\",\"position\":2,\"name\":\"\u00d6\u011frenci El Kitaplar\u0131 ve Var\u0131\u015f \u00d6ncesi Bilgiler\"}]},{\"@type\":\"WebSite\",\"@id\":\"https:\\\/\\\/www.iceireland.com\\\/tr\\\/#website\",\"url\":\"https:\\\/\\\/www.iceireland.com\\\/tr\\\/\",\"name\":\"Irish College of English\",\"description\":\"English School in Dublin, Malahide\",\"publisher\":{\"@id\":\"https:\\\/\\\/www.iceireland.com\\\/tr\\\/#organization\"},\"potentialAction\":[{\"@type\":\"SearchAction\",\"target\":{\"@type\":\"EntryPoint\",\"urlTemplate\":\"https:\\\/\\\/www.iceireland.com\\\/tr\\\/?s={search_term_string}\"},\"query-input\":{\"@type\":\"PropertyValueSpecification\",\"valueRequired\":true,\"valueName\":\"search_term_string\"}}],\"inLanguage\":\"tr\"},{\"@type\":\"Organization\",\"@id\":\"https:\\\/\\\/www.iceireland.com\\\/tr\\\/#organization\",\"name\":\"Irish College of English\",\"url\":\"https:\\\/\\\/www.iceireland.com\\\/tr\\\/\",\"logo\":{\"@type\":\"ImageObject\",\"inLanguage\":\"tr\",\"@id\":\"https:\\\/\\\/www.iceireland.com\\\/tr\\\/#\\\/schema\\\/logo\\\/image\\\/\",\"url\":\"https:\\\/\\\/www.iceireland.com\\\/wp-content\\\/uploads\\\/2022\\\/03\\\/logo.png\",\"contentUrl\":\"https:\\\/\\\/www.iceireland.com\\\/wp-content\\\/uploads\\\/2022\\\/03\\\/logo.png\",\"width\":593,\"height\":92,\"caption\":\"Irish College of English\"},\"image\":{\"@id\":\"https:\\\/\\\/www.iceireland.com\\\/tr\\\/#\\\/schema\\\/logo\\\/image\\\/\"}}]}<\/script>\n<!-- \/ Yoast SEO plugin. -->","yoast_head_json":{"title":"\u00d6\u011frenci El Kitaplar\u0131 ve Var\u0131\u015f \u00d6ncesi Bilgiler - Irish College of English","robots":{"index":"index","follow":"follow","max-snippet":"max-snippet:-1","max-image-preview":"max-image-preview:large","max-video-preview":"max-video-preview:-1"},"canonical":"https:\/\/www.iceireland.com\/tr\/student-handbooks-pre-arrival-information\/","og_locale":"tr_TR","og_type":"article","og_title":"\u00d6\u011frenci El Kitaplar\u0131 ve Var\u0131\u015f \u00d6ncesi Bilgiler - Irish College of English","og_description":"\u00d6\u011frenci El Kitab\u0131 &amp; Var\u0131\u015f \u00d6ncesi Var\u0131\u015f \u00d6ncesi Bilgi: Bro\u015f\u00fcrler, web sitesi i\u00e7eri\u011fi ve sosyal medya platformlar\u0131 dahil olmak \u00fczere halka a\u00e7\u0131k pazarlama materyalleri arac\u0131l\u0131\u011f\u0131yla aday \u00f6\u011frencilere ayr\u0131nt\u0131l\u0131 bilgi sa\u011flar. Var\u0131\u015ftan \u00f6nce \u00f6\u011frencilere konaklama, acil durum irtibat ki\u015fileri, var\u0131\u015f prosed\u00fcrleri, programlar, havaalan\u0131 transferleri ve var\u0131\u015f \u00f6ncesi testlerle ilgili ayr\u0131nt\u0131lar da dahil olmak \u00fczere \u00f6nemli materyaller [&hellip;]","og_url":"https:\/\/www.iceireland.com\/tr\/student-handbooks-pre-arrival-information\/","og_site_name":"Irish College of English","article_modified_time":"2026-01-30T18:25:52+00:00","schema":{"@context":"https:\/\/schema.org","@graph":[{"@type":"WebPage","@id":"https:\/\/www.iceireland.com\/tr\/student-handbooks-pre-arrival-information\/","url":"https:\/\/www.iceireland.com\/tr\/student-handbooks-pre-arrival-information\/","name":"\u00d6\u011frenci El Kitaplar\u0131 ve Var\u0131\u015f \u00d6ncesi Bilgiler - Irish College of English","isPartOf":{"@id":"https:\/\/www.iceireland.com\/tr\/#website"},"datePublished":"2025-07-28T10:34:51+00:00","dateModified":"2026-01-30T18:25:52+00:00","breadcrumb":{"@id":"https:\/\/www.iceireland.com\/tr\/student-handbooks-pre-arrival-information\/#breadcrumb"},"inLanguage":"tr","potentialAction":[{"@type":"ReadAction","target":["https:\/\/www.iceireland.com\/tr\/student-handbooks-pre-arrival-information\/"]}]},{"@type":"BreadcrumbList","@id":"https:\/\/www.iceireland.com\/tr\/student-handbooks-pre-arrival-information\/#breadcrumb","itemListElement":[{"@type":"ListItem","position":1,"name":"Home","item":"https:\/\/www.iceireland.com\/tr\/"},{"@type":"ListItem","position":2,"name":"\u00d6\u011frenci El Kitaplar\u0131 ve Var\u0131\u015f \u00d6ncesi Bilgiler"}]},{"@type":"WebSite","@id":"https:\/\/www.iceireland.com\/tr\/#website","url":"https:\/\/www.iceireland.com\/tr\/","name":"Irish College of English","description":"English School in Dublin, Malahide","publisher":{"@id":"https:\/\/www.iceireland.com\/tr\/#organization"},"potentialAction":[{"@type":"SearchAction","target":{"@type":"EntryPoint","urlTemplate":"https:\/\/www.iceireland.com\/tr\/?s={search_term_string}"},"query-input":{"@type":"PropertyValueSpecification","valueRequired":true,"valueName":"search_term_string"}}],"inLanguage":"tr"},{"@type":"Organization","@id":"https:\/\/www.iceireland.com\/tr\/#organization","name":"Irish College of English","url":"https:\/\/www.iceireland.com\/tr\/","logo":{"@type":"ImageObject","inLanguage":"tr","@id":"https:\/\/www.iceireland.com\/tr\/#\/schema\/logo\/image\/","url":"https:\/\/www.iceireland.com\/wp-content\/uploads\/2022\/03\/logo.png","contentUrl":"https:\/\/www.iceireland.com\/wp-content\/uploads\/2022\/03\/logo.png","width":593,"height":92,"caption":"Irish College of English"},"image":{"@id":"https:\/\/www.iceireland.com\/tr\/#\/schema\/logo\/image\/"}}]}},"_links":{"self":[{"href":"https:\/\/www.iceireland.com\/tr\/wp-json\/wp\/v2\/pages\/33094","targetHints":{"allow":["GET"]}}],"collection":[{"href":"https:\/\/www.iceireland.com\/tr\/wp-json\/wp\/v2\/pages"}],"about":[{"href":"https:\/\/www.iceireland.com\/tr\/wp-json\/wp\/v2\/types\/page"}],"author":[{"embeddable":true,"href":"https:\/\/www.iceireland.com\/tr\/wp-json\/wp\/v2\/users\/3"}],"replies":[{"embeddable":true,"href":"https:\/\/www.iceireland.com\/tr\/wp-json\/wp\/v2\/comments?post=33094"}],"version-history":[{"count":1,"href":"https:\/\/www.iceireland.com\/tr\/wp-json\/wp\/v2\/pages\/33094\/revisions"}],"predecessor-version":[{"id":33096,"href":"https:\/\/www.iceireland.com\/tr\/wp-json\/wp\/v2\/pages\/33094\/revisions\/33096"}],"wp:attachment":[{"href":"https:\/\/www.iceireland.com\/tr\/wp-json\/wp\/v2\/media?parent=33094"}],"curies":[{"name":"wp","href":"https:\/\/api.w.org\/{rel}","templated":true}]}}