{"id":33138,"date":"2024-10-24T09:37:38","date_gmt":"2024-10-24T09:37:38","guid":{"rendered":"https:\/\/www.iceireland.com\/academic-management-and-alignment-with-the-common-european-framework-of-reference-for-languages-cefr\/"},"modified":"2026-03-13T15:53:50","modified_gmt":"2026-03-13T15:53:50","slug":"academic-management-and-alignment-with-the-common-european-framework-of-reference-for-languages-cefr","status":"publish","type":"page","link":"https:\/\/www.iceireland.com\/tr\/academic-management-and-alignment-with-the-common-european-framework-of-reference-for-languages-cefr\/","title":{"rendered":"Akademik Y\u00f6netim ve Diller i\u00e7in Avrupa Ortak Referans \u00c7er\u00e7evesi (CEFR) ile Uyum"},"content":{"rendered":"\t\t<div data-elementor-type=\"wp-page\" data-elementor-id=\"33138\" class=\"elementor elementor-33138 elementor-28168\" data-elementor-post-type=\"page\">\n\t\t\t\t\t\t<section class=\"elementor-section elementor-top-section elementor-element elementor-element-d4125d9 elementor-section-boxed elementor-section-height-default elementor-section-height-default\" data-id=\"d4125d9\" data-element_type=\"section\" data-e-type=\"section\">\n\t\t\t\t\t\t<div class=\"elementor-container elementor-column-gap-default\">\n\t\t\t\t\t<div class=\"elementor-column elementor-col-100 elementor-top-column elementor-element elementor-element-5323e80\" data-id=\"5323e80\" data-element_type=\"column\" data-e-type=\"column\">\n\t\t\t<div class=\"elementor-widget-wrap elementor-element-populated\">\n\t\t\t\t\t\t<div class=\"elementor-element elementor-element-ea69dc5 elementor-widget elementor-widget-text-editor\" data-id=\"ea69dc5\" data-element_type=\"widget\" data-e-type=\"widget\" data-widget_type=\"text-editor.default\">\n\t\t\t\t<div class=\"elementor-widget-container\">\n\t\t\t\t\t\t\t\t\t<h3><strong>Diller i\u00e7in Avrupa Ortak Referans \u00c7er\u00e7evesi (CEFR)<\/strong><\/h3><p><strong> <\/strong><\/p><p><strong>ICE, y\u00fcksek e\u011fitim standartlar\u0131 ve tutarl\u0131l\u0131k sa\u011flamak i\u00e7in kurslar\u0131n\u0131 ve de\u011ferlendirmelerini Avrupa Ortak Dil Referans \u00c7er\u00e7evesi (CEFR) ile uyumlu hale getirir. Bu taahh\u00fct, \u00f6\u011frenci ba\u015far\u0131s\u0131n\u0131 desteklemekte ve QQI kapsam\u0131ndaki akreditasyon kriterlerini kar\u015f\u0131lamaktad\u0131r. <\/strong><\/p><p>Irish College of English&#8217;te (ICE) akademik y\u00f6netim sistemlerimiz, e\u011fitimde m\u00fckemmelli\u011fin en y\u00fcksek standartlar\u0131n\u0131 korumak ve programlar\u0131m\u0131z\u0131n t\u00fcm y\u00f6nleriyle Avrupa Ortak Dil Referans \u00c7er\u00e7evesi (CEFR) ile uyumlulu\u011funu sa\u011flamak \u00fczere tasarlanm\u0131\u015ft\u0131r. Yakla\u015f\u0131m\u0131m\u0131z\u0131n merkezinde m\u00fcfredat geli\u015ftirme, \u00f6\u011fretim metodolojileri, de\u011ferlendirme uygulamalar\u0131 ve \u00f6\u011frenci destek mekanizmalar\u0131n\u0131 kapsayan yap\u0131land\u0131r\u0131lm\u0131\u015f bir \u00e7er\u00e7eve yer almaktad\u0131r. Daha fazla bilgi i\u00e7in l\u00fctfen QA K\u0131lavuzumuza bak\u0131n\u0131z.  <\/p><p><strong> <\/strong><\/p><p> <\/p>\t\t\t\t\t\t\t\t<\/div>\n\t\t\t\t<\/div>\n\t\t\t\t\t<\/div>\n\t\t<\/div>\n\t\t\t\t\t<\/div>\n\t\t<\/section>\n\t\t\t\t<section class=\"elementor-section elementor-top-section elementor-element elementor-element-9466ba0 elementor-section-boxed elementor-section-height-default elementor-section-height-default\" data-id=\"9466ba0\" data-element_type=\"section\" data-e-type=\"section\">\n\t\t\t\t\t\t<div class=\"elementor-container elementor-column-gap-default\">\n\t\t\t\t\t<div class=\"elementor-column elementor-col-100 elementor-top-column elementor-element elementor-element-e07671a\" data-id=\"e07671a\" data-element_type=\"column\" data-e-type=\"column\">\n\t\t\t<div class=\"elementor-widget-wrap elementor-element-populated\">\n\t\t\t\t\t\t<div class=\"elementor-element elementor-element-f5372b9 elementor-widget elementor-widget-image\" data-id=\"f5372b9\" data-element_type=\"widget\" data-e-type=\"widget\" data-widget_type=\"image.default\">\n\t\t\t\t<div class=\"elementor-widget-container\">\n\t\t\t\t\t\t\t\t\t\t\t\t\t\t\t<img fetchpriority=\"high\" decoding=\"async\" width=\"673\" height=\"1024\" src=\"https:\/\/www.iceireland.com\/wp-content\/uploads\/2026\/03\/CEFR-Journey-673x1024.jpg\" class=\"attachment-large size-large wp-image-35664\" alt=\"CEFR\" srcset=\"https:\/\/www.iceireland.com\/wp-content\/uploads\/2026\/03\/CEFR-Journey-673x1024.jpg 673w, https:\/\/www.iceireland.com\/wp-content\/uploads\/2026\/03\/CEFR-Journey-197x300.jpg 197w, https:\/\/www.iceireland.com\/wp-content\/uploads\/2026\/03\/CEFR-Journey-768x1168.jpg 768w, https:\/\/www.iceireland.com\/wp-content\/uploads\/2026\/03\/CEFR-Journey.jpg 800w\" sizes=\"(max-width: 673px) 100vw, 673px\" \/>\t\t\t\t\t\t\t\t\t\t\t\t\t\t\t<\/div>\n\t\t\t\t<\/div>\n\t\t\t\t\t<\/div>\n\t\t<\/div>\n\t\t\t\t\t<\/div>\n\t\t<\/section>\n\t\t\t\t<section class=\"elementor-section elementor-top-section elementor-element elementor-element-1cd95d8 elementor-section-boxed elementor-section-height-default elementor-section-height-default\" data-id=\"1cd95d8\" data-element_type=\"section\" data-e-type=\"section\">\n\t\t\t\t\t\t<div class=\"elementor-container elementor-column-gap-default\">\n\t\t\t\t\t<div class=\"elementor-column elementor-col-100 elementor-top-column elementor-element elementor-element-8bfee5b\" data-id=\"8bfee5b\" data-element_type=\"column\" data-e-type=\"column\">\n\t\t\t<div class=\"elementor-widget-wrap elementor-element-populated\">\n\t\t\t\t\t\t<div class=\"elementor-element elementor-element-1b6b42d elementor-widget elementor-widget-text-editor\" data-id=\"1b6b42d\" data-element_type=\"widget\" data-e-type=\"widget\" data-widget_type=\"text-editor.default\">\n\t\t\t\t<div class=\"elementor-widget-container\">\n\t\t\t\t\t\t\t\t\t<p><strong>CEFR Hakk\u0131nda<\/strong><\/p><p>CEFR, ikinci\/yabanc\u0131 dil e\u011fitiminde hedeflerin, i\u00e7eri\u011fin ve y\u00f6ntemlerin a\u00e7\u0131k bir \u015fekilde tan\u0131mlanmas\u0131 i\u00e7in ortak bir temel sa\u011flamak amac\u0131yla geli\u015ftirilmi\u015ftir.<\/p><p>CEFR<\/p><p>Dil \u00f6\u011frenme \u00e7\u0131kt\u0131lar\u0131n\u0131 dil kullan\u0131m\u0131 a\u00e7\u0131s\u0131ndan tan\u0131mlayarak eylem odakl\u0131 bir yakla\u015f\u0131m benimser;<\/p><p>\u00fc\u00e7 temel boyutu vard\u0131r: dil etkinlikleri, bu etkinliklerin ger\u00e7ekle\u015fti\u011fi alanlar ve bu etkinliklere kat\u0131l\u0131rken yararland\u0131\u011f\u0131m\u0131z yeterlilikler;<\/p><p>Dil etkinliklerini d\u00f6rt t\u00fcre ay\u0131r\u0131r: al\u0131mlama (dinleme ve okuma), \u00fcretim (s\u00f6zl\u00fc ve yaz\u0131l\u0131), etkile\u015fim (s\u00f6zl\u00fc ve yaz\u0131l\u0131) ve arac\u0131l\u0131k (\u00e7eviri ve yorumlama);<\/p><p>d\u00f6rt dil kullan\u0131m alan\u0131n\u0131n (kamusal, ki\u015fisel, e\u011fitimsel, profesyonel) taksonomik bir tan\u0131m\u0131n\u0131 sunar ve bunlar\u0131n her biri i\u00e7in yerleri, kurumlar\u0131, ki\u015fileri, nesneleri, olaylar\u0131, i\u015flemleri ve metinleri belirtir.<\/p><p>CEFR, al\u0131mlama, \u00fcretim, etkile\u015fim ve baz\u0131 yeterlilikler i\u00e7in alt\u0131 ortak referans seviyesi (A1, A2, B1, B2, C1, C2) tan\u0131mlar ve her seviyede \u00f6\u011frenenin\/kullan\u0131c\u0131n\u0131n yeterlili\u011fini tan\u0131mlamak i\u00e7in &#8220;yapabilirim&#8221; tan\u0131mlay\u0131c\u0131lar\u0131n\u0131 kullan\u0131r.<\/p><p>Ortak referans seviyeleri, ikinci\/yabanc\u0131 dil m\u00fcfredatlar\u0131n\u0131, ders kitaplar\u0131n\u0131, kurslar\u0131 ve s\u0131navlar\u0131 kar\u015f\u0131la\u015ft\u0131rmak i\u00e7in bir temel sa\u011flar. CEFR&#8217;in tan\u0131mlay\u0131c\u0131 ayg\u0131t\u0131n\u0131n geri kalan\u0131yla birlikte, m\u00fcfredat, \u00f6\u011fretim programlar\u0131, \u00f6\u011frenme materyalleri ve de\u011ferlendirme ara\u00e7lar\u0131n\u0131n tasar\u0131m\u0131n\u0131 desteklemek i\u00e7in de kullan\u0131labilirler. <\/p><p>ELP&#8217;nin merkezi bir \u00f6zelli\u011fi olan \u00f6z de\u011ferlendirme, ELP ile CEFR aras\u0131ndaki temel ba\u011flant\u0131y\u0131 sa\u011flar. \u00d6z de\u011ferlendirme, dil aktivitesi ve ortak referans seviyesine (dil biyografisi) g\u00f6re d\u00fczenlenmi\u015f &#8220;yapabilirim&#8221; tan\u0131mlay\u0131c\u0131lar\u0131n\u0131n kontrol listeleri kullan\u0131larak ger\u00e7ekle\u015ftirilir ve CEFR&#8217;nin \u00f6z de\u011ferlendirme tablosuna (dil pasaportu) referansla \u00f6zetlenir. <\/p><p>\u0130rlanda \u0130ngilizce Koleji, hem Gen\u00e7 hem de Yeti\u015fkin Programlar\u0131m\u0131z i\u00e7in belirli &#8216;Yapabilirim&#8217; Tan\u0131mlay\u0131c\u0131lar\u0131nda tan\u0131mlanan \u00f6\u011frenme \u00e7\u0131kt\u0131lar\u0131 ile A2 ila C1 Seviyeleri sunar.<\/p>\t\t\t\t\t\t\t\t<\/div>\n\t\t\t\t<\/div>\n\t\t\t\t\t<\/div>\n\t\t<\/div>\n\t\t\t\t\t<\/div>\n\t\t<\/section>\n\t\t\t\t<section class=\"elementor-section elementor-top-section elementor-element elementor-element-e131066 elementor-section-boxed elementor-section-height-default elementor-section-height-default\" data-id=\"e131066\" data-element_type=\"section\" data-e-type=\"section\">\n\t\t\t\t\t\t<div class=\"elementor-container elementor-column-gap-default\">\n\t\t\t\t\t<div class=\"elementor-column elementor-col-100 elementor-top-column elementor-element elementor-element-dc21c32\" data-id=\"dc21c32\" data-element_type=\"column\" data-e-type=\"column\">\n\t\t\t<div class=\"elementor-widget-wrap elementor-element-populated\">\n\t\t\t\t\t\t<div class=\"elementor-element elementor-element-c073d7a elementor-widget elementor-widget-spacer\" data-id=\"c073d7a\" data-element_type=\"widget\" data-e-type=\"widget\" data-widget_type=\"spacer.default\">\n\t\t\t\t<div class=\"elementor-widget-container\">\n\t\t\t\t\t\t\t<div class=\"elementor-spacer\">\n\t\t\t<div class=\"elementor-spacer-inner\"><\/div>\n\t\t<\/div>\n\t\t\t\t\t\t<\/div>\n\t\t\t\t<\/div>\n\t\t\t\t\t<\/div>\n\t\t<\/div>\n\t\t\t\t\t<\/div>\n\t\t<\/section>\n\t\t\t\t<\/div>\n\t\t","protected":false},"excerpt":{"rendered":"<p>Diller i\u00e7in Avrupa Ortak Referans \u00c7er\u00e7evesi (CEFR) ICE, y\u00fcksek e\u011fitim standartlar\u0131 ve tutarl\u0131l\u0131k sa\u011flamak i\u00e7in kurslar\u0131n\u0131 ve de\u011ferlendirmelerini Avrupa Ortak Dil Referans \u00c7er\u00e7evesi (CEFR) ile uyumlu hale getirir. Bu taahh\u00fct, \u00f6\u011frenci ba\u015far\u0131s\u0131n\u0131 desteklemekte ve QQI kapsam\u0131ndaki akreditasyon kriterlerini kar\u015f\u0131lamaktad\u0131r. Irish College of English&#8217;te (ICE) akademik y\u00f6netim sistemlerimiz, e\u011fitimde m\u00fckemmelli\u011fin en y\u00fcksek standartlar\u0131n\u0131 korumak ve programlar\u0131m\u0131z\u0131n [&hellip;]<\/p>\n","protected":false},"author":3,"featured_media":0,"parent":0,"menu_order":0,"comment_status":"closed","ping_status":"closed","template":"","meta":{"content-type":"","footnotes":""},"class_list":["post-33138","page","type-page","status-publish","hentry"],"yoast_head":"<!-- This site is optimized with the Yoast SEO plugin v27.3 - https:\/\/yoast.com\/product\/yoast-seo-wordpress\/ -->\n<title>Akademik Y\u00f6netim ve Diller i\u00e7in Avrupa Ortak Referans \u00c7er\u00e7evesi (CEFR) ile Uyum - Irish College of English<\/title>\n<meta name=\"robots\" content=\"index, follow, max-snippet:-1, max-image-preview:large, max-video-preview:-1\" \/>\n<link rel=\"canonical\" href=\"https:\/\/www.iceireland.com\/tr\/academic-management-and-alignment-with-the-common-european-framework-of-reference-for-languages-cefr\/\" \/>\n<meta property=\"og:locale\" content=\"tr_TR\" \/>\n<meta property=\"og:type\" content=\"article\" \/>\n<meta property=\"og:title\" content=\"Akademik Y\u00f6netim ve Diller i\u00e7in Avrupa Ortak Referans \u00c7er\u00e7evesi (CEFR) ile Uyum - Irish College of English\" \/>\n<meta property=\"og:description\" content=\"Diller i\u00e7in Avrupa Ortak Referans \u00c7er\u00e7evesi (CEFR) ICE, y\u00fcksek e\u011fitim standartlar\u0131 ve tutarl\u0131l\u0131k sa\u011flamak i\u00e7in kurslar\u0131n\u0131 ve de\u011ferlendirmelerini Avrupa Ortak Dil Referans \u00c7er\u00e7evesi (CEFR) ile uyumlu hale getirir. Bu taahh\u00fct, \u00f6\u011frenci ba\u015far\u0131s\u0131n\u0131 desteklemekte ve QQI kapsam\u0131ndaki akreditasyon kriterlerini kar\u015f\u0131lamaktad\u0131r. Irish College of English&#8217;te (ICE) akademik y\u00f6netim sistemlerimiz, e\u011fitimde m\u00fckemmelli\u011fin en y\u00fcksek standartlar\u0131n\u0131 korumak ve programlar\u0131m\u0131z\u0131n [&hellip;]\" \/>\n<meta property=\"og:url\" content=\"https:\/\/www.iceireland.com\/tr\/academic-management-and-alignment-with-the-common-european-framework-of-reference-for-languages-cefr\/\" \/>\n<meta property=\"og:site_name\" content=\"Irish College of English\" \/>\n<meta property=\"article:modified_time\" content=\"2026-03-13T15:53:50+00:00\" \/>\n<meta property=\"og:image\" content=\"https:\/\/www.iceireland.com\/wp-content\/uploads\/2026\/03\/CEFR-Journey.jpg\" \/>\n\t<meta property=\"og:image:width\" content=\"800\" \/>\n\t<meta property=\"og:image:height\" content=\"1217\" \/>\n\t<meta property=\"og:image:type\" content=\"image\/jpeg\" \/>\n<meta name=\"twitter:label1\" content=\"Tahmini okuma s\u00fcresi\" \/>\n\t<meta name=\"twitter:data1\" content=\"2 dakika\" \/>\n<script type=\"application\/ld+json\" class=\"yoast-schema-graph\">{\"@context\":\"https:\\\/\\\/schema.org\",\"@graph\":[{\"@type\":\"WebPage\",\"@id\":\"https:\\\/\\\/www.iceireland.com\\\/tr\\\/academic-management-and-alignment-with-the-common-european-framework-of-reference-for-languages-cefr\\\/\",\"url\":\"https:\\\/\\\/www.iceireland.com\\\/tr\\\/academic-management-and-alignment-with-the-common-european-framework-of-reference-for-languages-cefr\\\/\",\"name\":\"Akademik Y\u00f6netim ve Diller i\u00e7in Avrupa Ortak Referans \u00c7er\u00e7evesi (CEFR) ile Uyum - Irish College of English\",\"isPartOf\":{\"@id\":\"https:\\\/\\\/www.iceireland.com\\\/tr\\\/#website\"},\"primaryImageOfPage\":{\"@id\":\"https:\\\/\\\/www.iceireland.com\\\/tr\\\/academic-management-and-alignment-with-the-common-european-framework-of-reference-for-languages-cefr\\\/#primaryimage\"},\"image\":{\"@id\":\"https:\\\/\\\/www.iceireland.com\\\/tr\\\/academic-management-and-alignment-with-the-common-european-framework-of-reference-for-languages-cefr\\\/#primaryimage\"},\"thumbnailUrl\":\"https:\\\/\\\/www.iceireland.com\\\/wp-content\\\/uploads\\\/2026\\\/03\\\/CEFR-Journey-673x1024.jpg\",\"datePublished\":\"2024-10-24T09:37:38+00:00\",\"dateModified\":\"2026-03-13T15:53:50+00:00\",\"breadcrumb\":{\"@id\":\"https:\\\/\\\/www.iceireland.com\\\/tr\\\/academic-management-and-alignment-with-the-common-european-framework-of-reference-for-languages-cefr\\\/#breadcrumb\"},\"inLanguage\":\"tr\",\"potentialAction\":[{\"@type\":\"ReadAction\",\"target\":[\"https:\\\/\\\/www.iceireland.com\\\/tr\\\/academic-management-and-alignment-with-the-common-european-framework-of-reference-for-languages-cefr\\\/\"]}]},{\"@type\":\"ImageObject\",\"inLanguage\":\"tr\",\"@id\":\"https:\\\/\\\/www.iceireland.com\\\/tr\\\/academic-management-and-alignment-with-the-common-european-framework-of-reference-for-languages-cefr\\\/#primaryimage\",\"url\":\"https:\\\/\\\/www.iceireland.com\\\/wp-content\\\/uploads\\\/2026\\\/03\\\/CEFR-Journey-673x1024.jpg\",\"contentUrl\":\"https:\\\/\\\/www.iceireland.com\\\/wp-content\\\/uploads\\\/2026\\\/03\\\/CEFR-Journey-673x1024.jpg\"},{\"@type\":\"BreadcrumbList\",\"@id\":\"https:\\\/\\\/www.iceireland.com\\\/tr\\\/academic-management-and-alignment-with-the-common-european-framework-of-reference-for-languages-cefr\\\/#breadcrumb\",\"itemListElement\":[{\"@type\":\"ListItem\",\"position\":1,\"name\":\"Home\",\"item\":\"https:\\\/\\\/www.iceireland.com\\\/tr\\\/\"},{\"@type\":\"ListItem\",\"position\":2,\"name\":\"Akademik Y\u00f6netim ve Diller i\u00e7in Avrupa Ortak Referans \u00c7er\u00e7evesi (CEFR) ile Uyum\"}]},{\"@type\":\"WebSite\",\"@id\":\"https:\\\/\\\/www.iceireland.com\\\/tr\\\/#website\",\"url\":\"https:\\\/\\\/www.iceireland.com\\\/tr\\\/\",\"name\":\"Irish College of English\",\"description\":\"English School in Dublin, Malahide\",\"publisher\":{\"@id\":\"https:\\\/\\\/www.iceireland.com\\\/tr\\\/#organization\"},\"potentialAction\":[{\"@type\":\"SearchAction\",\"target\":{\"@type\":\"EntryPoint\",\"urlTemplate\":\"https:\\\/\\\/www.iceireland.com\\\/tr\\\/?s={search_term_string}\"},\"query-input\":{\"@type\":\"PropertyValueSpecification\",\"valueRequired\":true,\"valueName\":\"search_term_string\"}}],\"inLanguage\":\"tr\"},{\"@type\":\"Organization\",\"@id\":\"https:\\\/\\\/www.iceireland.com\\\/tr\\\/#organization\",\"name\":\"Irish College of English\",\"url\":\"https:\\\/\\\/www.iceireland.com\\\/tr\\\/\",\"logo\":{\"@type\":\"ImageObject\",\"inLanguage\":\"tr\",\"@id\":\"https:\\\/\\\/www.iceireland.com\\\/tr\\\/#\\\/schema\\\/logo\\\/image\\\/\",\"url\":\"https:\\\/\\\/www.iceireland.com\\\/wp-content\\\/uploads\\\/2022\\\/03\\\/logo.png\",\"contentUrl\":\"https:\\\/\\\/www.iceireland.com\\\/wp-content\\\/uploads\\\/2022\\\/03\\\/logo.png\",\"width\":593,\"height\":92,\"caption\":\"Irish College of English\"},\"image\":{\"@id\":\"https:\\\/\\\/www.iceireland.com\\\/tr\\\/#\\\/schema\\\/logo\\\/image\\\/\"}}]}<\/script>\n<!-- \/ Yoast SEO plugin. -->","yoast_head_json":{"title":"Akademik Y\u00f6netim ve Diller i\u00e7in Avrupa Ortak Referans \u00c7er\u00e7evesi (CEFR) ile Uyum - Irish College of English","robots":{"index":"index","follow":"follow","max-snippet":"max-snippet:-1","max-image-preview":"max-image-preview:large","max-video-preview":"max-video-preview:-1"},"canonical":"https:\/\/www.iceireland.com\/tr\/academic-management-and-alignment-with-the-common-european-framework-of-reference-for-languages-cefr\/","og_locale":"tr_TR","og_type":"article","og_title":"Akademik Y\u00f6netim ve Diller i\u00e7in Avrupa Ortak Referans \u00c7er\u00e7evesi (CEFR) ile Uyum - Irish College of English","og_description":"Diller i\u00e7in Avrupa Ortak Referans \u00c7er\u00e7evesi (CEFR) ICE, y\u00fcksek e\u011fitim standartlar\u0131 ve tutarl\u0131l\u0131k sa\u011flamak i\u00e7in kurslar\u0131n\u0131 ve de\u011ferlendirmelerini Avrupa Ortak Dil Referans \u00c7er\u00e7evesi (CEFR) ile uyumlu hale getirir. Bu taahh\u00fct, \u00f6\u011frenci ba\u015far\u0131s\u0131n\u0131 desteklemekte ve QQI kapsam\u0131ndaki akreditasyon kriterlerini kar\u015f\u0131lamaktad\u0131r. Irish College of English&#8217;te (ICE) akademik y\u00f6netim sistemlerimiz, e\u011fitimde m\u00fckemmelli\u011fin en y\u00fcksek standartlar\u0131n\u0131 korumak ve programlar\u0131m\u0131z\u0131n [&hellip;]","og_url":"https:\/\/www.iceireland.com\/tr\/academic-management-and-alignment-with-the-common-european-framework-of-reference-for-languages-cefr\/","og_site_name":"Irish College of English","article_modified_time":"2026-03-13T15:53:50+00:00","og_image":[{"width":800,"height":1217,"url":"https:\/\/www.iceireland.com\/wp-content\/uploads\/2026\/03\/CEFR-Journey.jpg","type":"image\/jpeg"}],"twitter_misc":{"Tahmini okuma s\u00fcresi":"2 dakika"},"schema":{"@context":"https:\/\/schema.org","@graph":[{"@type":"WebPage","@id":"https:\/\/www.iceireland.com\/tr\/academic-management-and-alignment-with-the-common-european-framework-of-reference-for-languages-cefr\/","url":"https:\/\/www.iceireland.com\/tr\/academic-management-and-alignment-with-the-common-european-framework-of-reference-for-languages-cefr\/","name":"Akademik Y\u00f6netim ve Diller i\u00e7in Avrupa Ortak Referans \u00c7er\u00e7evesi (CEFR) ile Uyum - Irish College of English","isPartOf":{"@id":"https:\/\/www.iceireland.com\/tr\/#website"},"primaryImageOfPage":{"@id":"https:\/\/www.iceireland.com\/tr\/academic-management-and-alignment-with-the-common-european-framework-of-reference-for-languages-cefr\/#primaryimage"},"image":{"@id":"https:\/\/www.iceireland.com\/tr\/academic-management-and-alignment-with-the-common-european-framework-of-reference-for-languages-cefr\/#primaryimage"},"thumbnailUrl":"https:\/\/www.iceireland.com\/wp-content\/uploads\/2026\/03\/CEFR-Journey-673x1024.jpg","datePublished":"2024-10-24T09:37:38+00:00","dateModified":"2026-03-13T15:53:50+00:00","breadcrumb":{"@id":"https:\/\/www.iceireland.com\/tr\/academic-management-and-alignment-with-the-common-european-framework-of-reference-for-languages-cefr\/#breadcrumb"},"inLanguage":"tr","potentialAction":[{"@type":"ReadAction","target":["https:\/\/www.iceireland.com\/tr\/academic-management-and-alignment-with-the-common-european-framework-of-reference-for-languages-cefr\/"]}]},{"@type":"ImageObject","inLanguage":"tr","@id":"https:\/\/www.iceireland.com\/tr\/academic-management-and-alignment-with-the-common-european-framework-of-reference-for-languages-cefr\/#primaryimage","url":"https:\/\/www.iceireland.com\/wp-content\/uploads\/2026\/03\/CEFR-Journey-673x1024.jpg","contentUrl":"https:\/\/www.iceireland.com\/wp-content\/uploads\/2026\/03\/CEFR-Journey-673x1024.jpg"},{"@type":"BreadcrumbList","@id":"https:\/\/www.iceireland.com\/tr\/academic-management-and-alignment-with-the-common-european-framework-of-reference-for-languages-cefr\/#breadcrumb","itemListElement":[{"@type":"ListItem","position":1,"name":"Home","item":"https:\/\/www.iceireland.com\/tr\/"},{"@type":"ListItem","position":2,"name":"Akademik Y\u00f6netim ve Diller i\u00e7in Avrupa Ortak Referans \u00c7er\u00e7evesi (CEFR) ile Uyum"}]},{"@type":"WebSite","@id":"https:\/\/www.iceireland.com\/tr\/#website","url":"https:\/\/www.iceireland.com\/tr\/","name":"Irish College of English","description":"English School in Dublin, Malahide","publisher":{"@id":"https:\/\/www.iceireland.com\/tr\/#organization"},"potentialAction":[{"@type":"SearchAction","target":{"@type":"EntryPoint","urlTemplate":"https:\/\/www.iceireland.com\/tr\/?s={search_term_string}"},"query-input":{"@type":"PropertyValueSpecification","valueRequired":true,"valueName":"search_term_string"}}],"inLanguage":"tr"},{"@type":"Organization","@id":"https:\/\/www.iceireland.com\/tr\/#organization","name":"Irish College of English","url":"https:\/\/www.iceireland.com\/tr\/","logo":{"@type":"ImageObject","inLanguage":"tr","@id":"https:\/\/www.iceireland.com\/tr\/#\/schema\/logo\/image\/","url":"https:\/\/www.iceireland.com\/wp-content\/uploads\/2022\/03\/logo.png","contentUrl":"https:\/\/www.iceireland.com\/wp-content\/uploads\/2022\/03\/logo.png","width":593,"height":92,"caption":"Irish College of English"},"image":{"@id":"https:\/\/www.iceireland.com\/tr\/#\/schema\/logo\/image\/"}}]}},"_links":{"self":[{"href":"https:\/\/www.iceireland.com\/tr\/wp-json\/wp\/v2\/pages\/33138","targetHints":{"allow":["GET"]}}],"collection":[{"href":"https:\/\/www.iceireland.com\/tr\/wp-json\/wp\/v2\/pages"}],"about":[{"href":"https:\/\/www.iceireland.com\/tr\/wp-json\/wp\/v2\/types\/page"}],"author":[{"embeddable":true,"href":"https:\/\/www.iceireland.com\/tr\/wp-json\/wp\/v2\/users\/3"}],"replies":[{"embeddable":true,"href":"https:\/\/www.iceireland.com\/tr\/wp-json\/wp\/v2\/comments?post=33138"}],"version-history":[{"count":2,"href":"https:\/\/www.iceireland.com\/tr\/wp-json\/wp\/v2\/pages\/33138\/revisions"}],"predecessor-version":[{"id":35722,"href":"https:\/\/www.iceireland.com\/tr\/wp-json\/wp\/v2\/pages\/33138\/revisions\/35722"}],"wp:attachment":[{"href":"https:\/\/www.iceireland.com\/tr\/wp-json\/wp\/v2\/media?parent=33138"}],"curies":[{"name":"wp","href":"https:\/\/api.w.org\/{rel}","templated":true}]}}