{"id":33147,"date":"2024-08-14T09:14:18","date_gmt":"2024-08-14T09:14:18","guid":{"rendered":"https:\/\/www.iceireland.com\/access-transfer-and-progression-adult-courses\/"},"modified":"2026-01-30T18:26:26","modified_gmt":"2026-01-30T18:26:26","slug":"access-transfer-and-progression-adult-courses","status":"publish","type":"page","link":"https:\/\/www.iceireland.com\/tr\/access-transfer-and-progression-adult-courses\/","title":{"rendered":"Eri\u015fim, Transfer ve \u0130lerleme &#8211; Yeti\u015fkin Kurslar\u0131"},"content":{"rendered":"\t\t<div data-elementor-type=\"wp-page\" data-elementor-id=\"33147\" class=\"elementor elementor-33147 elementor-27311\" data-elementor-post-type=\"page\">\n\t\t\t\t\t\t<section class=\"elementor-section elementor-top-section elementor-element elementor-element-3e74ae5 elementor-section-boxed elementor-section-height-default elementor-section-height-default\" data-id=\"3e74ae5\" data-element_type=\"section\" data-e-type=\"section\">\n\t\t\t\t\t\t<div class=\"elementor-container elementor-column-gap-default\">\n\t\t\t\t\t<div class=\"elementor-column elementor-col-100 elementor-top-column elementor-element elementor-element-f15b9c2\" data-id=\"f15b9c2\" data-element_type=\"column\" data-e-type=\"column\">\n\t\t\t<div class=\"elementor-widget-wrap elementor-element-populated\">\n\t\t\t\t\t\t<div class=\"elementor-element elementor-element-de548c2 elementor-widget elementor-widget-text-editor\" data-id=\"de548c2\" data-element_type=\"widget\" data-e-type=\"widget\" data-widget_type=\"text-editor.default\">\n\t\t\t\t<div class=\"elementor-widget-container\">\n\t\t\t\t\t\t\t\t\t<h2><strong>Eri\u015fim, Transfer ve \u0130lerleme &#8211; Yeti\u015fkin Kurslar\u0131<\/strong><\/h2><p><strong>Eri\u015fim<\/strong><\/p><p>Kabul Kriterleri:<\/p><p>Kabul s\u00fcrecimiz kapsay\u0131c\u0131 ve \u015feffaf olacak \u015fekilde tasarlanm\u0131\u015f olup hem gen\u00e7 hem de yeti\u015fkin \u00f6\u011frenciler i\u00e7in net kriterlere ba\u011fl\u0131 kalarak t\u00fcm ba\u015fvuru sahipleri i\u00e7in f\u0131rsat e\u015fitli\u011fi sa\u011flamaktad\u0131r. Programlar\u0131m\u0131z ve kabul prosed\u00fcrlerimiz hakk\u0131ndaki bilgiler a\u00e7\u0131k bir \u015fekilde iletilmekte ve \u015feffafl\u0131k ve eri\u015filebilirlik sa\u011flanarak muhtemel \u00f6\u011frencilere haz\u0131r hale getirilmektedir. <\/p><ul><li>Kurslar\u0131m\u0131zla ilgili bilgilere web sitemizden ve kay\u0131t ekibimizden ula\u015fabilirsiniz.<\/li><li>\u00d6\u011frenciler\/Ebeveynler\/Veliler veya Grup Organizat\u00f6rleri rezervasyon sistemimiz veya grup sorgulama formumuz arac\u0131l\u0131\u011f\u0131yla \u00e7evrimi\u00e7i olarak ba\u015fvurabilirler<\/li><li>Ayr\u0131ca e-posta veya telefon yoluyla veya Malahide&#8217;deki okulumuzda \u015fahsen do\u011frudan sorular\u0131n\u0131z\u0131 ve ileti\u015fiminizi memnuniyetle kar\u015f\u0131l\u0131yoruz<\/li><li>Bro\u015f\u00fcrler, rezervasyon formlar\u0131 ve ek bilgiler dahil olmak \u00fczere rezervasyon \u00f6ncesi kapsaml\u0131 bilgi sa\u011fl\u0131yoruz.<\/li><\/ul><p>Farkl\u0131 \u00d6\u011freniciler i\u00e7in Destek:<\/p><p>\u00d6\u011frencilere makul kolayl\u0131klar ve destek hizmetleri sa\u011flamay\u0131 taahh\u00fct ediyoruz ve programlar\u0131m\u0131z dahilinde hangi ek ihtiya\u00e7lar\u0131 destekleyebilece\u011fimizi vaka baz\u0131nda de\u011ferlendirece\u011fiz. T\u0131bbi ko\u015fullar ve ek ihtiya\u00e7lar politikam\u0131z web sitemizde QA Manual&#8217;de t\u00fcm payda\u015flar taraf\u0131ndan g\u00f6r\u00fcnt\u00fclenebilir.   <\/p><p> <\/p><p><strong>Transfer<\/strong><\/p><p>\u0130\u00e7 Transfer:<\/p><p>\u00d6\u011frenciler, m\u00fcsaitlik durumuna ve \u00f6\u011frencinin g\u00f6sterdi\u011fi yetene\u011fe ba\u011fl\u0131 olarak kurslar veya seviyeler aras\u0131nda dahili transferler talep edebilir.<\/p><p>D\u0131\u015f Transfer:<\/p><p>Di\u011fer dil okullar\u0131ndan veya kurumlar\u0131ndan bize kat\u0131lan \u00f6\u011frencilerin talepleri, \u00f6nceki dil yeterlili\u011fi ve kapsanan kurs i\u00e7eri\u011fi g\u00f6z \u00f6n\u00fcnde bulundurularak duruma g\u00f6re de\u011ferlendirilecektir.<\/p><p>Transfer Prosed\u00fcrleri:<\/p><p>Ba\u015fka bir programa veya seviyeye ge\u00e7mek isteyen \u00f6\u011frenciler bunu \u00f6\u011fretmenlerine veya kabul\/resepsiyona iletebilir. Akademik M\u00fcd\u00fcr, \u00f6\u011frencinin bu t\u00fcr bir ge\u00e7i\u015f i\u00e7in akademik uygunlu\u011funu ve yerlerle ilgili i\u015flemleri \u00f6\u011fretmeniyle g\u00f6r\u00fc\u015fecek ve gerek\u00e7eleriyle birlikte \u00f6\u011frenciye iletece\u011fi bir karar verecektir. <\/p><p> <\/p><p><strong>\u0130lerleme<\/strong><\/p><p>Akademik \u0130lerleme:<\/p><p>CEFR ile uyumlu kurs hedeflerinin ba\u015far\u0131yla tamamlanmas\u0131na dayal\u0131 olarak \u00f6\u011frencilerin akademik ilerlemesini destekliyoruz.<\/p><p>\u0130lerleme Prosed\u00fcrleri:<\/p><ul><li>D\u00fczenli de\u011ferlendirmeler ve geri bildirimler, CEFR ile uyumlu olarak \u00f6\u011frencinin ilerlemesini takip edecek ve bir \u00f6\u011fretmen bir \u00f6\u011frencinin bir sonraki seviyeye ge\u00e7meye haz\u0131r oldu\u011funa karar verdi\u011finde, bu onlara iletilecek ve bir plan uygulanacakt\u0131r.<\/li><li>\u0130lerlemeye ili\u015fkin yol posterleri \u00f6\u011frencilerin duyuru panolar\u0131nda ve baz\u0131 el kitaplar\u0131nda yer almaktad\u0131r.<\/li><li>Kurs tamamland\u0131\u011f\u0131nda, kursiyerler bir yeterlilik sertifikas\u0131 ve CEFR&#8217;deki &#8216;yapabilirim&#8217; tan\u0131mlay\u0131c\u0131lar\u0131na g\u00f6re ilerlemelerini izleyen bireysel bir rapor al\u0131rlar.<\/li><\/ul><p>Kurs Programlar\u0131n\u0131n Amac\u0131 ve Ama\u00e7lanan \u00d6\u011frenme \u00c7\u0131kt\u0131lar\u0131 her bir kurs program\u0131 i\u00e7in ana hatlar\u0131yla belirtilmi\u015ftir.<\/p>\t\t\t\t\t\t\t\t<\/div>\n\t\t\t\t<\/div>\n\t\t\t\t\t<\/div>\n\t\t<\/div>\n\t\t\t\t\t<\/div>\n\t\t<\/section>\n\t\t\t\t<section class=\"elementor-section elementor-top-section elementor-element elementor-element-e7e679c elementor-section-boxed elementor-section-height-default elementor-section-height-default\" data-id=\"e7e679c\" data-element_type=\"section\" data-e-type=\"section\">\n\t\t\t\t\t\t<div class=\"elementor-container elementor-column-gap-default\">\n\t\t\t\t\t<div class=\"elementor-column elementor-col-100 elementor-top-column elementor-element elementor-element-c46311f\" data-id=\"c46311f\" data-element_type=\"column\" data-e-type=\"column\">\n\t\t\t<div class=\"elementor-widget-wrap elementor-element-populated\">\n\t\t\t\t\t\t<div class=\"elementor-element elementor-element-d944837 elementor-widget elementor-widget-spacer\" data-id=\"d944837\" data-element_type=\"widget\" data-e-type=\"widget\" data-widget_type=\"spacer.default\">\n\t\t\t\t<div class=\"elementor-widget-container\">\n\t\t\t\t\t\t\t<div class=\"elementor-spacer\">\n\t\t\t<div class=\"elementor-spacer-inner\"><\/div>\n\t\t<\/div>\n\t\t\t\t\t\t<\/div>\n\t\t\t\t<\/div>\n\t\t\t\t\t<\/div>\n\t\t<\/div>\n\t\t\t\t\t<\/div>\n\t\t<\/section>\n\t\t\t\t<section class=\"elementor-section elementor-top-section elementor-element elementor-element-8507fe4 elementor-section-boxed elementor-section-height-default elementor-section-height-default\" data-id=\"8507fe4\" data-element_type=\"section\" data-e-type=\"section\">\n\t\t\t\t\t\t<div class=\"elementor-container elementor-column-gap-default\">\n\t\t\t\t\t<div class=\"elementor-column elementor-col-100 elementor-top-column elementor-element elementor-element-5cedeef\" data-id=\"5cedeef\" data-element_type=\"column\" data-e-type=\"column\">\n\t\t\t<div class=\"elementor-widget-wrap elementor-element-populated\">\n\t\t\t\t\t\t<div class=\"elementor-element elementor-element-67ee8c4 elementor-widget elementor-widget-image\" data-id=\"67ee8c4\" data-element_type=\"widget\" data-e-type=\"widget\" data-widget_type=\"image.default\">\n\t\t\t\t<div class=\"elementor-widget-container\">\n\t\t\t\t\t\t\t\t\t\t\t\t\t\t\t<img fetchpriority=\"high\" decoding=\"async\" width=\"800\" height=\"566\" src=\"https:\/\/www.iceireland.com\/wp-content\/uploads\/2025\/11\/Adult-Student-CEFR-pathway-at-ICE-1024x724.png\" class=\"attachment-large size-large wp-image-31623\" alt=\"\" srcset=\"https:\/\/www.iceireland.com\/wp-content\/uploads\/2025\/11\/Adult-Student-CEFR-pathway-at-ICE-1024x724.png 1024w, https:\/\/www.iceireland.com\/wp-content\/uploads\/2025\/11\/Adult-Student-CEFR-pathway-at-ICE-300x212.png 300w, https:\/\/www.iceireland.com\/wp-content\/uploads\/2025\/11\/Adult-Student-CEFR-pathway-at-ICE-768x543.png 768w, https:\/\/www.iceireland.com\/wp-content\/uploads\/2025\/11\/Adult-Student-CEFR-pathway-at-ICE-1536x1086.png 1536w, https:\/\/www.iceireland.com\/wp-content\/uploads\/2025\/11\/Adult-Student-CEFR-pathway-at-ICE-2048x1448.png 2048w\" sizes=\"(max-width: 800px) 100vw, 800px\" \/>\t\t\t\t\t\t\t\t\t\t\t\t\t\t\t<\/div>\n\t\t\t\t<\/div>\n\t\t\t\t\t<\/div>\n\t\t<\/div>\n\t\t\t\t\t<\/div>\n\t\t<\/section>\n\t\t\t\t<section class=\"elementor-section elementor-top-section elementor-element elementor-element-ca5c80e elementor-section-boxed elementor-section-height-default elementor-section-height-default\" data-id=\"ca5c80e\" data-element_type=\"section\" data-e-type=\"section\">\n\t\t\t\t\t\t<div class=\"elementor-container elementor-column-gap-default\">\n\t\t\t\t\t<div class=\"elementor-column elementor-col-100 elementor-top-column elementor-element elementor-element-856ef30\" data-id=\"856ef30\" data-element_type=\"column\" data-e-type=\"column\">\n\t\t\t<div class=\"elementor-widget-wrap elementor-element-populated\">\n\t\t\t\t\t\t<div class=\"elementor-element elementor-element-dc8efe8 elementor-widget elementor-widget-spacer\" data-id=\"dc8efe8\" data-element_type=\"widget\" data-e-type=\"widget\" data-widget_type=\"spacer.default\">\n\t\t\t\t<div class=\"elementor-widget-container\">\n\t\t\t\t\t\t\t<div class=\"elementor-spacer\">\n\t\t\t<div class=\"elementor-spacer-inner\"><\/div>\n\t\t<\/div>\n\t\t\t\t\t\t<\/div>\n\t\t\t\t<\/div>\n\t\t\t\t\t<\/div>\n\t\t<\/div>\n\t\t\t\t\t<\/div>\n\t\t<\/section>\n\t\t\t\t<\/div>\n\t\t","protected":false},"excerpt":{"rendered":"<p>Eri\u015fim, Transfer ve \u0130lerleme &#8211; Yeti\u015fkin Kurslar\u0131 Eri\u015fim Kabul Kriterleri: Kabul s\u00fcrecimiz kapsay\u0131c\u0131 ve \u015feffaf olacak \u015fekilde tasarlanm\u0131\u015f olup hem gen\u00e7 hem de yeti\u015fkin \u00f6\u011frenciler i\u00e7in net kriterlere ba\u011fl\u0131 kalarak t\u00fcm ba\u015fvuru sahipleri i\u00e7in f\u0131rsat e\u015fitli\u011fi sa\u011flamaktad\u0131r. Programlar\u0131m\u0131z ve kabul prosed\u00fcrlerimiz hakk\u0131ndaki bilgiler a\u00e7\u0131k bir \u015fekilde iletilmekte ve \u015feffafl\u0131k ve eri\u015filebilirlik sa\u011flanarak muhtemel \u00f6\u011frencilere haz\u0131r [&hellip;]<\/p>\n","protected":false},"author":3,"featured_media":0,"parent":0,"menu_order":0,"comment_status":"closed","ping_status":"closed","template":"","meta":{"content-type":"","footnotes":""},"class_list":["post-33147","page","type-page","status-publish","hentry"],"yoast_head":"<!-- This site is optimized with the Yoast SEO plugin v27.3 - https:\/\/yoast.com\/product\/yoast-seo-wordpress\/ -->\n<title>Eri\u015fim, Transfer ve \u0130lerleme - Yeti\u015fkin Kurslar\u0131 - Irish College of English<\/title>\n<meta name=\"robots\" content=\"index, follow, max-snippet:-1, max-image-preview:large, max-video-preview:-1\" \/>\n<link rel=\"canonical\" href=\"https:\/\/www.iceireland.com\/tr\/access-transfer-and-progression-adult-courses\/\" \/>\n<meta property=\"og:locale\" content=\"tr_TR\" \/>\n<meta property=\"og:type\" content=\"article\" \/>\n<meta property=\"og:title\" content=\"Eri\u015fim, Transfer ve \u0130lerleme - Yeti\u015fkin Kurslar\u0131 - Irish College of English\" \/>\n<meta property=\"og:description\" content=\"Eri\u015fim, Transfer ve \u0130lerleme &#8211; Yeti\u015fkin Kurslar\u0131 Eri\u015fim Kabul Kriterleri: Kabul s\u00fcrecimiz kapsay\u0131c\u0131 ve \u015feffaf olacak \u015fekilde tasarlanm\u0131\u015f olup hem gen\u00e7 hem de yeti\u015fkin \u00f6\u011frenciler i\u00e7in net kriterlere ba\u011fl\u0131 kalarak t\u00fcm ba\u015fvuru sahipleri i\u00e7in f\u0131rsat e\u015fitli\u011fi sa\u011flamaktad\u0131r. Programlar\u0131m\u0131z ve kabul prosed\u00fcrlerimiz hakk\u0131ndaki bilgiler a\u00e7\u0131k bir \u015fekilde iletilmekte ve \u015feffafl\u0131k ve eri\u015filebilirlik sa\u011flanarak muhtemel \u00f6\u011frencilere haz\u0131r [&hellip;]\" \/>\n<meta property=\"og:url\" content=\"https:\/\/www.iceireland.com\/tr\/access-transfer-and-progression-adult-courses\/\" \/>\n<meta property=\"og:site_name\" content=\"Irish College of English\" \/>\n<meta property=\"article:modified_time\" content=\"2026-01-30T18:26:26+00:00\" \/>\n<meta property=\"og:image\" content=\"https:\/\/www.iceireland.com\/wp-content\/uploads\/2025\/11\/Adult-Student-CEFR-pathway-at-ICE-scaled.png\" \/>\n\t<meta property=\"og:image:width\" content=\"2560\" \/>\n\t<meta property=\"og:image:height\" content=\"1810\" \/>\n\t<meta property=\"og:image:type\" content=\"image\/png\" \/>\n<meta name=\"twitter:label1\" content=\"Tahmini okuma s\u00fcresi\" \/>\n\t<meta name=\"twitter:data1\" content=\"2 dakika\" \/>\n<script type=\"application\/ld+json\" class=\"yoast-schema-graph\">{\"@context\":\"https:\\\/\\\/schema.org\",\"@graph\":[{\"@type\":\"WebPage\",\"@id\":\"https:\\\/\\\/www.iceireland.com\\\/tr\\\/access-transfer-and-progression-adult-courses\\\/\",\"url\":\"https:\\\/\\\/www.iceireland.com\\\/tr\\\/access-transfer-and-progression-adult-courses\\\/\",\"name\":\"Eri\u015fim, Transfer ve \u0130lerleme - Yeti\u015fkin Kurslar\u0131 - Irish College of English\",\"isPartOf\":{\"@id\":\"https:\\\/\\\/www.iceireland.com\\\/tr\\\/#website\"},\"primaryImageOfPage\":{\"@id\":\"https:\\\/\\\/www.iceireland.com\\\/tr\\\/access-transfer-and-progression-adult-courses\\\/#primaryimage\"},\"image\":{\"@id\":\"https:\\\/\\\/www.iceireland.com\\\/tr\\\/access-transfer-and-progression-adult-courses\\\/#primaryimage\"},\"thumbnailUrl\":\"https:\\\/\\\/www.iceireland.com\\\/wp-content\\\/uploads\\\/2025\\\/11\\\/Adult-Student-CEFR-pathway-at-ICE-1024x724.png\",\"datePublished\":\"2024-08-14T09:14:18+00:00\",\"dateModified\":\"2026-01-30T18:26:26+00:00\",\"breadcrumb\":{\"@id\":\"https:\\\/\\\/www.iceireland.com\\\/tr\\\/access-transfer-and-progression-adult-courses\\\/#breadcrumb\"},\"inLanguage\":\"tr\",\"potentialAction\":[{\"@type\":\"ReadAction\",\"target\":[\"https:\\\/\\\/www.iceireland.com\\\/tr\\\/access-transfer-and-progression-adult-courses\\\/\"]}]},{\"@type\":\"ImageObject\",\"inLanguage\":\"tr\",\"@id\":\"https:\\\/\\\/www.iceireland.com\\\/tr\\\/access-transfer-and-progression-adult-courses\\\/#primaryimage\",\"url\":\"https:\\\/\\\/www.iceireland.com\\\/wp-content\\\/uploads\\\/2025\\\/11\\\/Adult-Student-CEFR-pathway-at-ICE-1024x724.png\",\"contentUrl\":\"https:\\\/\\\/www.iceireland.com\\\/wp-content\\\/uploads\\\/2025\\\/11\\\/Adult-Student-CEFR-pathway-at-ICE-1024x724.png\"},{\"@type\":\"BreadcrumbList\",\"@id\":\"https:\\\/\\\/www.iceireland.com\\\/tr\\\/access-transfer-and-progression-adult-courses\\\/#breadcrumb\",\"itemListElement\":[{\"@type\":\"ListItem\",\"position\":1,\"name\":\"Home\",\"item\":\"https:\\\/\\\/www.iceireland.com\\\/tr\\\/\"},{\"@type\":\"ListItem\",\"position\":2,\"name\":\"Eri\u015fim, Transfer ve \u0130lerleme &#8211; Yeti\u015fkin Kurslar\u0131\"}]},{\"@type\":\"WebSite\",\"@id\":\"https:\\\/\\\/www.iceireland.com\\\/tr\\\/#website\",\"url\":\"https:\\\/\\\/www.iceireland.com\\\/tr\\\/\",\"name\":\"Irish College of English\",\"description\":\"English School in Dublin, Malahide\",\"publisher\":{\"@id\":\"https:\\\/\\\/www.iceireland.com\\\/tr\\\/#organization\"},\"potentialAction\":[{\"@type\":\"SearchAction\",\"target\":{\"@type\":\"EntryPoint\",\"urlTemplate\":\"https:\\\/\\\/www.iceireland.com\\\/tr\\\/?s={search_term_string}\"},\"query-input\":{\"@type\":\"PropertyValueSpecification\",\"valueRequired\":true,\"valueName\":\"search_term_string\"}}],\"inLanguage\":\"tr\"},{\"@type\":\"Organization\",\"@id\":\"https:\\\/\\\/www.iceireland.com\\\/tr\\\/#organization\",\"name\":\"Irish College of English\",\"url\":\"https:\\\/\\\/www.iceireland.com\\\/tr\\\/\",\"logo\":{\"@type\":\"ImageObject\",\"inLanguage\":\"tr\",\"@id\":\"https:\\\/\\\/www.iceireland.com\\\/tr\\\/#\\\/schema\\\/logo\\\/image\\\/\",\"url\":\"https:\\\/\\\/www.iceireland.com\\\/wp-content\\\/uploads\\\/2022\\\/03\\\/logo.png\",\"contentUrl\":\"https:\\\/\\\/www.iceireland.com\\\/wp-content\\\/uploads\\\/2022\\\/03\\\/logo.png\",\"width\":593,\"height\":92,\"caption\":\"Irish College of English\"},\"image\":{\"@id\":\"https:\\\/\\\/www.iceireland.com\\\/tr\\\/#\\\/schema\\\/logo\\\/image\\\/\"}}]}<\/script>\n<!-- \/ Yoast SEO plugin. -->","yoast_head_json":{"title":"Eri\u015fim, Transfer ve \u0130lerleme - Yeti\u015fkin Kurslar\u0131 - Irish College of English","robots":{"index":"index","follow":"follow","max-snippet":"max-snippet:-1","max-image-preview":"max-image-preview:large","max-video-preview":"max-video-preview:-1"},"canonical":"https:\/\/www.iceireland.com\/tr\/access-transfer-and-progression-adult-courses\/","og_locale":"tr_TR","og_type":"article","og_title":"Eri\u015fim, Transfer ve \u0130lerleme - Yeti\u015fkin Kurslar\u0131 - Irish College of English","og_description":"Eri\u015fim, Transfer ve \u0130lerleme &#8211; Yeti\u015fkin Kurslar\u0131 Eri\u015fim Kabul Kriterleri: Kabul s\u00fcrecimiz kapsay\u0131c\u0131 ve \u015feffaf olacak \u015fekilde tasarlanm\u0131\u015f olup hem gen\u00e7 hem de yeti\u015fkin \u00f6\u011frenciler i\u00e7in net kriterlere ba\u011fl\u0131 kalarak t\u00fcm ba\u015fvuru sahipleri i\u00e7in f\u0131rsat e\u015fitli\u011fi sa\u011flamaktad\u0131r. Programlar\u0131m\u0131z ve kabul prosed\u00fcrlerimiz hakk\u0131ndaki bilgiler a\u00e7\u0131k bir \u015fekilde iletilmekte ve \u015feffafl\u0131k ve eri\u015filebilirlik sa\u011flanarak muhtemel \u00f6\u011frencilere haz\u0131r [&hellip;]","og_url":"https:\/\/www.iceireland.com\/tr\/access-transfer-and-progression-adult-courses\/","og_site_name":"Irish College of English","article_modified_time":"2026-01-30T18:26:26+00:00","og_image":[{"width":2560,"height":1810,"url":"https:\/\/www.iceireland.com\/wp-content\/uploads\/2025\/11\/Adult-Student-CEFR-pathway-at-ICE-scaled.png","type":"image\/png"}],"twitter_misc":{"Tahmini okuma s\u00fcresi":"2 dakika"},"schema":{"@context":"https:\/\/schema.org","@graph":[{"@type":"WebPage","@id":"https:\/\/www.iceireland.com\/tr\/access-transfer-and-progression-adult-courses\/","url":"https:\/\/www.iceireland.com\/tr\/access-transfer-and-progression-adult-courses\/","name":"Eri\u015fim, Transfer ve \u0130lerleme - Yeti\u015fkin Kurslar\u0131 - Irish College of English","isPartOf":{"@id":"https:\/\/www.iceireland.com\/tr\/#website"},"primaryImageOfPage":{"@id":"https:\/\/www.iceireland.com\/tr\/access-transfer-and-progression-adult-courses\/#primaryimage"},"image":{"@id":"https:\/\/www.iceireland.com\/tr\/access-transfer-and-progression-adult-courses\/#primaryimage"},"thumbnailUrl":"https:\/\/www.iceireland.com\/wp-content\/uploads\/2025\/11\/Adult-Student-CEFR-pathway-at-ICE-1024x724.png","datePublished":"2024-08-14T09:14:18+00:00","dateModified":"2026-01-30T18:26:26+00:00","breadcrumb":{"@id":"https:\/\/www.iceireland.com\/tr\/access-transfer-and-progression-adult-courses\/#breadcrumb"},"inLanguage":"tr","potentialAction":[{"@type":"ReadAction","target":["https:\/\/www.iceireland.com\/tr\/access-transfer-and-progression-adult-courses\/"]}]},{"@type":"ImageObject","inLanguage":"tr","@id":"https:\/\/www.iceireland.com\/tr\/access-transfer-and-progression-adult-courses\/#primaryimage","url":"https:\/\/www.iceireland.com\/wp-content\/uploads\/2025\/11\/Adult-Student-CEFR-pathway-at-ICE-1024x724.png","contentUrl":"https:\/\/www.iceireland.com\/wp-content\/uploads\/2025\/11\/Adult-Student-CEFR-pathway-at-ICE-1024x724.png"},{"@type":"BreadcrumbList","@id":"https:\/\/www.iceireland.com\/tr\/access-transfer-and-progression-adult-courses\/#breadcrumb","itemListElement":[{"@type":"ListItem","position":1,"name":"Home","item":"https:\/\/www.iceireland.com\/tr\/"},{"@type":"ListItem","position":2,"name":"Eri\u015fim, Transfer ve \u0130lerleme &#8211; Yeti\u015fkin Kurslar\u0131"}]},{"@type":"WebSite","@id":"https:\/\/www.iceireland.com\/tr\/#website","url":"https:\/\/www.iceireland.com\/tr\/","name":"Irish College of English","description":"English School in Dublin, Malahide","publisher":{"@id":"https:\/\/www.iceireland.com\/tr\/#organization"},"potentialAction":[{"@type":"SearchAction","target":{"@type":"EntryPoint","urlTemplate":"https:\/\/www.iceireland.com\/tr\/?s={search_term_string}"},"query-input":{"@type":"PropertyValueSpecification","valueRequired":true,"valueName":"search_term_string"}}],"inLanguage":"tr"},{"@type":"Organization","@id":"https:\/\/www.iceireland.com\/tr\/#organization","name":"Irish College of English","url":"https:\/\/www.iceireland.com\/tr\/","logo":{"@type":"ImageObject","inLanguage":"tr","@id":"https:\/\/www.iceireland.com\/tr\/#\/schema\/logo\/image\/","url":"https:\/\/www.iceireland.com\/wp-content\/uploads\/2022\/03\/logo.png","contentUrl":"https:\/\/www.iceireland.com\/wp-content\/uploads\/2022\/03\/logo.png","width":593,"height":92,"caption":"Irish College of English"},"image":{"@id":"https:\/\/www.iceireland.com\/tr\/#\/schema\/logo\/image\/"}}]}},"_links":{"self":[{"href":"https:\/\/www.iceireland.com\/tr\/wp-json\/wp\/v2\/pages\/33147","targetHints":{"allow":["GET"]}}],"collection":[{"href":"https:\/\/www.iceireland.com\/tr\/wp-json\/wp\/v2\/pages"}],"about":[{"href":"https:\/\/www.iceireland.com\/tr\/wp-json\/wp\/v2\/types\/page"}],"author":[{"embeddable":true,"href":"https:\/\/www.iceireland.com\/tr\/wp-json\/wp\/v2\/users\/3"}],"replies":[{"embeddable":true,"href":"https:\/\/www.iceireland.com\/tr\/wp-json\/wp\/v2\/comments?post=33147"}],"version-history":[{"count":1,"href":"https:\/\/www.iceireland.com\/tr\/wp-json\/wp\/v2\/pages\/33147\/revisions"}],"predecessor-version":[{"id":33149,"href":"https:\/\/www.iceireland.com\/tr\/wp-json\/wp\/v2\/pages\/33147\/revisions\/33149"}],"wp:attachment":[{"href":"https:\/\/www.iceireland.com\/tr\/wp-json\/wp\/v2\/media?parent=33147"}],"curies":[{"name":"wp","href":"https:\/\/api.w.org\/{rel}","templated":true}]}}