{"id":33174,"date":"2024-08-14T08:50:50","date_gmt":"2024-08-14T08:50:50","guid":{"rendered":"https:\/\/www.iceireland.com\/course-purpose-intended-learning-outcome-junior-students\/"},"modified":"2026-01-30T18:26:34","modified_gmt":"2026-01-30T18:26:34","slug":"course-purpose-intended-learning-outcome-junior-students","status":"publish","type":"page","link":"https:\/\/www.iceireland.com\/tr\/course-purpose-intended-learning-outcome-junior-students\/","title":{"rendered":"Dersin Amac\u0131 ve Hedeflenen \u00d6\u011frenme \u00c7\u0131kt\u0131s\u0131 &#8211; \u00dc\u00e7\u00fcnc\u00fc S\u0131n\u0131f \u00d6\u011frencileri"},"content":{"rendered":"\t\t<div data-elementor-type=\"wp-page\" data-elementor-id=\"33174\" class=\"elementor elementor-33174 elementor-27291\" data-elementor-post-type=\"page\">\n\t\t\t\t\t\t<section class=\"elementor-section elementor-top-section elementor-element elementor-element-4a5cdd0 elementor-section-boxed elementor-section-height-default elementor-section-height-default\" data-id=\"4a5cdd0\" data-element_type=\"section\" data-e-type=\"section\">\n\t\t\t\t\t\t<div class=\"elementor-container elementor-column-gap-default\">\n\t\t\t\t\t<div class=\"elementor-column elementor-col-100 elementor-top-column elementor-element elementor-element-6d05157\" data-id=\"6d05157\" data-element_type=\"column\" data-e-type=\"column\">\n\t\t\t<div class=\"elementor-widget-wrap elementor-element-populated\">\n\t\t\t\t\t\t<div class=\"elementor-element elementor-element-6115213 elementor-widget elementor-widget-text-editor\" data-id=\"6115213\" data-element_type=\"widget\" data-e-type=\"widget\" data-widget_type=\"text-editor.default\">\n\t\t\t\t<div class=\"elementor-widget-container\">\n\t\t\t\t\t\t\t\t\t<h2>Dersin Amac\u0131 ve Hedeflenen \u00d6\u011frenme \u00c7\u0131kt\u0131lar\u0131 &#8211; Junior Yaz Kamplar\u0131<\/h2><p>Ama\u00e7<\/p><p>Junior Programlar\u0131m\u0131z\u0131n amac\u0131, gen\u00e7 \u00f6\u011frencilere \u0130ngilizce dil becerilerini geli\u015ftirmeleri i\u00e7in ilgi \u00e7ekici ve destekleyici bir ortam sa\u011flamakt\u0131r. Kamp, CEFR \u00f6l\u00e7e\u011fine dayal\u0131 yap\u0131land\u0131r\u0131lm\u0131\u015f bir m\u00fcfredat\u0131 takip ederek, \u00f6\u011frencilerin dil yeterliliklerinde \u00f6l\u00e7\u00fclebilir ilerleme kaydetmelerine yard\u0131mc\u0131 olmay\u0131 ama\u00e7lamaktad\u0131r. Bu programlar sadece \u00f6\u011frencilerin akademik yeteneklerini geli\u015ftirmek i\u00e7in de\u011fil, ayn\u0131 zamanda g\u00fcnl\u00fck durumlarda \u0130ngilizceyi kullanma konusunda \u00f6zg\u00fcvenlerini ve heveslerini art\u0131rmak i\u00e7in tasarlanm\u0131\u015ft\u0131r. Grup tart\u0131\u015fmalar\u0131, rol oyunlar\u0131 ve projeler gibi etkile\u015fimli etkinliklerin yan\u0131 s\u0131ra \u00f6\u011frencileri farkl\u0131 k\u00fclt\u00fcrlere ve bak\u0131\u015f a\u00e7\u0131lar\u0131na maruz b\u0131rakan k\u00fclt\u00fcrleraras\u0131 bir unsurla kamp, b\u00fct\u00fcnsel bir \u00f6\u011frenme deneyimi yaratmay\u0131 ama\u00e7lamaktad\u0131r. Buna ek olarak, ev sahibi ailelerle kalanlar i\u00e7in, dald\u0131rma, \u0130ngilizce pratik yapmak ve k\u00fclt\u00fcrel al\u0131\u015fveri\u015fte bulunmak i\u00e7in otantik f\u0131rsatlar sunacak ve dil ve k\u00fclt\u00fcrel ba\u011flam hakk\u0131ndaki anlay\u0131\u015flar\u0131n\u0131 ve takdirlerini daha da zenginle\u015ftirecektir.    <\/p><p>Her program, deneyimli liderlerimizin \u00f6\u011frencilere ilgi \u00e7ekici yerlere yapt\u0131klar\u0131 ziyaretlerde rehberlik etti\u011fi, deneyimsel \u00f6\u011frenmeyi ve k\u00fclt\u00fcrel takdiri kolayla\u015ft\u0131ran \u00e7e\u015fitli bir etkinlik program\u0131na sahiptir. K\u00fclt\u00fcrel alanlar\u0131n ziyaret edilmesinin yan\u0131 s\u0131ra kampta spor, e\u011flence aktiviteleri ve ekip \u00e7al\u0131\u015fmas\u0131n\u0131, yarat\u0131c\u0131l\u0131\u011f\u0131 ve kat\u0131l\u0131m\u0131 te\u015fvik etmek i\u00e7in tasarlanm\u0131\u015f e\u011flenceli interaktif oturumlar da yer almaktad\u0131r. <\/p><p>Baz\u0131 programlar ek \u00e7al\u0131\u015fma saatleri sunmakta, binicilik veya yelken gibi belirli sporlara odaklanarak belirli bir amaca y\u00f6nelik daha \u00f6zel bir deneyim sa\u011flamaktad\u0131r.<\/p><p> <\/p><p>Ama\u00e7lanan \u00d6\u011frenme \u00c7\u0131kt\u0131lar\u0131<\/p><p>Junior Programlar\u0131m\u0131z i\u00e7in ama\u00e7lanan \u00f6\u011frenme \u00e7\u0131kt\u0131lar\u0131, \u00f6\u011frencilerin becerilerini Avrupa Ortak Dil Referans \u00c7er\u00e7evesi (CEFR) \u00f6l\u00e7e\u011finde ilerleterek \u0130ngilizce yeterliliklerini geli\u015ftirmektir. Dinamik ve s\u00fcr\u00fckleyici bir m\u00fcfredat arac\u0131l\u0131\u011f\u0131yla, \u00f6\u011frenciler okuma, yazma, konu\u015fma ve dinleme becerilerini geli\u015ftirecek, dil yeterliliklerini mevcut CEFR Seviyesine veya giri\u015f seviyelerine ve programdaki s\u00fcrelerine ba\u011fl\u0131 olarak bir sonraki CEFR seviyesine ilerletmeyi hedefleyeceklerdir. Kurs, pratik ileti\u015fim, kelime da\u011farc\u0131\u011f\u0131n\u0131n geni\u015fletilmesi ve gramer do\u011frulu\u011funa odaklanarak \u00f6\u011frencilerin ger\u00e7ek hayat ba\u011flamlar\u0131nda g\u00fcven ve ak\u0131c\u0131l\u0131k kazanmalar\u0131n\u0131 sa\u011flarken \u0130ngilizce diline olan sevgiyi de art\u0131racakt\u0131r.  <\/p>\t\t\t\t\t\t\t\t<\/div>\n\t\t\t\t<\/div>\n\t\t\t\t\t<\/div>\n\t\t<\/div>\n\t\t\t\t\t<\/div>\n\t\t<\/section>\n\t\t\t\t<section class=\"elementor-section elementor-top-section elementor-element elementor-element-5afb7b7 elementor-section-boxed elementor-section-height-default elementor-section-height-default\" data-id=\"5afb7b7\" data-element_type=\"section\" data-e-type=\"section\">\n\t\t\t\t\t\t<div class=\"elementor-container elementor-column-gap-default\">\n\t\t\t\t\t<div class=\"elementor-column elementor-col-100 elementor-top-column elementor-element elementor-element-1810e58\" data-id=\"1810e58\" data-element_type=\"column\" data-e-type=\"column\">\n\t\t\t<div class=\"elementor-widget-wrap elementor-element-populated\">\n\t\t\t\t\t\t<div class=\"elementor-element elementor-element-4d2a221 elementor-widget elementor-widget-spacer\" data-id=\"4d2a221\" data-element_type=\"widget\" data-e-type=\"widget\" data-widget_type=\"spacer.default\">\n\t\t\t\t<div class=\"elementor-widget-container\">\n\t\t\t\t\t\t\t<div class=\"elementor-spacer\">\n\t\t\t<div class=\"elementor-spacer-inner\"><\/div>\n\t\t<\/div>\n\t\t\t\t\t\t<\/div>\n\t\t\t\t<\/div>\n\t\t\t\t\t<\/div>\n\t\t<\/div>\n\t\t\t\t\t<\/div>\n\t\t<\/section>\n\t\t\t\t<\/div>\n\t\t","protected":false},"excerpt":{"rendered":"<p>Dersin Amac\u0131 ve Hedeflenen \u00d6\u011frenme \u00c7\u0131kt\u0131lar\u0131 &#8211; Junior Yaz Kamplar\u0131 Ama\u00e7 Junior Programlar\u0131m\u0131z\u0131n amac\u0131, gen\u00e7 \u00f6\u011frencilere \u0130ngilizce dil becerilerini geli\u015ftirmeleri i\u00e7in ilgi \u00e7ekici ve destekleyici bir ortam sa\u011flamakt\u0131r. Kamp, CEFR \u00f6l\u00e7e\u011fine dayal\u0131 yap\u0131land\u0131r\u0131lm\u0131\u015f bir m\u00fcfredat\u0131 takip ederek, \u00f6\u011frencilerin dil yeterliliklerinde \u00f6l\u00e7\u00fclebilir ilerleme kaydetmelerine yard\u0131mc\u0131 olmay\u0131 ama\u00e7lamaktad\u0131r. Bu programlar sadece \u00f6\u011frencilerin akademik yeteneklerini geli\u015ftirmek i\u00e7in de\u011fil, [&hellip;]<\/p>\n","protected":false},"author":3,"featured_media":0,"parent":0,"menu_order":0,"comment_status":"closed","ping_status":"closed","template":"","meta":{"content-type":"","footnotes":""},"class_list":["post-33174","page","type-page","status-publish","hentry"],"yoast_head":"<!-- This site is optimized with the Yoast SEO plugin v27.3 - https:\/\/yoast.com\/product\/yoast-seo-wordpress\/ -->\n<title>Dersin Amac\u0131 ve Hedeflenen \u00d6\u011frenme \u00c7\u0131kt\u0131s\u0131 - \u00dc\u00e7\u00fcnc\u00fc S\u0131n\u0131f \u00d6\u011frencileri - Irish College of English<\/title>\n<meta name=\"robots\" content=\"index, follow, max-snippet:-1, max-image-preview:large, max-video-preview:-1\" \/>\n<link rel=\"canonical\" href=\"https:\/\/www.iceireland.com\/tr\/course-purpose-intended-learning-outcome-junior-students\/\" \/>\n<meta property=\"og:locale\" content=\"tr_TR\" \/>\n<meta property=\"og:type\" content=\"article\" \/>\n<meta property=\"og:title\" content=\"Dersin Amac\u0131 ve Hedeflenen \u00d6\u011frenme \u00c7\u0131kt\u0131s\u0131 - \u00dc\u00e7\u00fcnc\u00fc S\u0131n\u0131f \u00d6\u011frencileri - Irish College of English\" \/>\n<meta property=\"og:description\" content=\"Dersin Amac\u0131 ve Hedeflenen \u00d6\u011frenme \u00c7\u0131kt\u0131lar\u0131 &#8211; Junior Yaz Kamplar\u0131 Ama\u00e7 Junior Programlar\u0131m\u0131z\u0131n amac\u0131, gen\u00e7 \u00f6\u011frencilere \u0130ngilizce dil becerilerini geli\u015ftirmeleri i\u00e7in ilgi \u00e7ekici ve destekleyici bir ortam sa\u011flamakt\u0131r. Kamp, CEFR \u00f6l\u00e7e\u011fine dayal\u0131 yap\u0131land\u0131r\u0131lm\u0131\u015f bir m\u00fcfredat\u0131 takip ederek, \u00f6\u011frencilerin dil yeterliliklerinde \u00f6l\u00e7\u00fclebilir ilerleme kaydetmelerine yard\u0131mc\u0131 olmay\u0131 ama\u00e7lamaktad\u0131r. Bu programlar sadece \u00f6\u011frencilerin akademik yeteneklerini geli\u015ftirmek i\u00e7in de\u011fil, [&hellip;]\" \/>\n<meta property=\"og:url\" content=\"https:\/\/www.iceireland.com\/tr\/course-purpose-intended-learning-outcome-junior-students\/\" \/>\n<meta property=\"og:site_name\" content=\"Irish College of English\" \/>\n<meta property=\"article:modified_time\" content=\"2026-01-30T18:26:34+00:00\" \/>\n<meta name=\"twitter:label1\" content=\"Tahmini okuma s\u00fcresi\" \/>\n\t<meta name=\"twitter:data1\" content=\"2 dakika\" \/>\n<script type=\"application\/ld+json\" class=\"yoast-schema-graph\">{\"@context\":\"https:\\\/\\\/schema.org\",\"@graph\":[{\"@type\":\"WebPage\",\"@id\":\"https:\\\/\\\/www.iceireland.com\\\/tr\\\/course-purpose-intended-learning-outcome-junior-students\\\/\",\"url\":\"https:\\\/\\\/www.iceireland.com\\\/tr\\\/course-purpose-intended-learning-outcome-junior-students\\\/\",\"name\":\"Dersin Amac\u0131 ve Hedeflenen \u00d6\u011frenme \u00c7\u0131kt\u0131s\u0131 - \u00dc\u00e7\u00fcnc\u00fc S\u0131n\u0131f \u00d6\u011frencileri - Irish College of English\",\"isPartOf\":{\"@id\":\"https:\\\/\\\/www.iceireland.com\\\/tr\\\/#website\"},\"datePublished\":\"2024-08-14T08:50:50+00:00\",\"dateModified\":\"2026-01-30T18:26:34+00:00\",\"breadcrumb\":{\"@id\":\"https:\\\/\\\/www.iceireland.com\\\/tr\\\/course-purpose-intended-learning-outcome-junior-students\\\/#breadcrumb\"},\"inLanguage\":\"tr\",\"potentialAction\":[{\"@type\":\"ReadAction\",\"target\":[\"https:\\\/\\\/www.iceireland.com\\\/tr\\\/course-purpose-intended-learning-outcome-junior-students\\\/\"]}]},{\"@type\":\"BreadcrumbList\",\"@id\":\"https:\\\/\\\/www.iceireland.com\\\/tr\\\/course-purpose-intended-learning-outcome-junior-students\\\/#breadcrumb\",\"itemListElement\":[{\"@type\":\"ListItem\",\"position\":1,\"name\":\"Home\",\"item\":\"https:\\\/\\\/www.iceireland.com\\\/tr\\\/\"},{\"@type\":\"ListItem\",\"position\":2,\"name\":\"Dersin Amac\u0131 ve Hedeflenen \u00d6\u011frenme \u00c7\u0131kt\u0131s\u0131 &#8211; \u00dc\u00e7\u00fcnc\u00fc S\u0131n\u0131f \u00d6\u011frencileri\"}]},{\"@type\":\"WebSite\",\"@id\":\"https:\\\/\\\/www.iceireland.com\\\/tr\\\/#website\",\"url\":\"https:\\\/\\\/www.iceireland.com\\\/tr\\\/\",\"name\":\"Irish College of English\",\"description\":\"English School in Dublin, Malahide\",\"publisher\":{\"@id\":\"https:\\\/\\\/www.iceireland.com\\\/tr\\\/#organization\"},\"potentialAction\":[{\"@type\":\"SearchAction\",\"target\":{\"@type\":\"EntryPoint\",\"urlTemplate\":\"https:\\\/\\\/www.iceireland.com\\\/tr\\\/?s={search_term_string}\"},\"query-input\":{\"@type\":\"PropertyValueSpecification\",\"valueRequired\":true,\"valueName\":\"search_term_string\"}}],\"inLanguage\":\"tr\"},{\"@type\":\"Organization\",\"@id\":\"https:\\\/\\\/www.iceireland.com\\\/tr\\\/#organization\",\"name\":\"Irish College of English\",\"url\":\"https:\\\/\\\/www.iceireland.com\\\/tr\\\/\",\"logo\":{\"@type\":\"ImageObject\",\"inLanguage\":\"tr\",\"@id\":\"https:\\\/\\\/www.iceireland.com\\\/tr\\\/#\\\/schema\\\/logo\\\/image\\\/\",\"url\":\"https:\\\/\\\/www.iceireland.com\\\/wp-content\\\/uploads\\\/2022\\\/03\\\/logo.png\",\"contentUrl\":\"https:\\\/\\\/www.iceireland.com\\\/wp-content\\\/uploads\\\/2022\\\/03\\\/logo.png\",\"width\":593,\"height\":92,\"caption\":\"Irish College of English\"},\"image\":{\"@id\":\"https:\\\/\\\/www.iceireland.com\\\/tr\\\/#\\\/schema\\\/logo\\\/image\\\/\"}}]}<\/script>\n<!-- \/ Yoast SEO plugin. -->","yoast_head_json":{"title":"Dersin Amac\u0131 ve Hedeflenen \u00d6\u011frenme \u00c7\u0131kt\u0131s\u0131 - \u00dc\u00e7\u00fcnc\u00fc S\u0131n\u0131f \u00d6\u011frencileri - Irish College of English","robots":{"index":"index","follow":"follow","max-snippet":"max-snippet:-1","max-image-preview":"max-image-preview:large","max-video-preview":"max-video-preview:-1"},"canonical":"https:\/\/www.iceireland.com\/tr\/course-purpose-intended-learning-outcome-junior-students\/","og_locale":"tr_TR","og_type":"article","og_title":"Dersin Amac\u0131 ve Hedeflenen \u00d6\u011frenme \u00c7\u0131kt\u0131s\u0131 - \u00dc\u00e7\u00fcnc\u00fc S\u0131n\u0131f \u00d6\u011frencileri - Irish College of English","og_description":"Dersin Amac\u0131 ve Hedeflenen \u00d6\u011frenme \u00c7\u0131kt\u0131lar\u0131 &#8211; Junior Yaz Kamplar\u0131 Ama\u00e7 Junior Programlar\u0131m\u0131z\u0131n amac\u0131, gen\u00e7 \u00f6\u011frencilere \u0130ngilizce dil becerilerini geli\u015ftirmeleri i\u00e7in ilgi \u00e7ekici ve destekleyici bir ortam sa\u011flamakt\u0131r. Kamp, CEFR \u00f6l\u00e7e\u011fine dayal\u0131 yap\u0131land\u0131r\u0131lm\u0131\u015f bir m\u00fcfredat\u0131 takip ederek, \u00f6\u011frencilerin dil yeterliliklerinde \u00f6l\u00e7\u00fclebilir ilerleme kaydetmelerine yard\u0131mc\u0131 olmay\u0131 ama\u00e7lamaktad\u0131r. Bu programlar sadece \u00f6\u011frencilerin akademik yeteneklerini geli\u015ftirmek i\u00e7in de\u011fil, [&hellip;]","og_url":"https:\/\/www.iceireland.com\/tr\/course-purpose-intended-learning-outcome-junior-students\/","og_site_name":"Irish College of English","article_modified_time":"2026-01-30T18:26:34+00:00","twitter_misc":{"Tahmini okuma s\u00fcresi":"2 dakika"},"schema":{"@context":"https:\/\/schema.org","@graph":[{"@type":"WebPage","@id":"https:\/\/www.iceireland.com\/tr\/course-purpose-intended-learning-outcome-junior-students\/","url":"https:\/\/www.iceireland.com\/tr\/course-purpose-intended-learning-outcome-junior-students\/","name":"Dersin Amac\u0131 ve Hedeflenen \u00d6\u011frenme \u00c7\u0131kt\u0131s\u0131 - \u00dc\u00e7\u00fcnc\u00fc S\u0131n\u0131f \u00d6\u011frencileri - Irish College of English","isPartOf":{"@id":"https:\/\/www.iceireland.com\/tr\/#website"},"datePublished":"2024-08-14T08:50:50+00:00","dateModified":"2026-01-30T18:26:34+00:00","breadcrumb":{"@id":"https:\/\/www.iceireland.com\/tr\/course-purpose-intended-learning-outcome-junior-students\/#breadcrumb"},"inLanguage":"tr","potentialAction":[{"@type":"ReadAction","target":["https:\/\/www.iceireland.com\/tr\/course-purpose-intended-learning-outcome-junior-students\/"]}]},{"@type":"BreadcrumbList","@id":"https:\/\/www.iceireland.com\/tr\/course-purpose-intended-learning-outcome-junior-students\/#breadcrumb","itemListElement":[{"@type":"ListItem","position":1,"name":"Home","item":"https:\/\/www.iceireland.com\/tr\/"},{"@type":"ListItem","position":2,"name":"Dersin Amac\u0131 ve Hedeflenen \u00d6\u011frenme \u00c7\u0131kt\u0131s\u0131 &#8211; \u00dc\u00e7\u00fcnc\u00fc S\u0131n\u0131f \u00d6\u011frencileri"}]},{"@type":"WebSite","@id":"https:\/\/www.iceireland.com\/tr\/#website","url":"https:\/\/www.iceireland.com\/tr\/","name":"Irish College of English","description":"English School in Dublin, Malahide","publisher":{"@id":"https:\/\/www.iceireland.com\/tr\/#organization"},"potentialAction":[{"@type":"SearchAction","target":{"@type":"EntryPoint","urlTemplate":"https:\/\/www.iceireland.com\/tr\/?s={search_term_string}"},"query-input":{"@type":"PropertyValueSpecification","valueRequired":true,"valueName":"search_term_string"}}],"inLanguage":"tr"},{"@type":"Organization","@id":"https:\/\/www.iceireland.com\/tr\/#organization","name":"Irish College of English","url":"https:\/\/www.iceireland.com\/tr\/","logo":{"@type":"ImageObject","inLanguage":"tr","@id":"https:\/\/www.iceireland.com\/tr\/#\/schema\/logo\/image\/","url":"https:\/\/www.iceireland.com\/wp-content\/uploads\/2022\/03\/logo.png","contentUrl":"https:\/\/www.iceireland.com\/wp-content\/uploads\/2022\/03\/logo.png","width":593,"height":92,"caption":"Irish College of English"},"image":{"@id":"https:\/\/www.iceireland.com\/tr\/#\/schema\/logo\/image\/"}}]}},"_links":{"self":[{"href":"https:\/\/www.iceireland.com\/tr\/wp-json\/wp\/v2\/pages\/33174","targetHints":{"allow":["GET"]}}],"collection":[{"href":"https:\/\/www.iceireland.com\/tr\/wp-json\/wp\/v2\/pages"}],"about":[{"href":"https:\/\/www.iceireland.com\/tr\/wp-json\/wp\/v2\/types\/page"}],"author":[{"embeddable":true,"href":"https:\/\/www.iceireland.com\/tr\/wp-json\/wp\/v2\/users\/3"}],"replies":[{"embeddable":true,"href":"https:\/\/www.iceireland.com\/tr\/wp-json\/wp\/v2\/comments?post=33174"}],"version-history":[{"count":1,"href":"https:\/\/www.iceireland.com\/tr\/wp-json\/wp\/v2\/pages\/33174\/revisions"}],"predecessor-version":[{"id":33176,"href":"https:\/\/www.iceireland.com\/tr\/wp-json\/wp\/v2\/pages\/33174\/revisions\/33176"}],"wp:attachment":[{"href":"https:\/\/www.iceireland.com\/tr\/wp-json\/wp\/v2\/media?parent=33174"}],"curies":[{"name":"wp","href":"https:\/\/api.w.org\/{rel}","templated":true}]}}