{"id":33182,"date":"2024-08-13T15:03:55","date_gmt":"2024-08-13T15:03:55","guid":{"rendered":"https:\/\/www.iceireland.com\/student-support-and-engagement\/"},"modified":"2026-01-30T18:26:41","modified_gmt":"2026-01-30T18:26:41","slug":"student-support-and-engagement","status":"publish","type":"page","link":"https:\/\/www.iceireland.com\/tr\/student-support-and-engagement\/","title":{"rendered":"\u00d6\u011frenci Deste\u011fi ve Kat\u0131l\u0131m\u0131"},"content":{"rendered":"\t\t<div data-elementor-type=\"wp-page\" data-elementor-id=\"33182\" class=\"elementor elementor-33182 elementor-27273\" data-elementor-post-type=\"page\">\n\t\t\t\t\t\t<section class=\"elementor-section elementor-top-section elementor-element elementor-element-1e7adfc elementor-section-boxed elementor-section-height-default elementor-section-height-default\" data-id=\"1e7adfc\" data-element_type=\"section\" data-e-type=\"section\">\n\t\t\t\t\t\t<div class=\"elementor-container elementor-column-gap-default\">\n\t\t\t\t\t<div class=\"elementor-column elementor-col-100 elementor-top-column elementor-element elementor-element-46edb3c\" data-id=\"46edb3c\" data-element_type=\"column\" data-e-type=\"column\">\n\t\t\t<div class=\"elementor-widget-wrap elementor-element-populated\">\n\t\t\t\t\t\t<div class=\"elementor-element elementor-element-bace280 elementor-widget elementor-widget-text-editor\" data-id=\"bace280\" data-element_type=\"widget\" data-e-type=\"widget\" data-widget_type=\"text-editor.default\">\n\t\t\t\t<div class=\"elementor-widget-container\">\n\t\t\t\t\t\t\t\t\t<h2><strong>\u00d6\u011frenci Deste\u011fi ve Kat\u0131l\u0131m\u0131:<\/strong><\/h2><p>ICE, \u00f6\u011frencilerin dil \u00f6\u011frenme hedeflerine ula\u015fmalar\u0131na yard\u0131mc\u0131 olmak i\u00e7in destek hizmetleri sa\u011flamay\u0131 taahh\u00fct eder. Buna akademik dan\u0131\u015fmanl\u0131k, \u00f6zel ders ve \u00f6zel ihtiya\u00e7lar\u0131 olan \u00f6\u011frenciler i\u00e7in ek destek dahildir. CEFR ile uyumlu kurs hedeflerinin ba\u015far\u0131yla tamamlanmas\u0131na dayal\u0131 olarak \u00f6\u011frencilerin akademik ilerlemelerini destekliyoruz.  <\/p><p> <\/p><ul><li>Etkile\u015fimli s\u0131n\u0131f etkinlikleri, grup projeleri ve dil kul\u00fcpleri ve k\u00fclt\u00fcrel etkinlikler gibi m\u00fcfredat d\u0131\u015f\u0131 f\u0131rsatlar arac\u0131l\u0131\u011f\u0131yla \u00f6\u011frencilerin aktif kat\u0131l\u0131m\u0131n\u0131 te\u015fvik ediyoruz.<\/li><li>D\u00fczenli Geri Bildirim: ICE, s\u00fcrekli iyile\u015ftirme \u00e7abalar\u0131n\u0131 bilgilendirmek i\u00e7in \u00f6\u011fretim etkinli\u011fi, kurs i\u00e7eri\u011fi ve genel \u00f6\u011frenme deneyimi hakk\u0131nda geri bildirim arayarak \u00f6\u011frenciler ve \u00f6\u011fretmenler aras\u0131nda a\u00e7\u0131k ileti\u015fimi te\u015fvik eder.<\/li><li>\u0130rlanda&#8217;da ya\u015famak ve etkinlikler de dahil olmak \u00fczere Destek hakk\u0131nda daha fazla bilgi i\u00e7in l\u00fctfen <a href=\"https:\/\/www.iceireland.com\/tr\/useful-information-and-supports\/\">https:\/\/www.iceireland.com\/useful-information-and-supports\/<\/a> adresine bak\u0131n.<\/li><\/ul>\t\t\t\t\t\t\t\t<\/div>\n\t\t\t\t<\/div>\n\t\t\t\t\t<\/div>\n\t\t<\/div>\n\t\t\t\t\t<\/div>\n\t\t<\/section>\n\t\t\t\t<section class=\"elementor-section elementor-top-section elementor-element elementor-element-ed51cea elementor-section-boxed elementor-section-height-default elementor-section-height-default\" data-id=\"ed51cea\" data-element_type=\"section\" data-e-type=\"section\">\n\t\t\t\t\t\t<div class=\"elementor-container elementor-column-gap-default\">\n\t\t\t\t\t<div class=\"elementor-column elementor-col-100 elementor-top-column elementor-element elementor-element-b78c5e0\" data-id=\"b78c5e0\" data-element_type=\"column\" data-e-type=\"column\">\n\t\t\t<div class=\"elementor-widget-wrap elementor-element-populated\">\n\t\t\t\t\t\t<div class=\"elementor-element elementor-element-93c6b21 elementor-widget elementor-widget-spacer\" data-id=\"93c6b21\" data-element_type=\"widget\" data-e-type=\"widget\" data-widget_type=\"spacer.default\">\n\t\t\t\t<div class=\"elementor-widget-container\">\n\t\t\t\t\t\t\t<div class=\"elementor-spacer\">\n\t\t\t<div class=\"elementor-spacer-inner\"><\/div>\n\t\t<\/div>\n\t\t\t\t\t\t<\/div>\n\t\t\t\t<\/div>\n\t\t\t\t\t<\/div>\n\t\t<\/div>\n\t\t\t\t\t<\/div>\n\t\t<\/section>\n\t\t\t\t<\/div>\n\t\t","protected":false},"excerpt":{"rendered":"<p>\u00d6\u011frenci Deste\u011fi ve Kat\u0131l\u0131m\u0131: ICE, \u00f6\u011frencilerin dil \u00f6\u011frenme hedeflerine ula\u015fmalar\u0131na yard\u0131mc\u0131 olmak i\u00e7in destek hizmetleri sa\u011flamay\u0131 taahh\u00fct eder. Buna akademik dan\u0131\u015fmanl\u0131k, \u00f6zel ders ve \u00f6zel ihtiya\u00e7lar\u0131 olan \u00f6\u011frenciler i\u00e7in ek destek dahildir. CEFR ile uyumlu kurs hedeflerinin ba\u015far\u0131yla tamamlanmas\u0131na dayal\u0131 olarak \u00f6\u011frencilerin akademik ilerlemelerini destekliyoruz. Etkile\u015fimli s\u0131n\u0131f etkinlikleri, grup projeleri ve dil kul\u00fcpleri ve k\u00fclt\u00fcrel [&hellip;]<\/p>\n","protected":false},"author":3,"featured_media":0,"parent":0,"menu_order":0,"comment_status":"closed","ping_status":"closed","template":"","meta":{"content-type":"","footnotes":""},"class_list":["post-33182","page","type-page","status-publish","hentry"],"yoast_head":"<!-- This site is optimized with the Yoast SEO plugin v27.3 - https:\/\/yoast.com\/product\/yoast-seo-wordpress\/ -->\n<title>\u00d6\u011frenci Deste\u011fi ve Kat\u0131l\u0131m\u0131 - Irish College of English<\/title>\n<meta name=\"robots\" content=\"index, follow, max-snippet:-1, max-image-preview:large, max-video-preview:-1\" \/>\n<link rel=\"canonical\" href=\"https:\/\/www.iceireland.com\/tr\/student-support-and-engagement\/\" \/>\n<meta property=\"og:locale\" content=\"tr_TR\" \/>\n<meta property=\"og:type\" content=\"article\" \/>\n<meta property=\"og:title\" content=\"\u00d6\u011frenci Deste\u011fi ve Kat\u0131l\u0131m\u0131 - Irish College of English\" \/>\n<meta property=\"og:description\" content=\"\u00d6\u011frenci Deste\u011fi ve Kat\u0131l\u0131m\u0131: ICE, \u00f6\u011frencilerin dil \u00f6\u011frenme hedeflerine ula\u015fmalar\u0131na yard\u0131mc\u0131 olmak i\u00e7in destek hizmetleri sa\u011flamay\u0131 taahh\u00fct eder. Buna akademik dan\u0131\u015fmanl\u0131k, \u00f6zel ders ve \u00f6zel ihtiya\u00e7lar\u0131 olan \u00f6\u011frenciler i\u00e7in ek destek dahildir. CEFR ile uyumlu kurs hedeflerinin ba\u015far\u0131yla tamamlanmas\u0131na dayal\u0131 olarak \u00f6\u011frencilerin akademik ilerlemelerini destekliyoruz. Etkile\u015fimli s\u0131n\u0131f etkinlikleri, grup projeleri ve dil kul\u00fcpleri ve k\u00fclt\u00fcrel [&hellip;]\" \/>\n<meta property=\"og:url\" content=\"https:\/\/www.iceireland.com\/tr\/student-support-and-engagement\/\" \/>\n<meta property=\"og:site_name\" content=\"Irish College of English\" \/>\n<meta property=\"article:modified_time\" content=\"2026-01-30T18:26:41+00:00\" \/>\n<meta name=\"twitter:label1\" content=\"Tahmini okuma s\u00fcresi\" \/>\n\t<meta name=\"twitter:data1\" content=\"1 dakika\" \/>\n<script type=\"application\/ld+json\" class=\"yoast-schema-graph\">{\"@context\":\"https:\\\/\\\/schema.org\",\"@graph\":[{\"@type\":\"WebPage\",\"@id\":\"https:\\\/\\\/www.iceireland.com\\\/tr\\\/student-support-and-engagement\\\/\",\"url\":\"https:\\\/\\\/www.iceireland.com\\\/tr\\\/student-support-and-engagement\\\/\",\"name\":\"\u00d6\u011frenci Deste\u011fi ve Kat\u0131l\u0131m\u0131 - Irish College of English\",\"isPartOf\":{\"@id\":\"https:\\\/\\\/www.iceireland.com\\\/tr\\\/#website\"},\"datePublished\":\"2024-08-13T15:03:55+00:00\",\"dateModified\":\"2026-01-30T18:26:41+00:00\",\"breadcrumb\":{\"@id\":\"https:\\\/\\\/www.iceireland.com\\\/tr\\\/student-support-and-engagement\\\/#breadcrumb\"},\"inLanguage\":\"tr\",\"potentialAction\":[{\"@type\":\"ReadAction\",\"target\":[\"https:\\\/\\\/www.iceireland.com\\\/tr\\\/student-support-and-engagement\\\/\"]}]},{\"@type\":\"BreadcrumbList\",\"@id\":\"https:\\\/\\\/www.iceireland.com\\\/tr\\\/student-support-and-engagement\\\/#breadcrumb\",\"itemListElement\":[{\"@type\":\"ListItem\",\"position\":1,\"name\":\"Home\",\"item\":\"https:\\\/\\\/www.iceireland.com\\\/tr\\\/\"},{\"@type\":\"ListItem\",\"position\":2,\"name\":\"\u00d6\u011frenci Deste\u011fi ve Kat\u0131l\u0131m\u0131\"}]},{\"@type\":\"WebSite\",\"@id\":\"https:\\\/\\\/www.iceireland.com\\\/tr\\\/#website\",\"url\":\"https:\\\/\\\/www.iceireland.com\\\/tr\\\/\",\"name\":\"Irish College of English\",\"description\":\"English School in Dublin, Malahide\",\"publisher\":{\"@id\":\"https:\\\/\\\/www.iceireland.com\\\/tr\\\/#organization\"},\"potentialAction\":[{\"@type\":\"SearchAction\",\"target\":{\"@type\":\"EntryPoint\",\"urlTemplate\":\"https:\\\/\\\/www.iceireland.com\\\/tr\\\/?s={search_term_string}\"},\"query-input\":{\"@type\":\"PropertyValueSpecification\",\"valueRequired\":true,\"valueName\":\"search_term_string\"}}],\"inLanguage\":\"tr\"},{\"@type\":\"Organization\",\"@id\":\"https:\\\/\\\/www.iceireland.com\\\/tr\\\/#organization\",\"name\":\"Irish College of English\",\"url\":\"https:\\\/\\\/www.iceireland.com\\\/tr\\\/\",\"logo\":{\"@type\":\"ImageObject\",\"inLanguage\":\"tr\",\"@id\":\"https:\\\/\\\/www.iceireland.com\\\/tr\\\/#\\\/schema\\\/logo\\\/image\\\/\",\"url\":\"https:\\\/\\\/www.iceireland.com\\\/wp-content\\\/uploads\\\/2022\\\/03\\\/logo.png\",\"contentUrl\":\"https:\\\/\\\/www.iceireland.com\\\/wp-content\\\/uploads\\\/2022\\\/03\\\/logo.png\",\"width\":593,\"height\":92,\"caption\":\"Irish College of English\"},\"image\":{\"@id\":\"https:\\\/\\\/www.iceireland.com\\\/tr\\\/#\\\/schema\\\/logo\\\/image\\\/\"}}]}<\/script>\n<!-- \/ Yoast SEO plugin. -->","yoast_head_json":{"title":"\u00d6\u011frenci Deste\u011fi ve Kat\u0131l\u0131m\u0131 - Irish College of English","robots":{"index":"index","follow":"follow","max-snippet":"max-snippet:-1","max-image-preview":"max-image-preview:large","max-video-preview":"max-video-preview:-1"},"canonical":"https:\/\/www.iceireland.com\/tr\/student-support-and-engagement\/","og_locale":"tr_TR","og_type":"article","og_title":"\u00d6\u011frenci Deste\u011fi ve Kat\u0131l\u0131m\u0131 - Irish College of English","og_description":"\u00d6\u011frenci Deste\u011fi ve Kat\u0131l\u0131m\u0131: ICE, \u00f6\u011frencilerin dil \u00f6\u011frenme hedeflerine ula\u015fmalar\u0131na yard\u0131mc\u0131 olmak i\u00e7in destek hizmetleri sa\u011flamay\u0131 taahh\u00fct eder. Buna akademik dan\u0131\u015fmanl\u0131k, \u00f6zel ders ve \u00f6zel ihtiya\u00e7lar\u0131 olan \u00f6\u011frenciler i\u00e7in ek destek dahildir. CEFR ile uyumlu kurs hedeflerinin ba\u015far\u0131yla tamamlanmas\u0131na dayal\u0131 olarak \u00f6\u011frencilerin akademik ilerlemelerini destekliyoruz. Etkile\u015fimli s\u0131n\u0131f etkinlikleri, grup projeleri ve dil kul\u00fcpleri ve k\u00fclt\u00fcrel [&hellip;]","og_url":"https:\/\/www.iceireland.com\/tr\/student-support-and-engagement\/","og_site_name":"Irish College of English","article_modified_time":"2026-01-30T18:26:41+00:00","twitter_misc":{"Tahmini okuma s\u00fcresi":"1 dakika"},"schema":{"@context":"https:\/\/schema.org","@graph":[{"@type":"WebPage","@id":"https:\/\/www.iceireland.com\/tr\/student-support-and-engagement\/","url":"https:\/\/www.iceireland.com\/tr\/student-support-and-engagement\/","name":"\u00d6\u011frenci Deste\u011fi ve Kat\u0131l\u0131m\u0131 - Irish College of English","isPartOf":{"@id":"https:\/\/www.iceireland.com\/tr\/#website"},"datePublished":"2024-08-13T15:03:55+00:00","dateModified":"2026-01-30T18:26:41+00:00","breadcrumb":{"@id":"https:\/\/www.iceireland.com\/tr\/student-support-and-engagement\/#breadcrumb"},"inLanguage":"tr","potentialAction":[{"@type":"ReadAction","target":["https:\/\/www.iceireland.com\/tr\/student-support-and-engagement\/"]}]},{"@type":"BreadcrumbList","@id":"https:\/\/www.iceireland.com\/tr\/student-support-and-engagement\/#breadcrumb","itemListElement":[{"@type":"ListItem","position":1,"name":"Home","item":"https:\/\/www.iceireland.com\/tr\/"},{"@type":"ListItem","position":2,"name":"\u00d6\u011frenci Deste\u011fi ve Kat\u0131l\u0131m\u0131"}]},{"@type":"WebSite","@id":"https:\/\/www.iceireland.com\/tr\/#website","url":"https:\/\/www.iceireland.com\/tr\/","name":"Irish College of English","description":"English School in Dublin, Malahide","publisher":{"@id":"https:\/\/www.iceireland.com\/tr\/#organization"},"potentialAction":[{"@type":"SearchAction","target":{"@type":"EntryPoint","urlTemplate":"https:\/\/www.iceireland.com\/tr\/?s={search_term_string}"},"query-input":{"@type":"PropertyValueSpecification","valueRequired":true,"valueName":"search_term_string"}}],"inLanguage":"tr"},{"@type":"Organization","@id":"https:\/\/www.iceireland.com\/tr\/#organization","name":"Irish College of English","url":"https:\/\/www.iceireland.com\/tr\/","logo":{"@type":"ImageObject","inLanguage":"tr","@id":"https:\/\/www.iceireland.com\/tr\/#\/schema\/logo\/image\/","url":"https:\/\/www.iceireland.com\/wp-content\/uploads\/2022\/03\/logo.png","contentUrl":"https:\/\/www.iceireland.com\/wp-content\/uploads\/2022\/03\/logo.png","width":593,"height":92,"caption":"Irish College of English"},"image":{"@id":"https:\/\/www.iceireland.com\/tr\/#\/schema\/logo\/image\/"}}]}},"_links":{"self":[{"href":"https:\/\/www.iceireland.com\/tr\/wp-json\/wp\/v2\/pages\/33182","targetHints":{"allow":["GET"]}}],"collection":[{"href":"https:\/\/www.iceireland.com\/tr\/wp-json\/wp\/v2\/pages"}],"about":[{"href":"https:\/\/www.iceireland.com\/tr\/wp-json\/wp\/v2\/types\/page"}],"author":[{"embeddable":true,"href":"https:\/\/www.iceireland.com\/tr\/wp-json\/wp\/v2\/users\/3"}],"replies":[{"embeddable":true,"href":"https:\/\/www.iceireland.com\/tr\/wp-json\/wp\/v2\/comments?post=33182"}],"version-history":[{"count":1,"href":"https:\/\/www.iceireland.com\/tr\/wp-json\/wp\/v2\/pages\/33182\/revisions"}],"predecessor-version":[{"id":33184,"href":"https:\/\/www.iceireland.com\/tr\/wp-json\/wp\/v2\/pages\/33182\/revisions\/33184"}],"wp:attachment":[{"href":"https:\/\/www.iceireland.com\/tr\/wp-json\/wp\/v2\/media?parent=33182"}],"curies":[{"name":"wp","href":"https:\/\/api.w.org\/{rel}","templated":true}]}}