{"id":33191,"date":"2024-08-13T14:18:49","date_gmt":"2024-08-13T14:18:49","guid":{"rendered":"https:\/\/www.iceireland.com\/course-purpose-intended-learning-outcomes-adult-courses\/"},"modified":"2026-01-30T18:26:41","modified_gmt":"2026-01-30T18:26:41","slug":"course-purpose-intended-learning-outcomes-adult-courses","status":"publish","type":"page","link":"https:\/\/www.iceireland.com\/tr\/course-purpose-intended-learning-outcomes-adult-courses\/","title":{"rendered":"Kurs Amac\u0131 ve Hedeflenen \u00d6\u011frenme \u00c7\u0131kt\u0131lar\u0131 &#8211; Yeti\u015fkin Kurslar\u0131"},"content":{"rendered":"\t\t<div data-elementor-type=\"wp-page\" data-elementor-id=\"33191\" class=\"elementor elementor-33191 elementor-27245\" data-elementor-post-type=\"page\">\n\t\t\t\t\t\t<section class=\"elementor-section elementor-top-section elementor-element elementor-element-edee056 elementor-section-boxed elementor-section-height-default elementor-section-height-default\" data-id=\"edee056\" data-element_type=\"section\" data-e-type=\"section\">\n\t\t\t\t\t\t<div class=\"elementor-container elementor-column-gap-default\">\n\t\t\t\t\t<div class=\"elementor-column elementor-col-100 elementor-top-column elementor-element elementor-element-7b200fb\" data-id=\"7b200fb\" data-element_type=\"column\" data-e-type=\"column\">\n\t\t\t<div class=\"elementor-widget-wrap elementor-element-populated\">\n\t\t\t\t\t\t<div class=\"elementor-element elementor-element-05f6122 elementor-widget elementor-widget-text-editor\" data-id=\"05f6122\" data-element_type=\"widget\" data-e-type=\"widget\" data-widget_type=\"text-editor.default\">\n\t\t\t\t<div class=\"elementor-widget-container\">\n\t\t\t\t\t\t\t\t\t<h2>Kurs Amac\u0131 ve Hedeflenen \u00d6\u011frenme \u00c7\u0131kt\u0131lar\u0131 &#8211; Yeti\u015fkin Kurslar\u0131<\/h2><p> <\/p><p>Ama\u00e7<\/p><p>Yeti\u015fkinlere y\u00f6nelik kurslar\u0131m\u0131z\u0131n amac\u0131, yeti\u015fkin \u00f6\u011frencilere \u0130ngilizce dil becerilerini geli\u015ftirmeleri i\u00e7in kapsaml\u0131 ve esnek bir ortam sa\u011flamakt\u0131r. CEFR \u00f6l\u00e7e\u011fine dayal\u0131 yap\u0131land\u0131r\u0131lm\u0131\u015f bir m\u00fcfredat\u0131 takip eden kurs, kat\u0131l\u0131mc\u0131lar\u0131n \u00e7e\u015fitli ki\u015fisel ve mesleki hedeflere hitap ederek dil yeterliliklerinde \u00f6l\u00e7\u00fclebilir ilerleme kaydetmelerine yard\u0131mc\u0131 olmay\u0131 ama\u00e7lamaktad\u0131r. \u00d6ncelikli hedefimiz \u00f6\u011frencilerimizin \u0130ngilizce&#8217;de etkili ileti\u015fim kurma becerilerini geli\u015ftirmek olsa da, ayn\u0131 zamanda \u00f6\u011frencileri i\u015fyeri, \u00fcniversite programlar\u0131 ve sosyal entegrasyon i\u00e7in gerekli dil becerileriyle donatmaya odaklan\u0131yoruz. Yeti\u015fkinler, programlar\u0131n\u0131n yo\u011funlu\u011funu art\u0131rmalar\u0131na olanak tan\u0131yan ekstra bire bir e\u011fitim eklemek i\u00e7in programlar\u0131n\u0131 uyarlayabilirler. Yeti\u015fkinler ayr\u0131ca yeti\u015fkin sosyal ve etkinlik programlar\u0131m\u0131za kat\u0131larak deneyimlerine k\u00fclt\u00fcrleraras\u0131 ve gezi unsurlar\u0131 ekleyebilirler. Ek olarak, program yerel ev sahipleriyle kalma se\u00e7ene\u011fi sunarak \u0130ngilizce pratik yapmak ve k\u00fclt\u00fcrel dald\u0131rma deneyimi ya\u015famak i\u00e7in otantik f\u0131rsatlar sa\u011flar ve ger\u00e7ek d\u00fcnya ba\u011flamlar\u0131nda dilin genel anlay\u0131\u015f\u0131n\u0131 ve takdirini geli\u015ftirir.     <\/p><p> <\/p><p>Ama\u00e7lanan \u00d6\u011frenme \u00c7\u0131kt\u0131lar\u0131<\/p><p>Yeti\u015fkinlere y\u00f6nelik \u0130ngilizce dil kursumuzun ama\u00e7lanan \u00f6\u011frenme \u00e7\u0131kt\u0131lar\u0131, \u00f6\u011frencilerin \u00e7e\u015fitli ba\u011flamlarda etkili ileti\u015fimi kolayla\u015ft\u0131racak \u015fekilde dile kapsaml\u0131 ve pratik bir \u015fekilde hakim olmalar\u0131n\u0131 sa\u011flamakt\u0131r. Kursun sonunda, \u00f6\u011frenciler kendi CEFR seviyelerine uygun olarak dinleme, konu\u015fma, okuma ve yazma konular\u0131nda geli\u015fmi\u015f yeterlilik g\u00f6sterebilmelidir. G\u00fcnl\u00fck konu\u015fmalar\u0131 anlamak ve bunlara kat\u0131lmak, d\u00fc\u015f\u00fcncelerini ve fikirlerini net bir \u015fekilde ifade etmek ve \u00e7e\u015fitli karma\u015f\u0131kl\u0131ktaki yaz\u0131l\u0131 metinleri anlamak i\u00e7in donan\u0131ml\u0131 olacaklard\u0131r. Ayr\u0131ca, \u00f6\u011frenciler yeterlilik seviyelerine uygun olarak e-postalar, raporlar ve denemeler de dahil olmak \u00fczere tutarl\u0131 ve yap\u0131land\u0131r\u0131lm\u0131\u015f metinler yazma becerisini geli\u015ftireceklerdir.   <\/p><p>Kurs, dil becerilerinin \u00f6tesinde, \u00f6\u011frencilerin k\u00fclt\u00fcrel yeterliliklerini ve \u0130ngilizce konu\u015fulan ortamlarda sosyal ve profesyonel ortamlarda gezinme becerilerini geli\u015ftirmeyi ama\u00e7lamaktad\u0131r. \u00d6\u011frenciler, k\u00fclt\u00fcrel normlar, deyimsel ifadeler ve ba\u011flama \u00f6zg\u00fc dil kullan\u0131m\u0131 hakk\u0131nda bilgi sahibi olacak ve bu da daha etkili ve g\u00fcvenli bir \u015fekilde etkile\u015fimde bulunmalar\u0131n\u0131 sa\u011flayacakt\u0131r. Kurs ayr\u0131ca, \u00f6\u011frencilere kelime bilgisi ve ileti\u015fim becerileri kazand\u0131rarak istihdam edilebilirliklerini art\u0131rmay\u0131 ve b\u00f6ylece daha fazla kariyer f\u0131rsat\u0131 sunmay\u0131 ama\u00e7lamaktad\u0131r. Genel olarak, kurs, \u0130ngilizce dil yeterlili\u011fi ve k\u00fclt\u00fcrel anlay\u0131\u015fta sa\u011flam bir temel olu\u015fturarak \u00f6\u011frencileri ki\u015fisel, mesleki ve akademik hedeflerine ula\u015fmalar\u0131 i\u00e7in g\u00fc\u00e7lendirmeyi ama\u00e7lamaktad\u0131r.   <\/p>\t\t\t\t\t\t\t\t<\/div>\n\t\t\t\t<\/div>\n\t\t\t\t\t<\/div>\n\t\t<\/div>\n\t\t\t\t\t<\/div>\n\t\t<\/section>\n\t\t\t\t<\/div>\n\t\t","protected":false},"excerpt":{"rendered":"<p>Kurs Amac\u0131 ve Hedeflenen \u00d6\u011frenme \u00c7\u0131kt\u0131lar\u0131 &#8211; Yeti\u015fkin Kurslar\u0131 Ama\u00e7 Yeti\u015fkinlere y\u00f6nelik kurslar\u0131m\u0131z\u0131n amac\u0131, yeti\u015fkin \u00f6\u011frencilere \u0130ngilizce dil becerilerini geli\u015ftirmeleri i\u00e7in kapsaml\u0131 ve esnek bir ortam sa\u011flamakt\u0131r. CEFR \u00f6l\u00e7e\u011fine dayal\u0131 yap\u0131land\u0131r\u0131lm\u0131\u015f bir m\u00fcfredat\u0131 takip eden kurs, kat\u0131l\u0131mc\u0131lar\u0131n \u00e7e\u015fitli ki\u015fisel ve mesleki hedeflere hitap ederek dil yeterliliklerinde \u00f6l\u00e7\u00fclebilir ilerleme kaydetmelerine yard\u0131mc\u0131 olmay\u0131 ama\u00e7lamaktad\u0131r. \u00d6ncelikli hedefimiz \u00f6\u011frencilerimizin [&hellip;]<\/p>\n","protected":false},"author":3,"featured_media":0,"parent":0,"menu_order":0,"comment_status":"closed","ping_status":"closed","template":"","meta":{"content-type":"","footnotes":""},"class_list":["post-33191","page","type-page","status-publish","hentry"],"yoast_head":"<!-- This site is optimized with the Yoast SEO plugin v27.3 - https:\/\/yoast.com\/product\/yoast-seo-wordpress\/ -->\n<title>Kurs Amac\u0131 ve Hedeflenen \u00d6\u011frenme \u00c7\u0131kt\u0131lar\u0131 - Yeti\u015fkin Kurslar\u0131 - Irish College of English<\/title>\n<meta name=\"robots\" content=\"index, follow, max-snippet:-1, max-image-preview:large, max-video-preview:-1\" \/>\n<link rel=\"canonical\" href=\"https:\/\/www.iceireland.com\/tr\/course-purpose-intended-learning-outcomes-adult-courses\/\" \/>\n<meta property=\"og:locale\" content=\"tr_TR\" \/>\n<meta property=\"og:type\" content=\"article\" \/>\n<meta property=\"og:title\" content=\"Kurs Amac\u0131 ve Hedeflenen \u00d6\u011frenme \u00c7\u0131kt\u0131lar\u0131 - Yeti\u015fkin Kurslar\u0131 - Irish College of English\" \/>\n<meta property=\"og:description\" content=\"Kurs Amac\u0131 ve Hedeflenen \u00d6\u011frenme \u00c7\u0131kt\u0131lar\u0131 &#8211; Yeti\u015fkin Kurslar\u0131 Ama\u00e7 Yeti\u015fkinlere y\u00f6nelik kurslar\u0131m\u0131z\u0131n amac\u0131, yeti\u015fkin \u00f6\u011frencilere \u0130ngilizce dil becerilerini geli\u015ftirmeleri i\u00e7in kapsaml\u0131 ve esnek bir ortam sa\u011flamakt\u0131r. CEFR \u00f6l\u00e7e\u011fine dayal\u0131 yap\u0131land\u0131r\u0131lm\u0131\u015f bir m\u00fcfredat\u0131 takip eden kurs, kat\u0131l\u0131mc\u0131lar\u0131n \u00e7e\u015fitli ki\u015fisel ve mesleki hedeflere hitap ederek dil yeterliliklerinde \u00f6l\u00e7\u00fclebilir ilerleme kaydetmelerine yard\u0131mc\u0131 olmay\u0131 ama\u00e7lamaktad\u0131r. \u00d6ncelikli hedefimiz \u00f6\u011frencilerimizin [&hellip;]\" \/>\n<meta property=\"og:url\" content=\"https:\/\/www.iceireland.com\/tr\/course-purpose-intended-learning-outcomes-adult-courses\/\" \/>\n<meta property=\"og:site_name\" content=\"Irish College of English\" \/>\n<meta property=\"article:modified_time\" content=\"2026-01-30T18:26:41+00:00\" \/>\n<meta name=\"twitter:label1\" content=\"Tahmini okuma s\u00fcresi\" \/>\n\t<meta name=\"twitter:data1\" content=\"2 dakika\" \/>\n<script type=\"application\/ld+json\" class=\"yoast-schema-graph\">{\"@context\":\"https:\\\/\\\/schema.org\",\"@graph\":[{\"@type\":\"WebPage\",\"@id\":\"https:\\\/\\\/www.iceireland.com\\\/tr\\\/course-purpose-intended-learning-outcomes-adult-courses\\\/\",\"url\":\"https:\\\/\\\/www.iceireland.com\\\/tr\\\/course-purpose-intended-learning-outcomes-adult-courses\\\/\",\"name\":\"Kurs Amac\u0131 ve Hedeflenen \u00d6\u011frenme \u00c7\u0131kt\u0131lar\u0131 - Yeti\u015fkin Kurslar\u0131 - Irish College of English\",\"isPartOf\":{\"@id\":\"https:\\\/\\\/www.iceireland.com\\\/tr\\\/#website\"},\"datePublished\":\"2024-08-13T14:18:49+00:00\",\"dateModified\":\"2026-01-30T18:26:41+00:00\",\"breadcrumb\":{\"@id\":\"https:\\\/\\\/www.iceireland.com\\\/tr\\\/course-purpose-intended-learning-outcomes-adult-courses\\\/#breadcrumb\"},\"inLanguage\":\"tr\",\"potentialAction\":[{\"@type\":\"ReadAction\",\"target\":[\"https:\\\/\\\/www.iceireland.com\\\/tr\\\/course-purpose-intended-learning-outcomes-adult-courses\\\/\"]}]},{\"@type\":\"BreadcrumbList\",\"@id\":\"https:\\\/\\\/www.iceireland.com\\\/tr\\\/course-purpose-intended-learning-outcomes-adult-courses\\\/#breadcrumb\",\"itemListElement\":[{\"@type\":\"ListItem\",\"position\":1,\"name\":\"Home\",\"item\":\"https:\\\/\\\/www.iceireland.com\\\/tr\\\/\"},{\"@type\":\"ListItem\",\"position\":2,\"name\":\"Kurs Amac\u0131 ve Hedeflenen \u00d6\u011frenme \u00c7\u0131kt\u0131lar\u0131 &#8211; Yeti\u015fkin Kurslar\u0131\"}]},{\"@type\":\"WebSite\",\"@id\":\"https:\\\/\\\/www.iceireland.com\\\/tr\\\/#website\",\"url\":\"https:\\\/\\\/www.iceireland.com\\\/tr\\\/\",\"name\":\"Irish College of English\",\"description\":\"English School in Dublin, Malahide\",\"publisher\":{\"@id\":\"https:\\\/\\\/www.iceireland.com\\\/tr\\\/#organization\"},\"potentialAction\":[{\"@type\":\"SearchAction\",\"target\":{\"@type\":\"EntryPoint\",\"urlTemplate\":\"https:\\\/\\\/www.iceireland.com\\\/tr\\\/?s={search_term_string}\"},\"query-input\":{\"@type\":\"PropertyValueSpecification\",\"valueRequired\":true,\"valueName\":\"search_term_string\"}}],\"inLanguage\":\"tr\"},{\"@type\":\"Organization\",\"@id\":\"https:\\\/\\\/www.iceireland.com\\\/tr\\\/#organization\",\"name\":\"Irish College of English\",\"url\":\"https:\\\/\\\/www.iceireland.com\\\/tr\\\/\",\"logo\":{\"@type\":\"ImageObject\",\"inLanguage\":\"tr\",\"@id\":\"https:\\\/\\\/www.iceireland.com\\\/tr\\\/#\\\/schema\\\/logo\\\/image\\\/\",\"url\":\"https:\\\/\\\/www.iceireland.com\\\/wp-content\\\/uploads\\\/2022\\\/03\\\/logo.png\",\"contentUrl\":\"https:\\\/\\\/www.iceireland.com\\\/wp-content\\\/uploads\\\/2022\\\/03\\\/logo.png\",\"width\":593,\"height\":92,\"caption\":\"Irish College of English\"},\"image\":{\"@id\":\"https:\\\/\\\/www.iceireland.com\\\/tr\\\/#\\\/schema\\\/logo\\\/image\\\/\"}}]}<\/script>\n<!-- \/ Yoast SEO plugin. -->","yoast_head_json":{"title":"Kurs Amac\u0131 ve Hedeflenen \u00d6\u011frenme \u00c7\u0131kt\u0131lar\u0131 - Yeti\u015fkin Kurslar\u0131 - Irish College of English","robots":{"index":"index","follow":"follow","max-snippet":"max-snippet:-1","max-image-preview":"max-image-preview:large","max-video-preview":"max-video-preview:-1"},"canonical":"https:\/\/www.iceireland.com\/tr\/course-purpose-intended-learning-outcomes-adult-courses\/","og_locale":"tr_TR","og_type":"article","og_title":"Kurs Amac\u0131 ve Hedeflenen \u00d6\u011frenme \u00c7\u0131kt\u0131lar\u0131 - Yeti\u015fkin Kurslar\u0131 - Irish College of English","og_description":"Kurs Amac\u0131 ve Hedeflenen \u00d6\u011frenme \u00c7\u0131kt\u0131lar\u0131 &#8211; Yeti\u015fkin Kurslar\u0131 Ama\u00e7 Yeti\u015fkinlere y\u00f6nelik kurslar\u0131m\u0131z\u0131n amac\u0131, yeti\u015fkin \u00f6\u011frencilere \u0130ngilizce dil becerilerini geli\u015ftirmeleri i\u00e7in kapsaml\u0131 ve esnek bir ortam sa\u011flamakt\u0131r. CEFR \u00f6l\u00e7e\u011fine dayal\u0131 yap\u0131land\u0131r\u0131lm\u0131\u015f bir m\u00fcfredat\u0131 takip eden kurs, kat\u0131l\u0131mc\u0131lar\u0131n \u00e7e\u015fitli ki\u015fisel ve mesleki hedeflere hitap ederek dil yeterliliklerinde \u00f6l\u00e7\u00fclebilir ilerleme kaydetmelerine yard\u0131mc\u0131 olmay\u0131 ama\u00e7lamaktad\u0131r. \u00d6ncelikli hedefimiz \u00f6\u011frencilerimizin [&hellip;]","og_url":"https:\/\/www.iceireland.com\/tr\/course-purpose-intended-learning-outcomes-adult-courses\/","og_site_name":"Irish College of English","article_modified_time":"2026-01-30T18:26:41+00:00","twitter_misc":{"Tahmini okuma s\u00fcresi":"2 dakika"},"schema":{"@context":"https:\/\/schema.org","@graph":[{"@type":"WebPage","@id":"https:\/\/www.iceireland.com\/tr\/course-purpose-intended-learning-outcomes-adult-courses\/","url":"https:\/\/www.iceireland.com\/tr\/course-purpose-intended-learning-outcomes-adult-courses\/","name":"Kurs Amac\u0131 ve Hedeflenen \u00d6\u011frenme \u00c7\u0131kt\u0131lar\u0131 - Yeti\u015fkin Kurslar\u0131 - Irish College of English","isPartOf":{"@id":"https:\/\/www.iceireland.com\/tr\/#website"},"datePublished":"2024-08-13T14:18:49+00:00","dateModified":"2026-01-30T18:26:41+00:00","breadcrumb":{"@id":"https:\/\/www.iceireland.com\/tr\/course-purpose-intended-learning-outcomes-adult-courses\/#breadcrumb"},"inLanguage":"tr","potentialAction":[{"@type":"ReadAction","target":["https:\/\/www.iceireland.com\/tr\/course-purpose-intended-learning-outcomes-adult-courses\/"]}]},{"@type":"BreadcrumbList","@id":"https:\/\/www.iceireland.com\/tr\/course-purpose-intended-learning-outcomes-adult-courses\/#breadcrumb","itemListElement":[{"@type":"ListItem","position":1,"name":"Home","item":"https:\/\/www.iceireland.com\/tr\/"},{"@type":"ListItem","position":2,"name":"Kurs Amac\u0131 ve Hedeflenen \u00d6\u011frenme \u00c7\u0131kt\u0131lar\u0131 &#8211; Yeti\u015fkin Kurslar\u0131"}]},{"@type":"WebSite","@id":"https:\/\/www.iceireland.com\/tr\/#website","url":"https:\/\/www.iceireland.com\/tr\/","name":"Irish College of English","description":"English School in Dublin, Malahide","publisher":{"@id":"https:\/\/www.iceireland.com\/tr\/#organization"},"potentialAction":[{"@type":"SearchAction","target":{"@type":"EntryPoint","urlTemplate":"https:\/\/www.iceireland.com\/tr\/?s={search_term_string}"},"query-input":{"@type":"PropertyValueSpecification","valueRequired":true,"valueName":"search_term_string"}}],"inLanguage":"tr"},{"@type":"Organization","@id":"https:\/\/www.iceireland.com\/tr\/#organization","name":"Irish College of English","url":"https:\/\/www.iceireland.com\/tr\/","logo":{"@type":"ImageObject","inLanguage":"tr","@id":"https:\/\/www.iceireland.com\/tr\/#\/schema\/logo\/image\/","url":"https:\/\/www.iceireland.com\/wp-content\/uploads\/2022\/03\/logo.png","contentUrl":"https:\/\/www.iceireland.com\/wp-content\/uploads\/2022\/03\/logo.png","width":593,"height":92,"caption":"Irish College of English"},"image":{"@id":"https:\/\/www.iceireland.com\/tr\/#\/schema\/logo\/image\/"}}]}},"_links":{"self":[{"href":"https:\/\/www.iceireland.com\/tr\/wp-json\/wp\/v2\/pages\/33191","targetHints":{"allow":["GET"]}}],"collection":[{"href":"https:\/\/www.iceireland.com\/tr\/wp-json\/wp\/v2\/pages"}],"about":[{"href":"https:\/\/www.iceireland.com\/tr\/wp-json\/wp\/v2\/types\/page"}],"author":[{"embeddable":true,"href":"https:\/\/www.iceireland.com\/tr\/wp-json\/wp\/v2\/users\/3"}],"replies":[{"embeddable":true,"href":"https:\/\/www.iceireland.com\/tr\/wp-json\/wp\/v2\/comments?post=33191"}],"version-history":[{"count":1,"href":"https:\/\/www.iceireland.com\/tr\/wp-json\/wp\/v2\/pages\/33191\/revisions"}],"predecessor-version":[{"id":33192,"href":"https:\/\/www.iceireland.com\/tr\/wp-json\/wp\/v2\/pages\/33191\/revisions\/33192"}],"wp:attachment":[{"href":"https:\/\/www.iceireland.com\/tr\/wp-json\/wp\/v2\/media?parent=33191"}],"curies":[{"name":"wp","href":"https:\/\/api.w.org\/{rel}","templated":true}]}}