{"id":33270,"date":"2024-04-30T09:25:48","date_gmt":"2024-04-30T09:25:48","guid":{"rendered":"https:\/\/www.iceireland.com\/ayp-students-information\/"},"modified":"2026-01-30T18:27:13","modified_gmt":"2026-01-30T18:27:13","slug":"ayp-students-information","status":"publish","type":"page","link":"https:\/\/www.iceireland.com\/tr\/ayp-students-information\/","title":{"rendered":"AYP \u00d6\u011frenci Bilgileri"},"content":{"rendered":"\t\t<div data-elementor-type=\"wp-page\" data-elementor-id=\"33270\" class=\"elementor elementor-33270 elementor-26655\" data-elementor-post-type=\"page\">\n\t\t\t\t\t\t<section class=\"elementor-section elementor-top-section elementor-element elementor-element-243d41d elementor-section-boxed elementor-section-height-default elementor-section-height-default\" data-id=\"243d41d\" data-element_type=\"section\" data-e-type=\"section\">\n\t\t\t\t\t\t<div class=\"elementor-container elementor-column-gap-default\">\n\t\t\t\t\t<div class=\"elementor-column elementor-col-100 elementor-top-column elementor-element elementor-element-676ff18\" data-id=\"676ff18\" data-element_type=\"column\" data-e-type=\"column\">\n\t\t\t<div class=\"elementor-widget-wrap elementor-element-populated\">\n\t\t\t\t\t\t<div class=\"elementor-element elementor-element-bbd609a elementor-widget elementor-widget-heading\" data-id=\"bbd609a\" data-element_type=\"widget\" data-e-type=\"widget\" data-widget_type=\"heading.default\">\n\t\t\t\t<div class=\"elementor-widget-container\">\n\t\t\t\t\t<h2 class=\"elementor-heading-title elementor-size-default\">AYP \u00d6\u011frenci Bilgileri<\/h2>\t\t\t\t<\/div>\n\t\t\t\t<\/div>\n\t\t\t\t\t<\/div>\n\t\t<\/div>\n\t\t\t\t\t<\/div>\n\t\t<\/section>\n\t\t\t\t<section class=\"elementor-section elementor-top-section elementor-element elementor-element-063f3d2 elementor-section-boxed elementor-section-height-default elementor-section-height-default\" data-id=\"063f3d2\" data-element_type=\"section\" data-e-type=\"section\">\n\t\t\t\t\t\t<div class=\"elementor-container elementor-column-gap-default\">\n\t\t\t\t\t<div class=\"elementor-column elementor-col-100 elementor-top-column elementor-element elementor-element-13de86c\" data-id=\"13de86c\" data-element_type=\"column\" data-e-type=\"column\">\n\t\t\t<div class=\"elementor-widget-wrap elementor-element-populated\">\n\t\t\t\t\t\t<div class=\"elementor-element elementor-element-d1f6baf elementor-widget elementor-widget-text-editor\" data-id=\"d1f6baf\" data-element_type=\"widget\" data-e-type=\"widget\" data-widget_type=\"text-editor.default\">\n\t\t\t\t<div class=\"elementor-widget-container\">\n\t\t\t\t\t\t\t\t\t<p>Akademik Y\u0131l Program\u0131, AEA \u00fcyesi olmayan \u00f6\u011frenciler i\u00e7in 35 haftal\u0131k bir kurstur (25 kurs haftas\u0131). Bu kurs, Ge\u00e7ici Uygun Programlar Listesinde (ILEP) yer almaktad\u0131r ve hem \u00e7al\u0131\u015f\u0131p hem de okumak isteyen AEA d\u0131\u015f\u0131 \u00f6\u011frenciler i\u00e7in uygundur \u00d6\u011frenciler kurslar\u0131n\u0131n sonunda tan\u0131nan bir s\u0131nava (IELTS) girerler. <\/p><p> <\/p><p><strong>\u0130\u015f ve Tatiller<\/strong><\/p><p>Akademik Y\u0131l \u00d6\u011frenciler, dersleri s\u00fcresince haftada 20 saate kadar, Haziran-Eyl\u00fcl ve 15 Aral\u0131k-15 Ocak tarihleri aras\u0131ndaki tatillerde ise haftada 40 saate kadar \u00e7al\u0131\u015fabilirler.  <\/p><p>\u00d6\u011frenciler 8 ayl\u0131k bir d\u00f6nemde 25 ders haftas\u0131n\u0131 tamamlamak zorundad\u0131r. Kalan 10 hafta tatil d\u00f6nemidir. Noel tatili i\u00e7in 3 haftal\u0131k zorunlu bir tatil vard\u0131r, tatilin geri kalan\u0131 25 kurs haftas\u0131 tamamland\u0131\u011f\u0131nda al\u0131nacakt\u0131r. \u00d6\u011frencinin bu d\u00f6nemler d\u0131\u015f\u0131nda yapmak istedi\u011fi tatiller ilk kurs haftas\u0131nda rezerve edilmelidir.     <\/p><p> <\/p><p><strong><em>Kurs Detaylar\u0131<\/em><\/strong><em> <\/em><\/p><p><strong><em>Akademik Y\u0131l Program\u0131: Genel \u0130ngilizce + IELTS<\/em><\/strong><em> <\/em><\/p><ul><li><em>25 haftal\u0131k e\u011fitim<\/em><\/li><li><em>Haftada 15 saat<\/em><\/li><li><em>Max. S\u0131n\u0131f ba\u015f\u0131na 15 \u00f6\u011frenci<\/em><\/li><li><em>Minimum Ya\u015f: 18<\/em><\/li><\/ul><p><em> <\/em><\/p><p><strong>L\u00fctfen dikkat<\/strong>: 30 Haziran 2025 tarihinden itibaren, vize zorunlulu\u011fu olmayan \u00fclke vatanda\u015flar\u0131 i\u00e7in mali destek kan\u0131t\u0131 tutarlar\u0131, vize zorunlulu\u011fu olan \u00fclke vatanda\u015flar\u0131 ile uyumlu olacak \u015fekilde a\u015fa\u011f\u0131da belirtildi\u011fi gibi artacakt\u0131r.<\/p><ul><li>8 ay veya daha k\u0131sa s\u00fcreli ikamet ile sonu\u00e7lanan kurslar i\u00e7in ayl\u0131k 833 Avro veya toplam 6.665 Avro.<\/li><\/ul><p><strong><em>Seviyeler<\/em><\/strong><\/p><p><em> <\/em><\/p><table><tbody><tr><td width=\"208\"><p><strong><em>Giri\u015f Seviyesi<\/em><\/strong><\/p><p><strong><em> <\/em><\/strong><\/p><\/td><td width=\"208\"><p><strong><em>Beklenen \u00c7\u0131k\u0131\u015f Seviyesi<\/em><\/strong><\/p><p><strong><em> <\/em><\/strong><\/p><\/td><td width=\"208\"><p><strong><em>S\u0131nav Se\u00e7enekleri<\/em><\/strong><\/p><p><strong><em> <\/em><\/strong><\/p><\/td><\/tr><tr><td width=\"208\"><p><em>Pre-Intermediate (A2)  <\/em><\/p><p><em> <\/em><\/p><\/td><td width=\"208\"><p><em>Orta Seviye (B1)<\/em><\/p><\/td><td width=\"208\"><p><em>Cambridge PET<\/em><\/p><\/td><\/tr><tr><td width=\"208\"><p><em>Orta Seviye (B1)<\/em><\/p><p><em> <\/em><\/p><\/td><td width=\"208\"><p><em>\u00dcst-Orta D\u00fczey (B2)<\/em><\/p><\/td><td width=\"208\"><p><em>IELTS  <\/em><\/p><\/td><\/tr><tr><td width=\"208\"><p><em>\u00dcst-Orta D\u00fczey (B2)<\/em><\/p><p><em> <\/em><\/p><\/td><td width=\"208\"><p><em>\u0130leri D\u00fczey (C1)<\/em><\/p><\/td><td width=\"208\"><p><em>IELTS<\/em><\/p><\/td><\/tr><tr><td width=\"208\"><p><em>\u0130leri D\u00fczey (C1)<\/em><\/p><p><em> <\/em><\/p><\/td><td width=\"208\"><p><em>\u0130leri D\u00fczey (C1)<\/em><\/p><\/td><td width=\"208\"><p><em>IELTS<\/em><\/p><\/td><\/tr><\/tbody><\/table><p><em>Bizimkini al <\/em><a href=\"https:\/\/iceireland.typeform.com\/to\/J4KRFk\">\u00c7evrimi\u00e7i Test<\/a> <em>ve seviyenizi onaylayaca\u011f\u0131z.<\/em><\/p><p> <\/p><p><strong><em>S\u0131n\u0131f Zaman \u00c7izelgesi: <\/em><\/strong>Pazartesi &#8211; Cuma: Sabah 9.15 &#8211; 12.30<\/p><p><strong>Noel Tatili 2025<\/strong>: 15 Aral\u0131k &#8211; 2 Ocak<\/p><p><strong>Resmi Tatiller 2025<\/strong>: 3 \u015eubat, 17 Mart, 21 Nisan, 5 May\u0131s, 2 Haziran, 4 A\u011fustos, 27 Ekim<\/p><p> <\/p><p><strong><em>Kurs \u00dccretleri<\/em><\/strong><em> <\/em><\/p><p><em>Kurs \u00fccreti: 3710 \u20ac<\/em><em> <\/em><\/p><p><em>\u00dccretler dahildir:<\/em><em> <\/em><\/p><ul><li>25 haftal\u0131k e\u011fitim<\/li><li>Kay\u0131t<\/li><li>Kurs Kitab\u0131<\/li><li>Sa\u011fl\u0131k Sigortas\u0131<\/li><li>\u00d6\u011frencinin Korunmas\u0131<\/li><li>IELTS<\/li><\/ul><p><em> <\/em><\/p><p><em> <\/em><\/p><p><strong><em>S\u0131navlar<\/em><em> <\/em><\/strong><\/p><p>\u00d6\u011frenciler kursun sonunda IELTS s\u0131nav\u0131na gireceklerdir.<\/p><p> <\/p><p><strong><em>Kat\u0131l\u0131m<\/em><\/strong><em> <\/em><\/p><p>\u00d6\u011frencilerin %85 devaml\u0131l\u0131k d\u00fczeyini korumalar\u0131 gerekmektedir.<em> <\/em><\/p><p><em> <\/em><\/p><p><strong><em>\u0130\u015f ve Tatiller<\/em><\/strong><em> <\/em><\/p><p>Akademik Y\u0131l \u00f6\u011frencileri 8 ayl\u0131k bir d\u00f6nemde 25 ders haftas\u0131n\u0131 tamamlamak zorundad\u0131r. Kalan 10 hafta tatil d\u00f6nemidir. <\/p><p>Noel tatili i\u00e7in 3 haftal\u0131k zorunlu bir tatil vard\u0131r, tatilin geri kalan\u0131 25 kurs haftas\u0131n\u0131n tamamlanmas\u0131yla al\u0131nacakt\u0131r, bir \u00f6\u011frencinin bu d\u00f6nemler d\u0131\u015f\u0131nda almak istedi\u011fi herhangi bir tatil, ilk kurs haftas\u0131nda rezerve edilmelidir.<\/p><p>Akademik Y\u0131l \u00f6\u011frencileri kurs s\u00fcresince haftada 20 saat, Haziran-Eyl\u00fcl ve <sup>15<\/sup> <sup>Aral\u0131k-15<\/sup> Ocak tarihleri aras\u0131ndaki tatillerde ise haftada 40 saat \u00e7al\u0131\u015fma hakk\u0131na sahiptir.<\/p><p><em> <\/em><\/p><p><strong><em>Konaklama<\/em><\/strong><em> <\/em><\/p><p>Malahide&#8217;de veya Malahide&#8217;nin yan\u0131ndaki \u00e7evre kasabalardan birinde, okuldan 10 ila 30 dakikal\u0131k otob\u00fcs\/tren yolculu\u011fu mesafesinde ev sahibi aile konaklamas\u0131 ayarlayabiliriz. \u00dccret haftal\u0131k 280 \u20ac olup, t\u00fcm yemekler dahildir. Ev sahibi aile konaklamas\u0131 m\u00fcsaitlik durumuna ba\u011fl\u0131d\u0131r, maksimum 4 haftal\u0131k ilk rezervasyon.  <\/p><p><em>  Bu kurs  <\/em><\/p>\t\t\t\t\t\t\t\t<\/div>\n\t\t\t\t<\/div>\n\t\t\t\t\t<\/div>\n\t\t<\/div>\n\t\t\t\t\t<\/div>\n\t\t<\/section>\n\t\t\t\t<section class=\"elementor-section elementor-top-section elementor-element elementor-element-2c19fd8 elementor-section-boxed elementor-section-height-default elementor-section-height-default\" data-id=\"2c19fd8\" data-element_type=\"section\" data-e-type=\"section\">\n\t\t\t\t\t\t<div class=\"elementor-container elementor-column-gap-default\">\n\t\t\t\t\t<div class=\"elementor-column elementor-col-100 elementor-top-column elementor-element elementor-element-8322d7f\" data-id=\"8322d7f\" data-element_type=\"column\" data-e-type=\"column\">\n\t\t\t<div class=\"elementor-widget-wrap elementor-element-populated\">\n\t\t\t\t\t\t<div class=\"elementor-element elementor-element-7a47391 elementor-widget elementor-widget-text-editor\" data-id=\"7a47391\" data-element_type=\"widget\" data-e-type=\"widget\" data-widget_type=\"text-editor.default\">\n\t\t\t\t<div class=\"elementor-widget-container\">\n\t\t\t\t\t\t\t\t\t<div class=\"fusion-text fusion-text-5\"><p><strong>ILEP<\/strong><\/p><p>Ge\u00e7ici Uygun Programlar Listesi (ILEP), \u0130rlanda Adalet ve G\u00f6\u00e7menlik Bakanl\u0131\u011f\u0131 taraf\u0131ndan bir araya getirilen onayl\u0131 y\u00fcksek\u00f6\u011fretim programlar\u0131n\u0131n bir listesidir.<\/p><p>ILEP&#8217;te yer almayan e\u011fitim sa\u011flay\u0131c\u0131lar\u0131, AEA \u00fcyesi olmayan \u00f6\u011frencilere kurs veremez.  <span style=\"color: var( --e-global-color-text ); font-family: var( --e-global-typography-text-font-family ), Sans-serif; font-weight: var( --e-global-typography-text-font-weight );\">AEA vatanda\u015f\u0131 olmayan ve 90 g\u00fcnden fazla e\u011fitim almak isteyen ki\u015filerin ILEP&#8217;de listelenen bir kursa kaydolmalar\u0131 gerekmektedir. Kurs, yar\u0131 zamanl\u0131 veya uzaktan e\u011fitim program\u0131 de\u011fil, tam zamanl\u0131 bir g\u00fcnd\u00fcz program\u0131 olmal\u0131d\u0131r. <\/span><\/p><p>\u00dcniversiteler, kolejler ve \u0130ngilizce dil okullar\u0131 da dahil olmak \u00fczere t\u00fcm e\u011fitim sa\u011flay\u0131c\u0131lar\u0131, kurslar\u0131n\u0131n ILEP&#8217;e dahil edilmesi i\u00e7in belirli standartlar\u0131 ve gereklilikleri kar\u015f\u0131lamal\u0131d\u0131r.<\/p><p>\u00d6rne\u011fin, e\u011fitim sa\u011flay\u0131c\u0131lar\u0131 a\u015fa\u011f\u0131dakiler i\u00e7in yeterli politikalara sahip olmal\u0131d\u0131r:<\/p><ul><li>\u00d6\u011frenci vizenizin reddedilmesi durumunda \u00f6\u011frenci \u00fccretlerinin ve di\u011fer \u00f6demelerin iade edilmesi<\/li><li>Derse kat\u0131l\u0131m\u0131n ve dakikli\u011fin izlenmesi<\/li><li>Devams\u0131zl\u0131k ve okuldan at\u0131lma ile ba\u015fa \u00e7\u0131kma<\/li><li>\u00d6\u011frenci hastal\u0131k izni<\/li><li>\u00d6\u011frenci tatilleri ve ara tatiller<\/li><li>\u00d6\u011frencilerin program sonu s\u0131navlar\u0131na kaydedilmesi<\/li><li>\u00d6\u011frenci de\u011ferlendirmeleri ve s\u0131navlar<\/li><\/ul><p>Bunlara ek olarak, t\u00fcm e\u011fitim sa\u011flay\u0131c\u0131lar\u0131 \u00f6\u011frencileri i\u00e7in Kay\u0131tl\u0131 \u00d6\u011frenicilerin Korunmas\u0131 olarak da bilinen \u00f6\u011frenici korumas\u0131 sa\u011flamal\u0131d\u0131r. Bu, kursunuzun zaman\u0131ndan \u00f6nce sona ermesi halinde e\u011fitiminize ba\u015fka bir yerde devam etmeniz ya da masraflar\u0131n\u0131z ve \u00fccretleriniz i\u00e7in geri \u00f6deme alman\u0131z i\u00e7in \u00f6nlemler al\u0131naca\u011f\u0131 anlam\u0131na gelir. <\/p><p>Se\u00e7ti\u011finiz e\u011fitim sa\u011flay\u0131c\u0131s\u0131ndan ald\u0131\u011f\u0131n\u0131z kabul mektubunda, \u00f6\u011frenci koruma anla\u015fmalar\u0131yla korundu\u011funuz a\u00e7\u0131k\u00e7a belirtilmelidir. \u00d6\u011frenci koruma d\u00fczenlemeleri bir sigorta program\u0131 arac\u0131l\u0131\u011f\u0131yla yap\u0131l\u0131yorsa, e\u011fitim sa\u011flay\u0131c\u0131n\u0131z size kapsam dahilinde oldu\u011funuzu g\u00f6steren bir \u00f6\u011frenci koruma belgesi vermelidir. <\/p><p>ILEP&#8217;ten bir \u0130ngilizce dil kursuna kay\u0131tl\u0131ysan\u0131z, size bir kereye mahsus olmak \u00fczere sekiz aya kadar g\u00f6\u00e7menlik izni verilebilir.  <span style=\"color: var( --e-global-color-text ); font-family: var( --e-global-typography-text-font-family ), Sans-serif; font-weight: var( --e-global-typography-text-font-weight );\">Toplamda 24 ayl\u0131k g\u00f6\u00e7menlik izni i\u00e7in her biri sekiz ay s\u00fcreli olmak \u00fczere en fazla \u00fc\u00e7 \u0130ngilizce dil kursuna kat\u0131labilirsiniz.<\/span><\/p><p>\u00d6\u011frenci izninizi her seferinde yenilemek i\u00e7in devam ko\u015fullar\u0131n\u0131 yerine getirmeniz ve ald\u0131\u011f\u0131n\u0131z her kurs i\u00e7in bir program sonu s\u0131nav\u0131na girmeniz gerekece\u011fini unutmay\u0131n.<\/p><p>G\u00f6\u00e7menlik izniniz sona erdikten sonra \u00f6\u011frenci olarak kalmak istiyorsan\u0131z, ILEP&#8217;de listelenen bir y\u00fcksek\u00f6\u011fretim program\u0131na kaydolman\u0131z gerekir.<\/p><p data-wahfont=\"19\">Bu <strong><a role=\"link\" href=\"https:\/\/www.irishimmigration.ie\/coming-to-study-in-ireland\/what-are-my-study-options\/a-third-level-course-or-a-language-course\/\" data-wahfont=\"19\">Uygun Programlar\u0131n Ge\u00e7ici Listesi (ILEP)<\/a><\/strong> onayl\u0131 programlar\u0131n g\u00fcncel listesini i\u00e7erir.<\/p><p data-wahfont=\"19\">Onaylanm\u0131\u015f bir e\u011fitim kursuna kaydolduktan sonra, \u0130rlanda&#8217;da e\u011fitim g\u00f6rmek i\u00e7in g\u00f6\u00e7menlik izni ba\u015fvurusunda bulunabilirsiniz.  <span style=\"color: var( --e-global-color-text ); font-family: var( --e-global-typography-text-font-family ), Sans-serif; font-weight: var( --e-global-typography-text-font-weight );\">ILEP&#8217;de listelenen bir \u0130ngilizce dil program\u0131na kaydolursan\u0131z, sekiz aya kadar Stamp 2 g\u00f6\u00e7menlik izni i\u00e7in kay\u0131t yapt\u0131rabilirsiniz. \u015eunlar\u0131 yapmal\u0131s\u0131n\u0131z: <\/span><\/p><ul><li data-wahfont=\"19\">en az 25 hafta s\u00fcren bir programa kaydolmak<\/li><li data-wahfont=\"19\">haftada en az 15 saat derslere kat\u0131lmak<\/li><li data-wahfont=\"19\">derslerinizin en az %85&#8217;ine devam etmek<\/li><li data-wahfont=\"19\">program sonu s\u0131nav\u0131n\u0131 tamamlamak.<\/li><\/ul><p> <\/p><p data-wahfont=\"19\"><span style=\"color: var( --e-global-color-text ); font-family: var( --e-global-typography-text-font-family ), Sans-serif; font-weight: var( --e-global-typography-text-font-weight );\">Uluslararas\u0131 \u00f6\u011frenciler, ayr\u0131 bir \u00e7al\u0131\u015fma vizesine ba\u015fvurmak zorunda kalmadan \u0130rlanda&#8217;da \u00e7al\u0131\u015fabilirler. Ancak, ka\u00e7 saat \u00e7al\u0131\u015fabilece\u011finiz konusunda k\u0131s\u0131tlamalar vard\u0131r. <\/span><\/p><\/div><p>D\u00f6nem boyunca haftada 20 saate kadar \u00e7al\u0131\u015fabileceksiniz. Ancak tatil d\u00f6nemlerinde (Haziran, Temmuz, A\u011fustos ve Eyl\u00fcl aylar\u0131 ile 15 Aral\u0131k ve 15 Ocak tarihleri aras\u0131nda) haftada 40 saate kadar \u00e7al\u0131\u015fabilirsiniz. <\/p><p data-wahfont=\"19\"> <\/p>\t\t\t\t\t\t\t\t<\/div>\n\t\t\t\t<\/div>\n\t\t\t\t\t<\/div>\n\t\t<\/div>\n\t\t\t\t\t<\/div>\n\t\t<\/section>\n\t\t\t\t<\/div>\n\t\t","protected":false},"excerpt":{"rendered":"<p>AYP \u00d6\u011frenci Bilgileri Akademik Y\u0131l Program\u0131, AEA \u00fcyesi olmayan \u00f6\u011frenciler i\u00e7in 35 haftal\u0131k bir kurstur (25 kurs haftas\u0131). Bu kurs, Ge\u00e7ici Uygun Programlar Listesinde (ILEP) yer almaktad\u0131r ve hem \u00e7al\u0131\u015f\u0131p hem de okumak isteyen AEA d\u0131\u015f\u0131 \u00f6\u011frenciler i\u00e7in uygundur \u00d6\u011frenciler kurslar\u0131n\u0131n sonunda tan\u0131nan bir s\u0131nava (IELTS) girerler. \u0130\u015f ve Tatiller Akademik Y\u0131l \u00d6\u011frenciler, dersleri s\u00fcresince [&hellip;]<\/p>\n","protected":false},"author":3,"featured_media":0,"parent":0,"menu_order":0,"comment_status":"closed","ping_status":"closed","template":"","meta":{"content-type":"","footnotes":""},"class_list":["post-33270","page","type-page","status-publish","hentry"],"yoast_head":"<!-- This site is optimized with the Yoast SEO plugin v27.3 - https:\/\/yoast.com\/product\/yoast-seo-wordpress\/ -->\n<title>AYP \u00d6\u011frenci Bilgileri - Irish College of English<\/title>\n<meta name=\"robots\" content=\"index, follow, max-snippet:-1, max-image-preview:large, max-video-preview:-1\" \/>\n<link rel=\"canonical\" href=\"https:\/\/www.iceireland.com\/tr\/ayp-students-information\/\" \/>\n<meta property=\"og:locale\" content=\"tr_TR\" \/>\n<meta property=\"og:type\" content=\"article\" \/>\n<meta property=\"og:title\" content=\"AYP \u00d6\u011frenci Bilgileri - Irish College of English\" \/>\n<meta property=\"og:description\" content=\"AYP \u00d6\u011frenci Bilgileri Akademik Y\u0131l Program\u0131, AEA \u00fcyesi olmayan \u00f6\u011frenciler i\u00e7in 35 haftal\u0131k bir kurstur (25 kurs haftas\u0131). Bu kurs, Ge\u00e7ici Uygun Programlar Listesinde (ILEP) yer almaktad\u0131r ve hem \u00e7al\u0131\u015f\u0131p hem de okumak isteyen AEA d\u0131\u015f\u0131 \u00f6\u011frenciler i\u00e7in uygundur \u00d6\u011frenciler kurslar\u0131n\u0131n sonunda tan\u0131nan bir s\u0131nava (IELTS) girerler. \u0130\u015f ve Tatiller Akademik Y\u0131l \u00d6\u011frenciler, dersleri s\u00fcresince [&hellip;]\" \/>\n<meta property=\"og:url\" content=\"https:\/\/www.iceireland.com\/tr\/ayp-students-information\/\" \/>\n<meta property=\"og:site_name\" content=\"Irish College of English\" \/>\n<meta property=\"article:modified_time\" content=\"2026-01-30T18:27:13+00:00\" \/>\n<meta name=\"twitter:label1\" content=\"Tahmini okuma s\u00fcresi\" \/>\n\t<meta name=\"twitter:data1\" content=\"5 dakika\" \/>\n<script type=\"application\/ld+json\" class=\"yoast-schema-graph\">{\"@context\":\"https:\\\/\\\/schema.org\",\"@graph\":[{\"@type\":\"WebPage\",\"@id\":\"https:\\\/\\\/www.iceireland.com\\\/tr\\\/ayp-students-information\\\/\",\"url\":\"https:\\\/\\\/www.iceireland.com\\\/tr\\\/ayp-students-information\\\/\",\"name\":\"AYP \u00d6\u011frenci Bilgileri - Irish College of English\",\"isPartOf\":{\"@id\":\"https:\\\/\\\/www.iceireland.com\\\/tr\\\/#website\"},\"datePublished\":\"2024-04-30T09:25:48+00:00\",\"dateModified\":\"2026-01-30T18:27:13+00:00\",\"breadcrumb\":{\"@id\":\"https:\\\/\\\/www.iceireland.com\\\/tr\\\/ayp-students-information\\\/#breadcrumb\"},\"inLanguage\":\"tr\",\"potentialAction\":[{\"@type\":\"ReadAction\",\"target\":[\"https:\\\/\\\/www.iceireland.com\\\/tr\\\/ayp-students-information\\\/\"]}]},{\"@type\":\"BreadcrumbList\",\"@id\":\"https:\\\/\\\/www.iceireland.com\\\/tr\\\/ayp-students-information\\\/#breadcrumb\",\"itemListElement\":[{\"@type\":\"ListItem\",\"position\":1,\"name\":\"Home\",\"item\":\"https:\\\/\\\/www.iceireland.com\\\/tr\\\/\"},{\"@type\":\"ListItem\",\"position\":2,\"name\":\"AYP \u00d6\u011frenci Bilgileri\"}]},{\"@type\":\"WebSite\",\"@id\":\"https:\\\/\\\/www.iceireland.com\\\/tr\\\/#website\",\"url\":\"https:\\\/\\\/www.iceireland.com\\\/tr\\\/\",\"name\":\"Irish College of English\",\"description\":\"English School in Dublin, Malahide\",\"publisher\":{\"@id\":\"https:\\\/\\\/www.iceireland.com\\\/tr\\\/#organization\"},\"potentialAction\":[{\"@type\":\"SearchAction\",\"target\":{\"@type\":\"EntryPoint\",\"urlTemplate\":\"https:\\\/\\\/www.iceireland.com\\\/tr\\\/?s={search_term_string}\"},\"query-input\":{\"@type\":\"PropertyValueSpecification\",\"valueRequired\":true,\"valueName\":\"search_term_string\"}}],\"inLanguage\":\"tr\"},{\"@type\":\"Organization\",\"@id\":\"https:\\\/\\\/www.iceireland.com\\\/tr\\\/#organization\",\"name\":\"Irish College of English\",\"url\":\"https:\\\/\\\/www.iceireland.com\\\/tr\\\/\",\"logo\":{\"@type\":\"ImageObject\",\"inLanguage\":\"tr\",\"@id\":\"https:\\\/\\\/www.iceireland.com\\\/tr\\\/#\\\/schema\\\/logo\\\/image\\\/\",\"url\":\"https:\\\/\\\/www.iceireland.com\\\/wp-content\\\/uploads\\\/2022\\\/03\\\/logo.png\",\"contentUrl\":\"https:\\\/\\\/www.iceireland.com\\\/wp-content\\\/uploads\\\/2022\\\/03\\\/logo.png\",\"width\":593,\"height\":92,\"caption\":\"Irish College of English\"},\"image\":{\"@id\":\"https:\\\/\\\/www.iceireland.com\\\/tr\\\/#\\\/schema\\\/logo\\\/image\\\/\"}}]}<\/script>\n<!-- \/ Yoast SEO plugin. -->","yoast_head_json":{"title":"AYP \u00d6\u011frenci Bilgileri - Irish College of English","robots":{"index":"index","follow":"follow","max-snippet":"max-snippet:-1","max-image-preview":"max-image-preview:large","max-video-preview":"max-video-preview:-1"},"canonical":"https:\/\/www.iceireland.com\/tr\/ayp-students-information\/","og_locale":"tr_TR","og_type":"article","og_title":"AYP \u00d6\u011frenci Bilgileri - Irish College of English","og_description":"AYP \u00d6\u011frenci Bilgileri Akademik Y\u0131l Program\u0131, AEA \u00fcyesi olmayan \u00f6\u011frenciler i\u00e7in 35 haftal\u0131k bir kurstur (25 kurs haftas\u0131). Bu kurs, Ge\u00e7ici Uygun Programlar Listesinde (ILEP) yer almaktad\u0131r ve hem \u00e7al\u0131\u015f\u0131p hem de okumak isteyen AEA d\u0131\u015f\u0131 \u00f6\u011frenciler i\u00e7in uygundur \u00d6\u011frenciler kurslar\u0131n\u0131n sonunda tan\u0131nan bir s\u0131nava (IELTS) girerler. \u0130\u015f ve Tatiller Akademik Y\u0131l \u00d6\u011frenciler, dersleri s\u00fcresince [&hellip;]","og_url":"https:\/\/www.iceireland.com\/tr\/ayp-students-information\/","og_site_name":"Irish College of English","article_modified_time":"2026-01-30T18:27:13+00:00","twitter_misc":{"Tahmini okuma s\u00fcresi":"5 dakika"},"schema":{"@context":"https:\/\/schema.org","@graph":[{"@type":"WebPage","@id":"https:\/\/www.iceireland.com\/tr\/ayp-students-information\/","url":"https:\/\/www.iceireland.com\/tr\/ayp-students-information\/","name":"AYP \u00d6\u011frenci Bilgileri - Irish College of English","isPartOf":{"@id":"https:\/\/www.iceireland.com\/tr\/#website"},"datePublished":"2024-04-30T09:25:48+00:00","dateModified":"2026-01-30T18:27:13+00:00","breadcrumb":{"@id":"https:\/\/www.iceireland.com\/tr\/ayp-students-information\/#breadcrumb"},"inLanguage":"tr","potentialAction":[{"@type":"ReadAction","target":["https:\/\/www.iceireland.com\/tr\/ayp-students-information\/"]}]},{"@type":"BreadcrumbList","@id":"https:\/\/www.iceireland.com\/tr\/ayp-students-information\/#breadcrumb","itemListElement":[{"@type":"ListItem","position":1,"name":"Home","item":"https:\/\/www.iceireland.com\/tr\/"},{"@type":"ListItem","position":2,"name":"AYP \u00d6\u011frenci Bilgileri"}]},{"@type":"WebSite","@id":"https:\/\/www.iceireland.com\/tr\/#website","url":"https:\/\/www.iceireland.com\/tr\/","name":"Irish College of English","description":"English School in Dublin, Malahide","publisher":{"@id":"https:\/\/www.iceireland.com\/tr\/#organization"},"potentialAction":[{"@type":"SearchAction","target":{"@type":"EntryPoint","urlTemplate":"https:\/\/www.iceireland.com\/tr\/?s={search_term_string}"},"query-input":{"@type":"PropertyValueSpecification","valueRequired":true,"valueName":"search_term_string"}}],"inLanguage":"tr"},{"@type":"Organization","@id":"https:\/\/www.iceireland.com\/tr\/#organization","name":"Irish College of English","url":"https:\/\/www.iceireland.com\/tr\/","logo":{"@type":"ImageObject","inLanguage":"tr","@id":"https:\/\/www.iceireland.com\/tr\/#\/schema\/logo\/image\/","url":"https:\/\/www.iceireland.com\/wp-content\/uploads\/2022\/03\/logo.png","contentUrl":"https:\/\/www.iceireland.com\/wp-content\/uploads\/2022\/03\/logo.png","width":593,"height":92,"caption":"Irish College of English"},"image":{"@id":"https:\/\/www.iceireland.com\/tr\/#\/schema\/logo\/image\/"}}]}},"_links":{"self":[{"href":"https:\/\/www.iceireland.com\/tr\/wp-json\/wp\/v2\/pages\/33270","targetHints":{"allow":["GET"]}}],"collection":[{"href":"https:\/\/www.iceireland.com\/tr\/wp-json\/wp\/v2\/pages"}],"about":[{"href":"https:\/\/www.iceireland.com\/tr\/wp-json\/wp\/v2\/types\/page"}],"author":[{"embeddable":true,"href":"https:\/\/www.iceireland.com\/tr\/wp-json\/wp\/v2\/users\/3"}],"replies":[{"embeddable":true,"href":"https:\/\/www.iceireland.com\/tr\/wp-json\/wp\/v2\/comments?post=33270"}],"version-history":[{"count":1,"href":"https:\/\/www.iceireland.com\/tr\/wp-json\/wp\/v2\/pages\/33270\/revisions"}],"predecessor-version":[{"id":33272,"href":"https:\/\/www.iceireland.com\/tr\/wp-json\/wp\/v2\/pages\/33270\/revisions\/33272"}],"wp:attachment":[{"href":"https:\/\/www.iceireland.com\/tr\/wp-json\/wp\/v2\/media?parent=33270"}],"curies":[{"name":"wp","href":"https:\/\/api.w.org\/{rel}","templated":true}]}}