{"id":33293,"date":"2024-04-30T08:28:30","date_gmt":"2024-04-30T08:28:30","guid":{"rendered":"https:\/\/www.iceireland.com\/adult-student-events-activity-programme\/"},"modified":"2026-01-30T18:27:21","modified_gmt":"2026-01-30T18:27:21","slug":"adult-student-events-activity-programme","status":"publish","type":"page","link":"https:\/\/www.iceireland.com\/tr\/adult-student-events-activity-programme\/","title":{"rendered":"Yeti\u015fkin \u00d6\u011frenci Etkinlikleri ve Faaliyet Program\u0131"},"content":{"rendered":"\t\t<div data-elementor-type=\"wp-page\" data-elementor-id=\"33293\" class=\"elementor elementor-33293 elementor-26633\" data-elementor-post-type=\"page\">\n\t\t\t\t\t\t<section class=\"elementor-section elementor-top-section elementor-element elementor-element-621842e elementor-section-boxed elementor-section-height-default elementor-section-height-default\" data-id=\"621842e\" data-element_type=\"section\" data-e-type=\"section\">\n\t\t\t\t\t\t<div class=\"elementor-container elementor-column-gap-default\">\n\t\t\t\t\t<div class=\"elementor-column elementor-col-100 elementor-top-column elementor-element elementor-element-9248c5c\" data-id=\"9248c5c\" data-element_type=\"column\" data-e-type=\"column\">\n\t\t\t<div class=\"elementor-widget-wrap elementor-element-populated\">\n\t\t\t\t\t\t<div class=\"elementor-element elementor-element-833c559 elementor-widget elementor-widget-heading\" data-id=\"833c559\" data-element_type=\"widget\" data-e-type=\"widget\" data-widget_type=\"heading.default\">\n\t\t\t\t<div class=\"elementor-widget-container\">\n\t\t\t\t\t<h2 class=\"elementor-heading-title elementor-size-default\">Yeti\u015fkin \u00d6\u011frenci Etkinlikleri ve Faaliyet Program\u0131<\/h2>\t\t\t\t<\/div>\n\t\t\t\t<\/div>\n\t\t\t\t\t<\/div>\n\t\t<\/div>\n\t\t\t\t\t<\/div>\n\t\t<\/section>\n\t\t\t\t<section class=\"elementor-section elementor-top-section elementor-element elementor-element-cc16b05 elementor-section-boxed elementor-section-height-default elementor-section-height-default\" data-id=\"cc16b05\" data-element_type=\"section\" data-e-type=\"section\">\n\t\t\t\t\t\t<div class=\"elementor-container elementor-column-gap-default\">\n\t\t\t\t\t<div class=\"elementor-column elementor-col-100 elementor-top-column elementor-element elementor-element-af502e2\" data-id=\"af502e2\" data-element_type=\"column\" data-e-type=\"column\">\n\t\t\t<div class=\"elementor-widget-wrap elementor-element-populated\">\n\t\t\t\t\t\t<div class=\"elementor-element elementor-element-6cab296 elementor-widget elementor-widget-text-editor\" data-id=\"6cab296\" data-element_type=\"widget\" data-e-type=\"widget\" data-widget_type=\"text-editor.default\">\n\t\t\t\t<div class=\"elementor-widget-container\">\n\t\t\t\t\t\t\t\t\t<p>Yeti\u015fkin \u00d6\u011frenci Etkinlik ve Aktivite Program\u0131m\u0131z, ICE&#8217;nin yeti\u015fkin \u00f6\u011frencilere okulumuzda ge\u00e7irdikleri zaman\u0131 zenginle\u015ftirmek ve \u00f6\u011frenci arkada\u015flar\u0131, \u00f6\u011fretmenleri ve daha geni\u015f toplumla b\u00fct\u00fcnle\u015fmelerine yard\u0131mc\u0131 olmak i\u00e7in sa\u011flad\u0131\u011f\u0131 ek bir destektir.<\/p><p>Faaliyet idari prosed\u00fcrleri, risk de\u011ferlendirmelerinin form\u00fcle edilmesini, denetim ve oran politikalar\u0131n\u0131n uygulanmas\u0131n\u0131, akademik programlarla ba\u011flant\u0131l\u0131 faaliyet ve g\u00f6revlerin y\u00f6netilmesini ve devaml\u0131l\u0131\u011f\u0131n sa\u011flanmas\u0131n\u0131 i\u00e7erir.<\/p><p> <\/p><h4 style=\"text-align: center;\"><strong>Haftal\u0131k Etkinlik Program\u0131<\/strong><\/h4><p>Her hafta \u00d6\u011frenci Duyuru Panosunda etkinliklerin ve masraflar\u0131n bir listesi yer alacakt\u0131r. \u00d6\u011frencilere e\u015flik etmesi i\u00e7in \u00fccretsiz bir lider sa\u011flamaktay\u0131z ve \u00f6\u011frenciler kendi ula\u015f\u0131m ve giri\u015f \u00fccretlerini \u00f6deyeceklerdir. <\/p><p>Bir kay\u0131t sayfas\u0131 vard\u0131r ve \u00f6\u011frenciler bir etkinli\u011fe kat\u0131lmak istediklerini kaydedebilirler.<\/p>\t\t\t\t\t\t\t\t<\/div>\n\t\t\t\t<\/div>\n\t\t\t\t<div class=\"elementor-element elementor-element-da527fb elementor-widget elementor-widget-image\" data-id=\"da527fb\" data-element_type=\"widget\" data-e-type=\"widget\" data-widget_type=\"image.default\">\n\t\t\t\t<div class=\"elementor-widget-container\">\n\t\t\t\t\t\t\t\t\t\t\t\t\t\t\t<img fetchpriority=\"high\" decoding=\"async\" width=\"800\" height=\"534\" src=\"https:\/\/www.iceireland.com\/wp-content\/uploads\/2024\/10\/30th-Oct-10th-Nov-2-1024x683.png\" class=\"attachment-large size-large wp-image-28139\" alt=\"\" srcset=\"https:\/\/www.iceireland.com\/wp-content\/uploads\/2024\/10\/30th-Oct-10th-Nov-2-1024x683.png 1024w, https:\/\/www.iceireland.com\/wp-content\/uploads\/2024\/10\/30th-Oct-10th-Nov-2-300x200.png 300w, https:\/\/www.iceireland.com\/wp-content\/uploads\/2024\/10\/30th-Oct-10th-Nov-2-768x512.png 768w, https:\/\/www.iceireland.com\/wp-content\/uploads\/2024\/10\/30th-Oct-10th-Nov-2-1536x1024.png 1536w, https:\/\/www.iceireland.com\/wp-content\/uploads\/2024\/10\/30th-Oct-10th-Nov-2-2048x1365.png 2048w\" sizes=\"(max-width: 800px) 100vw, 800px\" \/>\t\t\t\t\t\t\t\t\t\t\t\t\t\t\t<\/div>\n\t\t\t\t<\/div>\n\t\t\t\t\t<\/div>\n\t\t<\/div>\n\t\t\t\t\t<\/div>\n\t\t<\/section>\n\t\t\t\t<section class=\"elementor-section elementor-top-section elementor-element elementor-element-7fdc1ab elementor-section-boxed elementor-section-height-default elementor-section-height-default\" data-id=\"7fdc1ab\" data-element_type=\"section\" data-e-type=\"section\">\n\t\t\t\t\t\t<div class=\"elementor-container elementor-column-gap-default\">\n\t\t\t\t\t<div class=\"elementor-column elementor-col-100 elementor-top-column elementor-element elementor-element-754cf18\" data-id=\"754cf18\" data-element_type=\"column\" data-e-type=\"column\">\n\t\t\t<div class=\"elementor-widget-wrap elementor-element-populated\">\n\t\t\t\t\t\t<div class=\"elementor-element elementor-element-ba17b63 elementor-widget elementor-widget-text-editor\" data-id=\"ba17b63\" data-element_type=\"widget\" data-e-type=\"widget\" data-widget_type=\"text-editor.default\">\n\t\t\t\t<div class=\"elementor-widget-container\">\n\t\t\t\t\t\t\t\t\t<h4 style=\"text-align: center;\"><span style=\"color: #339966;\"><strong>ICE&#8217;de K\u00fclt\u00fcrleraras\u0131 ve K\u00fclt\u00fcrel Fark\u0131ndal\u0131k<\/strong><\/span><\/h4><p class=\"cvGsUA direction-ltr align-start para-style-body\"><span class=\"OYPEnA font-feature-liga-off font-feature-clig-off font-feature-calt-off text-decoration-none text-strikethrough-none\">The Irish College of English&#8217;te, \u0130ngilizce \u00f6\u011frenmenin s\u0131n\u0131f\u0131n \u00f6tesine ge\u00e7ti\u011fine inan\u0131yoruz. Bu ayn\u0131 zamanda farkl\u0131 k\u00fclt\u00fcrleri anlamak, ba\u015fkalar\u0131yla ba\u011flant\u0131 kurmak ve deneyimleri payla\u015fmakla da ilgilidir. \u0130rlanda K\u00fclt\u00fcr\u00fc Mod\u00fcllerimiz, \u0130rlanda folkloru ve m\u00fczi\u011finden Aziz Patrick G\u00fcn\u00fc ve Cad\u0131lar Bayram\u0131 gibi \u0130rlanda k\u00fclt\u00fcr\u00fcnde g\u00fc\u00e7l\u00fc k\u00f6kleri olan bayramlar\u0131n kutlanmas\u0131na kadar \u0130rlanda&#8217;n\u0131n zengin tarihini, geleneklerini ve ya\u015fam tarz\u0131n\u0131 size tan\u0131tmak i\u00e7in tasarlanm\u0131\u015ft\u0131r.  <\/span><\/p><p class=\"cvGsUA direction-ltr align-start para-style-body\"><span class=\"OYPEnA font-feature-liga-off font-feature-clig-off font-feature-calt-off text-decoration-none text-strikethrough-none\">Sosyal etkile\u015fimi te\u015fvik etmek ve \u00f6\u011frencilerin birbirlerini tan\u0131malar\u0131na yard\u0131mc\u0131 olmak i\u00e7in molalarda \u00fccretsiz kahve, \u00e7ay ve bisk\u00fcvi sunuyoruz. Bu sayede rahatlayabilece\u011finiz, s\u0131n\u0131f arkada\u015flar\u0131n\u0131zla sohbet edebilece\u011finiz ve k\u00fclt\u00fcrlerinizi payla\u015fabilece\u011finiz s\u0131cak bir alan yarat\u0131yoruz. <\/span><\/p><p class=\"cvGsUA direction-ltr align-start para-style-body\"><span class=\"OYPEnA font-feature-liga-off font-feature-clig-off font-feature-calt-off text-decoration-none text-strikethrough-none\">Ayr\u0131ca y\u0131l boyunca \u00f6\u011frencilerin kendi \u00fclkelerinden bir yemek getirmeye davet edildi\u011fi D\u00fcnya Yemek G\u00fcn\u00fc ve t\u00fcm k\u00fclt\u00fcrlerden kad\u0131nlar\u0131n katk\u0131lar\u0131n\u0131n kutland\u0131\u011f\u0131 Uluslararas\u0131 Kad\u0131nlar G\u00fcn\u00fc gibi \u00e7e\u015fitli k\u00fclt\u00fcrleraras\u0131 etkinliklere ev sahipli\u011fi yap\u0131yoruz. Noel, Paskalya ve D\u00fcnya \u00c7evre G\u00fcn\u00fc gibi \u0130rlanda bayramlar\u0131n\u0131n yan\u0131 s\u0131ra k\u00fcresel bayramlar\u0131 da kutluyor, \u00e7e\u015fitlili\u011fe ve kar\u015f\u0131l\u0131kl\u0131 sayg\u0131ya de\u011fer veren bir toplulu\u011fu te\u015fvik ediyoruz. <\/span><\/p><p class=\"cvGsUA direction-ltr align-start para-style-body\"><span class=\"OYPEnA font-feature-liga-off font-feature-clig-off font-feature-calt-off text-decoration-none text-strikethrough-none\">ICE&#8217;de \u0130ngilizce \u00f6\u011frenmek, yol boyunca kar\u015f\u0131la\u015faca\u011f\u0131n\u0131z k\u00fclt\u00fcrler ve dostluklarla zenginle\u015fen bir yolculuktur.<\/span><\/p><p> <\/p><p class=\"cvGsUA direction-ltr align-start para-style-body\" style=\"text-align: center;\"><strong><span class=\"OYPEnA font-feature-liga-off font-feature-clig-off font-feature-calt-off text-decoration-none text-strikethrough-none\">\u0130rlandal\u0131 Ev Sahipleri ile Tam K\u00fclt\u00fcrel Dald\u0131rma<\/span><\/strong><\/p><p class=\"cvGsUA direction-ltr align-start para-style-body\"><span class=\"OYPEnA font-feature-liga-off font-feature-clig-off font-feature-calt-off text-decoration-none text-strikethrough-none\">Baz\u0131 \u00f6\u011frenciler, \u00f6zenle se\u00e7ilmi\u015f \u0130rlandal\u0131 ev sahibi ailelerin yan\u0131nda kalarak yerel k\u00fclt\u00fcre tam anlam\u0131yla dalma f\u0131rsat\u0131na da sahiptir. \u0130rlandal\u0131 ev sahipleriyle birlikte ya\u015famak, \u00f6\u011frencilerin g\u00fcnl\u00fck \u0130rlanda ya\u015fam\u0131n\u0131 ilk elden deneyimlemelerine, dil becerilerini ger\u00e7ek d\u00fcnya ortamlar\u0131nda uygulamalar\u0131na ve yerel gelenek ve g\u00f6renekleri daha iyi anlamalar\u0131na olanak tan\u0131r. <\/span><\/p><p> <\/p><p class=\"cvGsUA direction-ltr align-start para-style-body\" style=\"text-align: center;\"><strong><span class=\"OYPEnA font-feature-liga-off font-feature-clig-off font-feature-calt-off text-decoration-none text-strikethrough-none\">\u0130rlanda&#8217;da \u0130\u015f ve Sosyal Entegrasyon Yoluyla K\u00fclt\u00fcrel Fark\u0131ndal\u0131k<\/span><\/strong><\/p><p class=\"cvGsUA direction-ltr align-start para-style-body\"><span class=\"OYPEnA font-feature-liga-off font-feature-clig-off font-feature-calt-off text-decoration-none text-strikethrough-none\">\u0130rlanda&#8217;da e\u011fitim g\u00f6ren yeti\u015fkinler i\u00e7in yerel sosyal gruplarda \u00e7al\u0131\u015fma ve kat\u0131l\u0131m f\u0131rsat\u0131, k\u00fclt\u00fcrel fark\u0131ndal\u0131\u011f\u0131n geli\u015ftirilmesinde hayati bir rol oynamaktad\u0131r. Bu deneyimler, \u00f6\u011frencilere \u0130rlanda toplumuna pratik ve ger\u00e7ek hayattan maruz kalma imkan\u0131 sunarak daha derin ba\u011flant\u0131lar kurmalar\u0131n\u0131 ve yerel k\u00fclt\u00fcr hakk\u0131nda daha incelikli bir anlay\u0131\u015f geli\u015ftirmelerini sa\u011flar. <\/span><\/p><h4 style=\"text-align: center;\"><span style=\"color: #339966;\"><strong>Yerel Etkinlikler<\/strong><\/span><\/h4><p>B\u00f6lgemizde ve Dublin&#8217;de meydana gelen ilgi \u00e7ekici olaylardan haberdar olman\u0131za yard\u0131mc\u0131 olacak yararl\u0131 sitelere ba\u011flant\u0131lar veren kaynaklar sayfam\u0131z var www.iceireland.com\/events<\/p>\t\t\t\t\t\t\t\t<\/div>\n\t\t\t\t<\/div>\n\t\t\t\t\t<\/div>\n\t\t<\/div>\n\t\t\t\t\t<\/div>\n\t\t<\/section>\n\t\t\t\t<section class=\"elementor-section elementor-top-section elementor-element elementor-element-80cf46b elementor-section-boxed elementor-section-height-default elementor-section-height-default\" data-id=\"80cf46b\" data-element_type=\"section\" data-e-type=\"section\">\n\t\t\t\t\t\t<div class=\"elementor-container elementor-column-gap-default\">\n\t\t\t\t\t<div class=\"elementor-column elementor-col-100 elementor-top-column elementor-element elementor-element-25370cf\" data-id=\"25370cf\" data-element_type=\"column\" data-e-type=\"column\">\n\t\t\t<div class=\"elementor-widget-wrap elementor-element-populated\">\n\t\t\t\t\t\t<div class=\"elementor-element elementor-element-6cfad06 elementor-widget elementor-widget-spacer\" data-id=\"6cfad06\" data-element_type=\"widget\" data-e-type=\"widget\" data-widget_type=\"spacer.default\">\n\t\t\t\t<div class=\"elementor-widget-container\">\n\t\t\t\t\t\t\t<div class=\"elementor-spacer\">\n\t\t\t<div class=\"elementor-spacer-inner\"><\/div>\n\t\t<\/div>\n\t\t\t\t\t\t<\/div>\n\t\t\t\t<\/div>\n\t\t\t\t\t<\/div>\n\t\t<\/div>\n\t\t\t\t\t<\/div>\n\t\t<\/section>\n\t\t\t\t<section class=\"elementor-section elementor-top-section elementor-element elementor-element-475a9f4 elementor-section-boxed elementor-section-height-default elementor-section-height-default\" data-id=\"475a9f4\" data-element_type=\"section\" data-e-type=\"section\">\n\t\t\t\t\t\t<div class=\"elementor-container elementor-column-gap-default\">\n\t\t\t\t\t<div class=\"elementor-column elementor-col-100 elementor-top-column elementor-element elementor-element-f08c36c\" data-id=\"f08c36c\" data-element_type=\"column\" data-e-type=\"column\">\n\t\t\t<div class=\"elementor-widget-wrap elementor-element-populated\">\n\t\t\t\t\t\t<div class=\"elementor-element elementor-element-af1be0d elementor-widget elementor-widget-image\" data-id=\"af1be0d\" data-element_type=\"widget\" data-e-type=\"widget\" data-widget_type=\"image.default\">\n\t\t\t\t<div class=\"elementor-widget-container\">\n\t\t\t\t\t\t\t\t\t\t\t\t\t\t\t<img decoding=\"async\" width=\"724\" height=\"1024\" src=\"https:\/\/www.iceireland.com\/wp-content\/uploads\/2024\/09\/Events-1-724x1024.png\" class=\"attachment-large size-large wp-image-27992\" alt=\"\" srcset=\"https:\/\/www.iceireland.com\/wp-content\/uploads\/2024\/09\/Events-1-724x1024.png 724w, https:\/\/www.iceireland.com\/wp-content\/uploads\/2024\/09\/Events-1-212x300.png 212w, https:\/\/www.iceireland.com\/wp-content\/uploads\/2024\/09\/Events-1-768x1086.png 768w, https:\/\/www.iceireland.com\/wp-content\/uploads\/2024\/09\/Events-1-1086x1536.png 1086w, https:\/\/www.iceireland.com\/wp-content\/uploads\/2024\/09\/Events-1-1448x2048.png 1448w, https:\/\/www.iceireland.com\/wp-content\/uploads\/2024\/09\/Events-1.png 1587w\" sizes=\"(max-width: 724px) 100vw, 724px\" \/>\t\t\t\t\t\t\t\t\t\t\t\t\t\t\t<\/div>\n\t\t\t\t<\/div>\n\t\t\t\t\t<\/div>\n\t\t<\/div>\n\t\t\t\t\t<\/div>\n\t\t<\/section>\n\t\t\t\t<\/div>\n\t\t","protected":false},"excerpt":{"rendered":"<p>Yeti\u015fkin \u00d6\u011frenci Etkinlikleri ve Faaliyet Program\u0131 Yeti\u015fkin \u00d6\u011frenci Etkinlik ve Aktivite Program\u0131m\u0131z, ICE&#8217;nin yeti\u015fkin \u00f6\u011frencilere okulumuzda ge\u00e7irdikleri zaman\u0131 zenginle\u015ftirmek ve \u00f6\u011frenci arkada\u015flar\u0131, \u00f6\u011fretmenleri ve daha geni\u015f toplumla b\u00fct\u00fcnle\u015fmelerine yard\u0131mc\u0131 olmak i\u00e7in sa\u011flad\u0131\u011f\u0131 ek bir destektir. Faaliyet idari prosed\u00fcrleri, risk de\u011ferlendirmelerinin form\u00fcle edilmesini, denetim ve oran politikalar\u0131n\u0131n uygulanmas\u0131n\u0131, akademik programlarla ba\u011flant\u0131l\u0131 faaliyet ve g\u00f6revlerin y\u00f6netilmesini ve [&hellip;]<\/p>\n","protected":false},"author":3,"featured_media":0,"parent":0,"menu_order":0,"comment_status":"closed","ping_status":"closed","template":"","meta":{"content-type":"","footnotes":""},"class_list":["post-33293","page","type-page","status-publish","hentry"],"yoast_head":"<!-- This site is optimized with the Yoast SEO plugin v27.3 - https:\/\/yoast.com\/product\/yoast-seo-wordpress\/ -->\n<title>Yeti\u015fkin \u00d6\u011frenci Etkinlikleri ve Faaliyet Program\u0131 - Irish College of English<\/title>\n<meta name=\"robots\" content=\"index, follow, max-snippet:-1, max-image-preview:large, max-video-preview:-1\" \/>\n<link rel=\"canonical\" href=\"https:\/\/www.iceireland.com\/tr\/adult-student-events-activity-programme\/\" \/>\n<meta property=\"og:locale\" content=\"tr_TR\" \/>\n<meta property=\"og:type\" content=\"article\" \/>\n<meta property=\"og:title\" content=\"Yeti\u015fkin \u00d6\u011frenci Etkinlikleri ve Faaliyet Program\u0131 - Irish College of English\" \/>\n<meta property=\"og:description\" content=\"Yeti\u015fkin \u00d6\u011frenci Etkinlikleri ve Faaliyet Program\u0131 Yeti\u015fkin \u00d6\u011frenci Etkinlik ve Aktivite Program\u0131m\u0131z, ICE&#8217;nin yeti\u015fkin \u00f6\u011frencilere okulumuzda ge\u00e7irdikleri zaman\u0131 zenginle\u015ftirmek ve \u00f6\u011frenci arkada\u015flar\u0131, \u00f6\u011fretmenleri ve daha geni\u015f toplumla b\u00fct\u00fcnle\u015fmelerine yard\u0131mc\u0131 olmak i\u00e7in sa\u011flad\u0131\u011f\u0131 ek bir destektir. Faaliyet idari prosed\u00fcrleri, risk de\u011ferlendirmelerinin form\u00fcle edilmesini, denetim ve oran politikalar\u0131n\u0131n uygulanmas\u0131n\u0131, akademik programlarla ba\u011flant\u0131l\u0131 faaliyet ve g\u00f6revlerin y\u00f6netilmesini ve [&hellip;]\" \/>\n<meta property=\"og:url\" content=\"https:\/\/www.iceireland.com\/tr\/adult-student-events-activity-programme\/\" \/>\n<meta property=\"og:site_name\" content=\"Irish College of English\" \/>\n<meta property=\"article:modified_time\" content=\"2026-01-30T18:27:21+00:00\" \/>\n<meta property=\"og:image\" content=\"https:\/\/www.iceireland.com\/wp-content\/uploads\/2024\/10\/30th-Oct-10th-Nov-2-1024x683.png\" \/>\n\t<meta property=\"og:image:width\" content=\"1024\" \/>\n\t<meta property=\"og:image:height\" content=\"683\" \/>\n\t<meta property=\"og:image:type\" content=\"image\/png\" \/>\n<meta name=\"twitter:label1\" content=\"Tahmini okuma s\u00fcresi\" \/>\n\t<meta name=\"twitter:data1\" content=\"3 dakika\" \/>\n<script type=\"application\/ld+json\" class=\"yoast-schema-graph\">{\"@context\":\"https:\\\/\\\/schema.org\",\"@graph\":[{\"@type\":\"WebPage\",\"@id\":\"https:\\\/\\\/www.iceireland.com\\\/tr\\\/adult-student-events-activity-programme\\\/\",\"url\":\"https:\\\/\\\/www.iceireland.com\\\/tr\\\/adult-student-events-activity-programme\\\/\",\"name\":\"Yeti\u015fkin \u00d6\u011frenci Etkinlikleri ve Faaliyet Program\u0131 - Irish College of English\",\"isPartOf\":{\"@id\":\"https:\\\/\\\/www.iceireland.com\\\/tr\\\/#website\"},\"primaryImageOfPage\":{\"@id\":\"https:\\\/\\\/www.iceireland.com\\\/tr\\\/adult-student-events-activity-programme\\\/#primaryimage\"},\"image\":{\"@id\":\"https:\\\/\\\/www.iceireland.com\\\/tr\\\/adult-student-events-activity-programme\\\/#primaryimage\"},\"thumbnailUrl\":\"https:\\\/\\\/www.iceireland.com\\\/wp-content\\\/uploads\\\/2024\\\/10\\\/30th-Oct-10th-Nov-2-1024x683.png\",\"datePublished\":\"2024-04-30T08:28:30+00:00\",\"dateModified\":\"2026-01-30T18:27:21+00:00\",\"breadcrumb\":{\"@id\":\"https:\\\/\\\/www.iceireland.com\\\/tr\\\/adult-student-events-activity-programme\\\/#breadcrumb\"},\"inLanguage\":\"tr\",\"potentialAction\":[{\"@type\":\"ReadAction\",\"target\":[\"https:\\\/\\\/www.iceireland.com\\\/tr\\\/adult-student-events-activity-programme\\\/\"]}]},{\"@type\":\"ImageObject\",\"inLanguage\":\"tr\",\"@id\":\"https:\\\/\\\/www.iceireland.com\\\/tr\\\/adult-student-events-activity-programme\\\/#primaryimage\",\"url\":\"https:\\\/\\\/www.iceireland.com\\\/wp-content\\\/uploads\\\/2024\\\/10\\\/30th-Oct-10th-Nov-2-1024x683.png\",\"contentUrl\":\"https:\\\/\\\/www.iceireland.com\\\/wp-content\\\/uploads\\\/2024\\\/10\\\/30th-Oct-10th-Nov-2-1024x683.png\"},{\"@type\":\"BreadcrumbList\",\"@id\":\"https:\\\/\\\/www.iceireland.com\\\/tr\\\/adult-student-events-activity-programme\\\/#breadcrumb\",\"itemListElement\":[{\"@type\":\"ListItem\",\"position\":1,\"name\":\"Home\",\"item\":\"https:\\\/\\\/www.iceireland.com\\\/tr\\\/\"},{\"@type\":\"ListItem\",\"position\":2,\"name\":\"Yeti\u015fkin \u00d6\u011frenci Etkinlikleri ve Faaliyet Program\u0131\"}]},{\"@type\":\"WebSite\",\"@id\":\"https:\\\/\\\/www.iceireland.com\\\/tr\\\/#website\",\"url\":\"https:\\\/\\\/www.iceireland.com\\\/tr\\\/\",\"name\":\"Irish College of English\",\"description\":\"English School in Dublin, Malahide\",\"publisher\":{\"@id\":\"https:\\\/\\\/www.iceireland.com\\\/tr\\\/#organization\"},\"potentialAction\":[{\"@type\":\"SearchAction\",\"target\":{\"@type\":\"EntryPoint\",\"urlTemplate\":\"https:\\\/\\\/www.iceireland.com\\\/tr\\\/?s={search_term_string}\"},\"query-input\":{\"@type\":\"PropertyValueSpecification\",\"valueRequired\":true,\"valueName\":\"search_term_string\"}}],\"inLanguage\":\"tr\"},{\"@type\":\"Organization\",\"@id\":\"https:\\\/\\\/www.iceireland.com\\\/tr\\\/#organization\",\"name\":\"Irish College of English\",\"url\":\"https:\\\/\\\/www.iceireland.com\\\/tr\\\/\",\"logo\":{\"@type\":\"ImageObject\",\"inLanguage\":\"tr\",\"@id\":\"https:\\\/\\\/www.iceireland.com\\\/tr\\\/#\\\/schema\\\/logo\\\/image\\\/\",\"url\":\"https:\\\/\\\/www.iceireland.com\\\/wp-content\\\/uploads\\\/2022\\\/03\\\/logo.png\",\"contentUrl\":\"https:\\\/\\\/www.iceireland.com\\\/wp-content\\\/uploads\\\/2022\\\/03\\\/logo.png\",\"width\":593,\"height\":92,\"caption\":\"Irish College of English\"},\"image\":{\"@id\":\"https:\\\/\\\/www.iceireland.com\\\/tr\\\/#\\\/schema\\\/logo\\\/image\\\/\"}}]}<\/script>\n<!-- \/ Yoast SEO plugin. -->","yoast_head_json":{"title":"Yeti\u015fkin \u00d6\u011frenci Etkinlikleri ve Faaliyet Program\u0131 - Irish College of English","robots":{"index":"index","follow":"follow","max-snippet":"max-snippet:-1","max-image-preview":"max-image-preview:large","max-video-preview":"max-video-preview:-1"},"canonical":"https:\/\/www.iceireland.com\/tr\/adult-student-events-activity-programme\/","og_locale":"tr_TR","og_type":"article","og_title":"Yeti\u015fkin \u00d6\u011frenci Etkinlikleri ve Faaliyet Program\u0131 - Irish College of English","og_description":"Yeti\u015fkin \u00d6\u011frenci Etkinlikleri ve Faaliyet Program\u0131 Yeti\u015fkin \u00d6\u011frenci Etkinlik ve Aktivite Program\u0131m\u0131z, ICE&#8217;nin yeti\u015fkin \u00f6\u011frencilere okulumuzda ge\u00e7irdikleri zaman\u0131 zenginle\u015ftirmek ve \u00f6\u011frenci arkada\u015flar\u0131, \u00f6\u011fretmenleri ve daha geni\u015f toplumla b\u00fct\u00fcnle\u015fmelerine yard\u0131mc\u0131 olmak i\u00e7in sa\u011flad\u0131\u011f\u0131 ek bir destektir. Faaliyet idari prosed\u00fcrleri, risk de\u011ferlendirmelerinin form\u00fcle edilmesini, denetim ve oran politikalar\u0131n\u0131n uygulanmas\u0131n\u0131, akademik programlarla ba\u011flant\u0131l\u0131 faaliyet ve g\u00f6revlerin y\u00f6netilmesini ve [&hellip;]","og_url":"https:\/\/www.iceireland.com\/tr\/adult-student-events-activity-programme\/","og_site_name":"Irish College of English","article_modified_time":"2026-01-30T18:27:21+00:00","og_image":[{"width":1024,"height":683,"url":"https:\/\/www.iceireland.com\/wp-content\/uploads\/2024\/10\/30th-Oct-10th-Nov-2-1024x683.png","type":"image\/png"}],"twitter_misc":{"Tahmini okuma s\u00fcresi":"3 dakika"},"schema":{"@context":"https:\/\/schema.org","@graph":[{"@type":"WebPage","@id":"https:\/\/www.iceireland.com\/tr\/adult-student-events-activity-programme\/","url":"https:\/\/www.iceireland.com\/tr\/adult-student-events-activity-programme\/","name":"Yeti\u015fkin \u00d6\u011frenci Etkinlikleri ve Faaliyet Program\u0131 - Irish College of English","isPartOf":{"@id":"https:\/\/www.iceireland.com\/tr\/#website"},"primaryImageOfPage":{"@id":"https:\/\/www.iceireland.com\/tr\/adult-student-events-activity-programme\/#primaryimage"},"image":{"@id":"https:\/\/www.iceireland.com\/tr\/adult-student-events-activity-programme\/#primaryimage"},"thumbnailUrl":"https:\/\/www.iceireland.com\/wp-content\/uploads\/2024\/10\/30th-Oct-10th-Nov-2-1024x683.png","datePublished":"2024-04-30T08:28:30+00:00","dateModified":"2026-01-30T18:27:21+00:00","breadcrumb":{"@id":"https:\/\/www.iceireland.com\/tr\/adult-student-events-activity-programme\/#breadcrumb"},"inLanguage":"tr","potentialAction":[{"@type":"ReadAction","target":["https:\/\/www.iceireland.com\/tr\/adult-student-events-activity-programme\/"]}]},{"@type":"ImageObject","inLanguage":"tr","@id":"https:\/\/www.iceireland.com\/tr\/adult-student-events-activity-programme\/#primaryimage","url":"https:\/\/www.iceireland.com\/wp-content\/uploads\/2024\/10\/30th-Oct-10th-Nov-2-1024x683.png","contentUrl":"https:\/\/www.iceireland.com\/wp-content\/uploads\/2024\/10\/30th-Oct-10th-Nov-2-1024x683.png"},{"@type":"BreadcrumbList","@id":"https:\/\/www.iceireland.com\/tr\/adult-student-events-activity-programme\/#breadcrumb","itemListElement":[{"@type":"ListItem","position":1,"name":"Home","item":"https:\/\/www.iceireland.com\/tr\/"},{"@type":"ListItem","position":2,"name":"Yeti\u015fkin \u00d6\u011frenci Etkinlikleri ve Faaliyet Program\u0131"}]},{"@type":"WebSite","@id":"https:\/\/www.iceireland.com\/tr\/#website","url":"https:\/\/www.iceireland.com\/tr\/","name":"Irish College of English","description":"English School in Dublin, Malahide","publisher":{"@id":"https:\/\/www.iceireland.com\/tr\/#organization"},"potentialAction":[{"@type":"SearchAction","target":{"@type":"EntryPoint","urlTemplate":"https:\/\/www.iceireland.com\/tr\/?s={search_term_string}"},"query-input":{"@type":"PropertyValueSpecification","valueRequired":true,"valueName":"search_term_string"}}],"inLanguage":"tr"},{"@type":"Organization","@id":"https:\/\/www.iceireland.com\/tr\/#organization","name":"Irish College of English","url":"https:\/\/www.iceireland.com\/tr\/","logo":{"@type":"ImageObject","inLanguage":"tr","@id":"https:\/\/www.iceireland.com\/tr\/#\/schema\/logo\/image\/","url":"https:\/\/www.iceireland.com\/wp-content\/uploads\/2022\/03\/logo.png","contentUrl":"https:\/\/www.iceireland.com\/wp-content\/uploads\/2022\/03\/logo.png","width":593,"height":92,"caption":"Irish College of English"},"image":{"@id":"https:\/\/www.iceireland.com\/tr\/#\/schema\/logo\/image\/"}}]}},"_links":{"self":[{"href":"https:\/\/www.iceireland.com\/tr\/wp-json\/wp\/v2\/pages\/33293","targetHints":{"allow":["GET"]}}],"collection":[{"href":"https:\/\/www.iceireland.com\/tr\/wp-json\/wp\/v2\/pages"}],"about":[{"href":"https:\/\/www.iceireland.com\/tr\/wp-json\/wp\/v2\/types\/page"}],"author":[{"embeddable":true,"href":"https:\/\/www.iceireland.com\/tr\/wp-json\/wp\/v2\/users\/3"}],"replies":[{"embeddable":true,"href":"https:\/\/www.iceireland.com\/tr\/wp-json\/wp\/v2\/comments?post=33293"}],"version-history":[{"count":1,"href":"https:\/\/www.iceireland.com\/tr\/wp-json\/wp\/v2\/pages\/33293\/revisions"}],"predecessor-version":[{"id":33295,"href":"https:\/\/www.iceireland.com\/tr\/wp-json\/wp\/v2\/pages\/33293\/revisions\/33295"}],"wp:attachment":[{"href":"https:\/\/www.iceireland.com\/tr\/wp-json\/wp\/v2\/media?parent=33293"}],"curies":[{"name":"wp","href":"https:\/\/api.w.org\/{rel}","templated":true}]}}