{"id":33335,"date":"2024-04-29T15:19:22","date_gmt":"2024-04-29T15:19:22","guid":{"rendered":"https:\/\/www.iceireland.com\/student-welfare-officers\/"},"modified":"2026-01-30T18:27:30","modified_gmt":"2026-01-30T18:27:30","slug":"student-welfare-officers","status":"publish","type":"page","link":"https:\/\/www.iceireland.com\/tr\/student-welfare-officers\/","title":{"rendered":"\u00d6\u011frenci Sosyal Yard\u0131m G\u00f6revlileri"},"content":{"rendered":"\t\t<div data-elementor-type=\"wp-page\" data-elementor-id=\"33335\" class=\"elementor elementor-33335 elementor-26570\" data-elementor-post-type=\"page\">\n\t\t\t\t\t\t<section class=\"elementor-section elementor-top-section elementor-element elementor-element-763889f elementor-section-boxed elementor-section-height-default elementor-section-height-default\" data-id=\"763889f\" data-element_type=\"section\" data-e-type=\"section\">\n\t\t\t\t\t\t<div class=\"elementor-container elementor-column-gap-default\">\n\t\t\t\t\t<div class=\"elementor-column elementor-col-100 elementor-top-column elementor-element elementor-element-6be54b6\" data-id=\"6be54b6\" data-element_type=\"column\" data-e-type=\"column\">\n\t\t\t<div class=\"elementor-widget-wrap elementor-element-populated\">\n\t\t\t\t\t\t<div class=\"elementor-element elementor-element-cc41595 elementor-widget elementor-widget-heading\" data-id=\"cc41595\" data-element_type=\"widget\" data-e-type=\"widget\" data-widget_type=\"heading.default\">\n\t\t\t\t<div class=\"elementor-widget-container\">\n\t\t\t\t\t<h2 class=\"elementor-heading-title elementor-size-default\">\u00d6\u011frenci Sosyal Yard\u0131m G\u00f6revlileri - Yard\u0131m i\u00e7in buraday\u0131z!<\/h2>\t\t\t\t<\/div>\n\t\t\t\t<\/div>\n\t\t\t\t\t<\/div>\n\t\t<\/div>\n\t\t\t\t\t<\/div>\n\t\t<\/section>\n\t\t\t\t<section class=\"elementor-section elementor-top-section elementor-element elementor-element-7f70896 elementor-section-boxed elementor-section-height-default elementor-section-height-default\" data-id=\"7f70896\" data-element_type=\"section\" data-e-type=\"section\">\n\t\t\t\t\t\t<div class=\"elementor-container elementor-column-gap-default\">\n\t\t\t\t\t<div class=\"elementor-column elementor-col-100 elementor-top-column elementor-element elementor-element-2de0e58\" data-id=\"2de0e58\" data-element_type=\"column\" data-e-type=\"column\">\n\t\t\t<div class=\"elementor-widget-wrap elementor-element-populated\">\n\t\t\t\t\t\t<div class=\"elementor-element elementor-element-4aba74e elementor-widget elementor-widget-text-editor\" data-id=\"4aba74e\" data-element_type=\"widget\" data-e-type=\"widget\" data-widget_type=\"text-editor.default\">\n\t\t\t\t<div class=\"elementor-widget-container\">\n\t\t\t\t\t\t\t\t\t<p>Irish College of English&#8217;te, size yard\u0131mc\u0131 olmak i\u00e7in burada bulunan \u00d6\u011frenci Sosyal Yard\u0131m G\u00f6revlilerimiz bulunmaktad\u0131r.<\/p><p>The Irish College of English&#8217;te \u00f6\u011frenci refah\u0131 en \u00f6nemli \u00f6nceli\u011fimizdir. Yurt d\u0131\u015f\u0131nda e\u011fitim alman\u0131n hem heyecan verici hem de zorlay\u0131c\u0131 olabilece\u011fini biliyoruz, bu nedenle sizi her ad\u0131mda desteklemeye haz\u0131r \u00f6zel \u00d6\u011frenci Sosyal Yard\u0131m G\u00f6revlilerimiz var. <\/p><p>Hem yeti\u015fkin hem de gen\u00e7lere \u00f6zel g\u00f6revlilerden olu\u015fan ekibimiz, bizimle ge\u00e7irdi\u011finiz zaman\u0131n sadece akademik a\u00e7\u0131dan tatmin edici de\u011fil, ayn\u0131 zamanda ki\u015fisel a\u00e7\u0131dan da zenginle\u015ftirici olmas\u0131n\u0131 sa\u011flamak i\u00e7in buradalar. Evinizi \u00f6zledi\u011finizde, akademik zorluklarla kar\u015f\u0131la\u015ft\u0131\u011f\u0131n\u0131zda ya da sadece konu\u015facak birine ihtiya\u00e7 duydu\u011funuzda, kap\u0131lar\u0131m\u0131z ve kalplerimiz her zaman a\u00e7\u0131kt\u0131r. <\/p><p>Standart destek hizmetlerimize ek olarak, belirli ko\u015fullar alt\u0131nda \u00f6\u011frencileri desteklemek i\u00e7in mali kaynaklar\u0131m\u0131z mevcuttur.<\/p><p>Yeti\u015fkin \u00d6\u011frenci Sosyal Yard\u0131m G\u00f6revlisi &#8211; Ian Mc Elhinney &#8211; <a href=\"mailto:ianmcelhinney@iceireland.com\">ianmcelhinney@iceireland.com<\/a><\/p><p>Ana Gen\u00e7 Sosyal Yard\u0131m G\u00f6revlisi ve DLP &#8211; Susan Mc Elhinney <a href=\"mailto:info@iceland.com\">info@iceland.com<\/a><\/p><p>Yurtlar\u0131m\u0131zda, \u00d6zel yurt \u00f6\u011frenci el kitab\u0131nda belirtilen ek \u00d6\u011frenci Refah G\u00f6revlileri bulunmaktad\u0131r.<\/p>\t\t\t\t\t\t\t\t<\/div>\n\t\t\t\t<\/div>\n\t\t\t\t\t<\/div>\n\t\t<\/div>\n\t\t\t\t\t<\/div>\n\t\t<\/section>\n\t\t\t\t<\/div>\n\t\t","protected":false},"excerpt":{"rendered":"<p>\u00d6\u011frenci Sosyal Yard\u0131m G\u00f6revlileri &#8211; Yard\u0131m i\u00e7in buraday\u0131z! Irish College of English&#8217;te, size yard\u0131mc\u0131 olmak i\u00e7in burada bulunan \u00d6\u011frenci Sosyal Yard\u0131m G\u00f6revlilerimiz bulunmaktad\u0131r. The Irish College of English&#8217;te \u00f6\u011frenci refah\u0131 en \u00f6nemli \u00f6nceli\u011fimizdir. Yurt d\u0131\u015f\u0131nda e\u011fitim alman\u0131n hem heyecan verici hem de zorlay\u0131c\u0131 olabilece\u011fini biliyoruz, bu nedenle sizi her ad\u0131mda desteklemeye haz\u0131r \u00f6zel \u00d6\u011frenci Sosyal [&hellip;]<\/p>\n","protected":false},"author":3,"featured_media":0,"parent":0,"menu_order":0,"comment_status":"closed","ping_status":"closed","template":"","meta":{"content-type":"","footnotes":""},"class_list":["post-33335","page","type-page","status-publish","hentry"],"yoast_head":"<!-- This site is optimized with the Yoast SEO plugin v27.3 - https:\/\/yoast.com\/product\/yoast-seo-wordpress\/ -->\n<title>\u00d6\u011frenci Sosyal Yard\u0131m G\u00f6revlileri - Irish College of English<\/title>\n<meta name=\"robots\" content=\"index, follow, max-snippet:-1, max-image-preview:large, max-video-preview:-1\" \/>\n<link rel=\"canonical\" href=\"https:\/\/www.iceireland.com\/tr\/student-welfare-officers\/\" \/>\n<meta property=\"og:locale\" content=\"tr_TR\" \/>\n<meta property=\"og:type\" content=\"article\" \/>\n<meta property=\"og:title\" content=\"\u00d6\u011frenci Sosyal Yard\u0131m G\u00f6revlileri - Irish College of English\" \/>\n<meta property=\"og:description\" content=\"\u00d6\u011frenci Sosyal Yard\u0131m G\u00f6revlileri &#8211; Yard\u0131m i\u00e7in buraday\u0131z! Irish College of English&#8217;te, size yard\u0131mc\u0131 olmak i\u00e7in burada bulunan \u00d6\u011frenci Sosyal Yard\u0131m G\u00f6revlilerimiz bulunmaktad\u0131r. The Irish College of English&#8217;te \u00f6\u011frenci refah\u0131 en \u00f6nemli \u00f6nceli\u011fimizdir. Yurt d\u0131\u015f\u0131nda e\u011fitim alman\u0131n hem heyecan verici hem de zorlay\u0131c\u0131 olabilece\u011fini biliyoruz, bu nedenle sizi her ad\u0131mda desteklemeye haz\u0131r \u00f6zel \u00d6\u011frenci Sosyal [&hellip;]\" \/>\n<meta property=\"og:url\" content=\"https:\/\/www.iceireland.com\/tr\/student-welfare-officers\/\" \/>\n<meta property=\"og:site_name\" content=\"Irish College of English\" \/>\n<meta property=\"article:modified_time\" content=\"2026-01-30T18:27:30+00:00\" \/>\n<meta name=\"twitter:label1\" content=\"Tahmini okuma s\u00fcresi\" \/>\n\t<meta name=\"twitter:data1\" content=\"1 dakika\" \/>\n<script type=\"application\/ld+json\" class=\"yoast-schema-graph\">{\"@context\":\"https:\\\/\\\/schema.org\",\"@graph\":[{\"@type\":\"WebPage\",\"@id\":\"https:\\\/\\\/www.iceireland.com\\\/tr\\\/student-welfare-officers\\\/\",\"url\":\"https:\\\/\\\/www.iceireland.com\\\/tr\\\/student-welfare-officers\\\/\",\"name\":\"\u00d6\u011frenci Sosyal Yard\u0131m G\u00f6revlileri - Irish College of English\",\"isPartOf\":{\"@id\":\"https:\\\/\\\/www.iceireland.com\\\/tr\\\/#website\"},\"datePublished\":\"2024-04-29T15:19:22+00:00\",\"dateModified\":\"2026-01-30T18:27:30+00:00\",\"breadcrumb\":{\"@id\":\"https:\\\/\\\/www.iceireland.com\\\/tr\\\/student-welfare-officers\\\/#breadcrumb\"},\"inLanguage\":\"tr\",\"potentialAction\":[{\"@type\":\"ReadAction\",\"target\":[\"https:\\\/\\\/www.iceireland.com\\\/tr\\\/student-welfare-officers\\\/\"]}]},{\"@type\":\"BreadcrumbList\",\"@id\":\"https:\\\/\\\/www.iceireland.com\\\/tr\\\/student-welfare-officers\\\/#breadcrumb\",\"itemListElement\":[{\"@type\":\"ListItem\",\"position\":1,\"name\":\"Home\",\"item\":\"https:\\\/\\\/www.iceireland.com\\\/tr\\\/\"},{\"@type\":\"ListItem\",\"position\":2,\"name\":\"\u00d6\u011frenci Sosyal Yard\u0131m G\u00f6revlileri\"}]},{\"@type\":\"WebSite\",\"@id\":\"https:\\\/\\\/www.iceireland.com\\\/tr\\\/#website\",\"url\":\"https:\\\/\\\/www.iceireland.com\\\/tr\\\/\",\"name\":\"Irish College of English\",\"description\":\"English School in Dublin, Malahide\",\"publisher\":{\"@id\":\"https:\\\/\\\/www.iceireland.com\\\/tr\\\/#organization\"},\"potentialAction\":[{\"@type\":\"SearchAction\",\"target\":{\"@type\":\"EntryPoint\",\"urlTemplate\":\"https:\\\/\\\/www.iceireland.com\\\/tr\\\/?s={search_term_string}\"},\"query-input\":{\"@type\":\"PropertyValueSpecification\",\"valueRequired\":true,\"valueName\":\"search_term_string\"}}],\"inLanguage\":\"tr\"},{\"@type\":\"Organization\",\"@id\":\"https:\\\/\\\/www.iceireland.com\\\/tr\\\/#organization\",\"name\":\"Irish College of English\",\"url\":\"https:\\\/\\\/www.iceireland.com\\\/tr\\\/\",\"logo\":{\"@type\":\"ImageObject\",\"inLanguage\":\"tr\",\"@id\":\"https:\\\/\\\/www.iceireland.com\\\/tr\\\/#\\\/schema\\\/logo\\\/image\\\/\",\"url\":\"https:\\\/\\\/www.iceireland.com\\\/wp-content\\\/uploads\\\/2022\\\/03\\\/logo.png\",\"contentUrl\":\"https:\\\/\\\/www.iceireland.com\\\/wp-content\\\/uploads\\\/2022\\\/03\\\/logo.png\",\"width\":593,\"height\":92,\"caption\":\"Irish College of English\"},\"image\":{\"@id\":\"https:\\\/\\\/www.iceireland.com\\\/tr\\\/#\\\/schema\\\/logo\\\/image\\\/\"}}]}<\/script>\n<!-- \/ Yoast SEO plugin. -->","yoast_head_json":{"title":"\u00d6\u011frenci Sosyal Yard\u0131m G\u00f6revlileri - Irish College of English","robots":{"index":"index","follow":"follow","max-snippet":"max-snippet:-1","max-image-preview":"max-image-preview:large","max-video-preview":"max-video-preview:-1"},"canonical":"https:\/\/www.iceireland.com\/tr\/student-welfare-officers\/","og_locale":"tr_TR","og_type":"article","og_title":"\u00d6\u011frenci Sosyal Yard\u0131m G\u00f6revlileri - Irish College of English","og_description":"\u00d6\u011frenci Sosyal Yard\u0131m G\u00f6revlileri &#8211; Yard\u0131m i\u00e7in buraday\u0131z! Irish College of English&#8217;te, size yard\u0131mc\u0131 olmak i\u00e7in burada bulunan \u00d6\u011frenci Sosyal Yard\u0131m G\u00f6revlilerimiz bulunmaktad\u0131r. The Irish College of English&#8217;te \u00f6\u011frenci refah\u0131 en \u00f6nemli \u00f6nceli\u011fimizdir. Yurt d\u0131\u015f\u0131nda e\u011fitim alman\u0131n hem heyecan verici hem de zorlay\u0131c\u0131 olabilece\u011fini biliyoruz, bu nedenle sizi her ad\u0131mda desteklemeye haz\u0131r \u00f6zel \u00d6\u011frenci Sosyal [&hellip;]","og_url":"https:\/\/www.iceireland.com\/tr\/student-welfare-officers\/","og_site_name":"Irish College of English","article_modified_time":"2026-01-30T18:27:30+00:00","twitter_misc":{"Tahmini okuma s\u00fcresi":"1 dakika"},"schema":{"@context":"https:\/\/schema.org","@graph":[{"@type":"WebPage","@id":"https:\/\/www.iceireland.com\/tr\/student-welfare-officers\/","url":"https:\/\/www.iceireland.com\/tr\/student-welfare-officers\/","name":"\u00d6\u011frenci Sosyal Yard\u0131m G\u00f6revlileri - Irish College of English","isPartOf":{"@id":"https:\/\/www.iceireland.com\/tr\/#website"},"datePublished":"2024-04-29T15:19:22+00:00","dateModified":"2026-01-30T18:27:30+00:00","breadcrumb":{"@id":"https:\/\/www.iceireland.com\/tr\/student-welfare-officers\/#breadcrumb"},"inLanguage":"tr","potentialAction":[{"@type":"ReadAction","target":["https:\/\/www.iceireland.com\/tr\/student-welfare-officers\/"]}]},{"@type":"BreadcrumbList","@id":"https:\/\/www.iceireland.com\/tr\/student-welfare-officers\/#breadcrumb","itemListElement":[{"@type":"ListItem","position":1,"name":"Home","item":"https:\/\/www.iceireland.com\/tr\/"},{"@type":"ListItem","position":2,"name":"\u00d6\u011frenci Sosyal Yard\u0131m G\u00f6revlileri"}]},{"@type":"WebSite","@id":"https:\/\/www.iceireland.com\/tr\/#website","url":"https:\/\/www.iceireland.com\/tr\/","name":"Irish College of English","description":"English School in Dublin, Malahide","publisher":{"@id":"https:\/\/www.iceireland.com\/tr\/#organization"},"potentialAction":[{"@type":"SearchAction","target":{"@type":"EntryPoint","urlTemplate":"https:\/\/www.iceireland.com\/tr\/?s={search_term_string}"},"query-input":{"@type":"PropertyValueSpecification","valueRequired":true,"valueName":"search_term_string"}}],"inLanguage":"tr"},{"@type":"Organization","@id":"https:\/\/www.iceireland.com\/tr\/#organization","name":"Irish College of English","url":"https:\/\/www.iceireland.com\/tr\/","logo":{"@type":"ImageObject","inLanguage":"tr","@id":"https:\/\/www.iceireland.com\/tr\/#\/schema\/logo\/image\/","url":"https:\/\/www.iceireland.com\/wp-content\/uploads\/2022\/03\/logo.png","contentUrl":"https:\/\/www.iceireland.com\/wp-content\/uploads\/2022\/03\/logo.png","width":593,"height":92,"caption":"Irish College of English"},"image":{"@id":"https:\/\/www.iceireland.com\/tr\/#\/schema\/logo\/image\/"}}]}},"_links":{"self":[{"href":"https:\/\/www.iceireland.com\/tr\/wp-json\/wp\/v2\/pages\/33335","targetHints":{"allow":["GET"]}}],"collection":[{"href":"https:\/\/www.iceireland.com\/tr\/wp-json\/wp\/v2\/pages"}],"about":[{"href":"https:\/\/www.iceireland.com\/tr\/wp-json\/wp\/v2\/types\/page"}],"author":[{"embeddable":true,"href":"https:\/\/www.iceireland.com\/tr\/wp-json\/wp\/v2\/users\/3"}],"replies":[{"embeddable":true,"href":"https:\/\/www.iceireland.com\/tr\/wp-json\/wp\/v2\/comments?post=33335"}],"version-history":[{"count":1,"href":"https:\/\/www.iceireland.com\/tr\/wp-json\/wp\/v2\/pages\/33335\/revisions"}],"predecessor-version":[{"id":33339,"href":"https:\/\/www.iceireland.com\/tr\/wp-json\/wp\/v2\/pages\/33335\/revisions\/33339"}],"wp:attachment":[{"href":"https:\/\/www.iceireland.com\/tr\/wp-json\/wp\/v2\/media?parent=33335"}],"curies":[{"name":"wp","href":"https:\/\/api.w.org\/{rel}","templated":true}]}}