{"id":33485,"date":"2023-12-13T15:55:40","date_gmt":"2023-12-13T15:55:40","guid":{"rendered":"https:\/\/www.iceireland.com\/useful-information-and-supports\/student-conduct-guidelines\/"},"modified":"2026-01-30T18:28:44","modified_gmt":"2026-01-30T18:28:44","slug":"student-conduct-guidelines","status":"publish","type":"page","link":"https:\/\/www.iceireland.com\/tr\/useful-information-and-supports\/student-conduct-guidelines\/","title":{"rendered":"\u00d6\u011frenci Davran\u0131\u015f Kurallar\u0131"},"content":{"rendered":"\t\t<div data-elementor-type=\"wp-page\" data-elementor-id=\"33485\" class=\"elementor elementor-33485 elementor-25944\" data-elementor-post-type=\"page\">\n\t\t\t\t\t\t<section class=\"elementor-section elementor-top-section elementor-element elementor-element-aee0803 elementor-section-boxed elementor-section-height-default elementor-section-height-default\" data-id=\"aee0803\" data-element_type=\"section\" data-e-type=\"section\">\n\t\t\t\t\t\t<div class=\"elementor-container elementor-column-gap-default\">\n\t\t\t\t\t<div class=\"elementor-column elementor-col-100 elementor-top-column elementor-element elementor-element-f943711\" data-id=\"f943711\" data-element_type=\"column\" data-e-type=\"column\">\n\t\t\t<div class=\"elementor-widget-wrap elementor-element-populated\">\n\t\t\t\t\t\t<div class=\"elementor-element elementor-element-06255c6 elementor-widget elementor-widget-heading\" data-id=\"06255c6\" data-element_type=\"widget\" data-e-type=\"widget\" data-widget_type=\"heading.default\">\n\t\t\t\t<div class=\"elementor-widget-container\">\n\t\t\t\t\t<h2 class=\"elementor-heading-title elementor-size-default\">\u00d6\u011frenci Davran\u0131\u015f Kurallar\u0131<\/h2>\t\t\t\t<\/div>\n\t\t\t\t<\/div>\n\t\t\t\t\t<\/div>\n\t\t<\/div>\n\t\t\t\t\t<\/div>\n\t\t<\/section>\n\t\t\t\t<section class=\"elementor-section elementor-top-section elementor-element elementor-element-7d91f86 elementor-section-boxed elementor-section-height-default elementor-section-height-default\" data-id=\"7d91f86\" data-element_type=\"section\" data-e-type=\"section\">\n\t\t\t\t\t\t<div class=\"elementor-container elementor-column-gap-default\">\n\t\t\t\t\t<div class=\"elementor-column elementor-col-100 elementor-top-column elementor-element elementor-element-9f50e6f\" data-id=\"9f50e6f\" data-element_type=\"column\" data-e-type=\"column\">\n\t\t\t<div class=\"elementor-widget-wrap elementor-element-populated\">\n\t\t\t\t\t\t<div class=\"elementor-element elementor-element-bd6847d elementor-widget elementor-widget-text-editor\" data-id=\"bd6847d\" data-element_type=\"widget\" data-e-type=\"widget\" data-widget_type=\"text-editor.default\">\n\t\t\t\t<div class=\"elementor-widget-container\">\n\t\t\t\t\t\t\t\t\t<p><span style=\"font-weight: 400;\">\u0130rlanda \u0130ngilizce Koleji, sayg\u0131, i\u015fbirli\u011fi ve \u00e7e\u015fitlili\u011fi te\u015fvik eden bir ortamda kaliteli bir e\u011fitim ve \u00f6\u011fretim hizmeti sunmay\u0131 taahh\u00fct eder. Var\u0131\u015f \u00f6ncesinde t\u00fcm \u00f6\u011frencilere bir \u00f6\u011frenci el kitab\u0131 verilecektir.   <\/span><\/p><p>\u0130lgili davran\u0131\u015f kurallar\u0131 i\u00e7in l\u00fctfen el kitab\u0131n\u0131za bak\u0131n.<\/p><p> <\/p><p> <\/p>\t\t\t\t\t\t\t\t<\/div>\n\t\t\t\t<\/div>\n\t\t\t\t\t<\/div>\n\t\t<\/div>\n\t\t\t\t\t<\/div>\n\t\t<\/section>\n\t\t\t\t<\/div>\n\t\t","protected":false},"excerpt":{"rendered":"<p>\u00d6\u011frenci Davran\u0131\u015f Kurallar\u0131 \u0130rlanda \u0130ngilizce Koleji, sayg\u0131, i\u015fbirli\u011fi ve \u00e7e\u015fitlili\u011fi te\u015fvik eden bir ortamda kaliteli bir e\u011fitim ve \u00f6\u011fretim hizmeti sunmay\u0131 taahh\u00fct eder. Var\u0131\u015f \u00f6ncesinde t\u00fcm \u00f6\u011frencilere bir \u00f6\u011frenci el kitab\u0131 verilecektir. \u0130lgili davran\u0131\u015f kurallar\u0131 i\u00e7in l\u00fctfen el kitab\u0131n\u0131za bak\u0131n.<\/p>\n","protected":false},"author":3,"featured_media":0,"parent":32472,"menu_order":0,"comment_status":"closed","ping_status":"closed","template":"","meta":{"content-type":"","footnotes":""},"class_list":["post-33485","page","type-page","status-publish","hentry"],"yoast_head":"<!-- This site is optimized with the Yoast SEO plugin v27.3 - https:\/\/yoast.com\/product\/yoast-seo-wordpress\/ -->\n<title>\u00d6\u011frenci Davran\u0131\u015f Kurallar\u0131 - Irish College of English<\/title>\n<meta name=\"robots\" content=\"noindex, follow\" \/>\n<meta property=\"og:locale\" content=\"tr_TR\" \/>\n<meta property=\"og:type\" content=\"article\" \/>\n<meta property=\"og:title\" content=\"\u00d6\u011frenci Davran\u0131\u015f Kurallar\u0131 - Irish College of English\" \/>\n<meta property=\"og:description\" content=\"\u00d6\u011frenci Davran\u0131\u015f Kurallar\u0131 \u0130rlanda \u0130ngilizce Koleji, sayg\u0131, i\u015fbirli\u011fi ve \u00e7e\u015fitlili\u011fi te\u015fvik eden bir ortamda kaliteli bir e\u011fitim ve \u00f6\u011fretim hizmeti sunmay\u0131 taahh\u00fct eder. Var\u0131\u015f \u00f6ncesinde t\u00fcm \u00f6\u011frencilere bir \u00f6\u011frenci el kitab\u0131 verilecektir. \u0130lgili davran\u0131\u015f kurallar\u0131 i\u00e7in l\u00fctfen el kitab\u0131n\u0131za bak\u0131n.\" \/>\n<meta property=\"og:url\" content=\"https:\/\/www.iceireland.com\/tr\/useful-information-and-supports\/student-conduct-guidelines\/\" \/>\n<meta property=\"og:site_name\" content=\"Irish College of English\" \/>\n<meta property=\"article:modified_time\" content=\"2026-01-30T18:28:44+00:00\" \/>\n<script type=\"application\/ld+json\" class=\"yoast-schema-graph\">{\"@context\":\"https:\\\/\\\/schema.org\",\"@graph\":[{\"@type\":\"WebPage\",\"@id\":\"https:\\\/\\\/www.iceireland.com\\\/tr\\\/useful-information-and-supports\\\/student-conduct-guidelines\\\/\",\"url\":\"https:\\\/\\\/www.iceireland.com\\\/tr\\\/useful-information-and-supports\\\/student-conduct-guidelines\\\/\",\"name\":\"\u00d6\u011frenci Davran\u0131\u015f Kurallar\u0131 - Irish College of English\",\"isPartOf\":{\"@id\":\"https:\\\/\\\/www.iceireland.com\\\/tr\\\/#website\"},\"datePublished\":\"2023-12-13T15:55:40+00:00\",\"dateModified\":\"2026-01-30T18:28:44+00:00\",\"breadcrumb\":{\"@id\":\"https:\\\/\\\/www.iceireland.com\\\/tr\\\/useful-information-and-supports\\\/student-conduct-guidelines\\\/#breadcrumb\"},\"inLanguage\":\"tr\",\"potentialAction\":[{\"@type\":\"ReadAction\",\"target\":[\"https:\\\/\\\/www.iceireland.com\\\/tr\\\/useful-information-and-supports\\\/student-conduct-guidelines\\\/\"]}]},{\"@type\":\"BreadcrumbList\",\"@id\":\"https:\\\/\\\/www.iceireland.com\\\/tr\\\/useful-information-and-supports\\\/student-conduct-guidelines\\\/#breadcrumb\",\"itemListElement\":[{\"@type\":\"ListItem\",\"position\":1,\"name\":\"Home\",\"item\":\"https:\\\/\\\/www.iceireland.com\\\/tr\\\/\"},{\"@type\":\"ListItem\",\"position\":2,\"name\":\"Yararl\u0131 Bilgiler ve Destekler\",\"item\":\"https:\\\/\\\/www.iceireland.com\\\/tr\\\/useful-information-and-supports\\\/\"},{\"@type\":\"ListItem\",\"position\":3,\"name\":\"\u00d6\u011frenci Davran\u0131\u015f Kurallar\u0131\"}]},{\"@type\":\"WebSite\",\"@id\":\"https:\\\/\\\/www.iceireland.com\\\/tr\\\/#website\",\"url\":\"https:\\\/\\\/www.iceireland.com\\\/tr\\\/\",\"name\":\"Irish College of English\",\"description\":\"English School in Dublin, Malahide\",\"publisher\":{\"@id\":\"https:\\\/\\\/www.iceireland.com\\\/tr\\\/#organization\"},\"potentialAction\":[{\"@type\":\"SearchAction\",\"target\":{\"@type\":\"EntryPoint\",\"urlTemplate\":\"https:\\\/\\\/www.iceireland.com\\\/tr\\\/?s={search_term_string}\"},\"query-input\":{\"@type\":\"PropertyValueSpecification\",\"valueRequired\":true,\"valueName\":\"search_term_string\"}}],\"inLanguage\":\"tr\"},{\"@type\":\"Organization\",\"@id\":\"https:\\\/\\\/www.iceireland.com\\\/tr\\\/#organization\",\"name\":\"Irish College of English\",\"url\":\"https:\\\/\\\/www.iceireland.com\\\/tr\\\/\",\"logo\":{\"@type\":\"ImageObject\",\"inLanguage\":\"tr\",\"@id\":\"https:\\\/\\\/www.iceireland.com\\\/tr\\\/#\\\/schema\\\/logo\\\/image\\\/\",\"url\":\"https:\\\/\\\/www.iceireland.com\\\/wp-content\\\/uploads\\\/2022\\\/03\\\/logo.png\",\"contentUrl\":\"https:\\\/\\\/www.iceireland.com\\\/wp-content\\\/uploads\\\/2022\\\/03\\\/logo.png\",\"width\":593,\"height\":92,\"caption\":\"Irish College of English\"},\"image\":{\"@id\":\"https:\\\/\\\/www.iceireland.com\\\/tr\\\/#\\\/schema\\\/logo\\\/image\\\/\"}}]}<\/script>\n<!-- \/ Yoast SEO plugin. -->","yoast_head_json":{"title":"\u00d6\u011frenci Davran\u0131\u015f Kurallar\u0131 - Irish College of English","robots":{"index":"noindex","follow":"follow"},"og_locale":"tr_TR","og_type":"article","og_title":"\u00d6\u011frenci Davran\u0131\u015f Kurallar\u0131 - Irish College of English","og_description":"\u00d6\u011frenci Davran\u0131\u015f Kurallar\u0131 \u0130rlanda \u0130ngilizce Koleji, sayg\u0131, i\u015fbirli\u011fi ve \u00e7e\u015fitlili\u011fi te\u015fvik eden bir ortamda kaliteli bir e\u011fitim ve \u00f6\u011fretim hizmeti sunmay\u0131 taahh\u00fct eder. Var\u0131\u015f \u00f6ncesinde t\u00fcm \u00f6\u011frencilere bir \u00f6\u011frenci el kitab\u0131 verilecektir. \u0130lgili davran\u0131\u015f kurallar\u0131 i\u00e7in l\u00fctfen el kitab\u0131n\u0131za bak\u0131n.","og_url":"https:\/\/www.iceireland.com\/tr\/useful-information-and-supports\/student-conduct-guidelines\/","og_site_name":"Irish College of English","article_modified_time":"2026-01-30T18:28:44+00:00","schema":{"@context":"https:\/\/schema.org","@graph":[{"@type":"WebPage","@id":"https:\/\/www.iceireland.com\/tr\/useful-information-and-supports\/student-conduct-guidelines\/","url":"https:\/\/www.iceireland.com\/tr\/useful-information-and-supports\/student-conduct-guidelines\/","name":"\u00d6\u011frenci Davran\u0131\u015f Kurallar\u0131 - Irish College of English","isPartOf":{"@id":"https:\/\/www.iceireland.com\/tr\/#website"},"datePublished":"2023-12-13T15:55:40+00:00","dateModified":"2026-01-30T18:28:44+00:00","breadcrumb":{"@id":"https:\/\/www.iceireland.com\/tr\/useful-information-and-supports\/student-conduct-guidelines\/#breadcrumb"},"inLanguage":"tr","potentialAction":[{"@type":"ReadAction","target":["https:\/\/www.iceireland.com\/tr\/useful-information-and-supports\/student-conduct-guidelines\/"]}]},{"@type":"BreadcrumbList","@id":"https:\/\/www.iceireland.com\/tr\/useful-information-and-supports\/student-conduct-guidelines\/#breadcrumb","itemListElement":[{"@type":"ListItem","position":1,"name":"Home","item":"https:\/\/www.iceireland.com\/tr\/"},{"@type":"ListItem","position":2,"name":"Yararl\u0131 Bilgiler ve Destekler","item":"https:\/\/www.iceireland.com\/tr\/useful-information-and-supports\/"},{"@type":"ListItem","position":3,"name":"\u00d6\u011frenci Davran\u0131\u015f Kurallar\u0131"}]},{"@type":"WebSite","@id":"https:\/\/www.iceireland.com\/tr\/#website","url":"https:\/\/www.iceireland.com\/tr\/","name":"Irish College of English","description":"English School in Dublin, Malahide","publisher":{"@id":"https:\/\/www.iceireland.com\/tr\/#organization"},"potentialAction":[{"@type":"SearchAction","target":{"@type":"EntryPoint","urlTemplate":"https:\/\/www.iceireland.com\/tr\/?s={search_term_string}"},"query-input":{"@type":"PropertyValueSpecification","valueRequired":true,"valueName":"search_term_string"}}],"inLanguage":"tr"},{"@type":"Organization","@id":"https:\/\/www.iceireland.com\/tr\/#organization","name":"Irish College of English","url":"https:\/\/www.iceireland.com\/tr\/","logo":{"@type":"ImageObject","inLanguage":"tr","@id":"https:\/\/www.iceireland.com\/tr\/#\/schema\/logo\/image\/","url":"https:\/\/www.iceireland.com\/wp-content\/uploads\/2022\/03\/logo.png","contentUrl":"https:\/\/www.iceireland.com\/wp-content\/uploads\/2022\/03\/logo.png","width":593,"height":92,"caption":"Irish College of English"},"image":{"@id":"https:\/\/www.iceireland.com\/tr\/#\/schema\/logo\/image\/"}}]}},"_links":{"self":[{"href":"https:\/\/www.iceireland.com\/tr\/wp-json\/wp\/v2\/pages\/33485","targetHints":{"allow":["GET"]}}],"collection":[{"href":"https:\/\/www.iceireland.com\/tr\/wp-json\/wp\/v2\/pages"}],"about":[{"href":"https:\/\/www.iceireland.com\/tr\/wp-json\/wp\/v2\/types\/page"}],"author":[{"embeddable":true,"href":"https:\/\/www.iceireland.com\/tr\/wp-json\/wp\/v2\/users\/3"}],"replies":[{"embeddable":true,"href":"https:\/\/www.iceireland.com\/tr\/wp-json\/wp\/v2\/comments?post=33485"}],"version-history":[{"count":1,"href":"https:\/\/www.iceireland.com\/tr\/wp-json\/wp\/v2\/pages\/33485\/revisions"}],"predecessor-version":[{"id":33488,"href":"https:\/\/www.iceireland.com\/tr\/wp-json\/wp\/v2\/pages\/33485\/revisions\/33488"}],"up":[{"embeddable":true,"href":"https:\/\/www.iceireland.com\/tr\/wp-json\/wp\/v2\/pages\/32472"}],"wp:attachment":[{"href":"https:\/\/www.iceireland.com\/tr\/wp-json\/wp\/v2\/media?parent=33485"}],"curies":[{"name":"wp","href":"https:\/\/api.w.org\/{rel}","templated":true}]}}