{"id":33509,"date":"2023-12-13T15:53:32","date_gmt":"2023-12-13T15:53:32","guid":{"rendered":"https:\/\/www.iceireland.com\/useful-information-and-supports\/join-our-governance-committee\/"},"modified":"2026-01-30T18:28:52","modified_gmt":"2026-01-30T18:28:52","slug":"join-our-governance-committee","status":"publish","type":"page","link":"https:\/\/www.iceireland.com\/tr\/useful-information-and-supports\/join-our-governance-committee\/","title":{"rendered":"Y\u00f6neti\u015fim Komitemize Kat\u0131l\u0131n"},"content":{"rendered":"\t\t<div data-elementor-type=\"wp-page\" data-elementor-id=\"33509\" class=\"elementor elementor-33509 elementor-25939\" data-elementor-post-type=\"page\">\n\t\t\t\t\t\t<section class=\"elementor-section elementor-top-section elementor-element elementor-element-27a9624 elementor-section-boxed elementor-section-height-default elementor-section-height-default\" data-id=\"27a9624\" data-element_type=\"section\" data-e-type=\"section\">\n\t\t\t\t\t\t<div class=\"elementor-container elementor-column-gap-default\">\n\t\t\t\t\t<div class=\"elementor-column elementor-col-100 elementor-top-column elementor-element elementor-element-02c8789\" data-id=\"02c8789\" data-element_type=\"column\" data-e-type=\"column\">\n\t\t\t<div class=\"elementor-widget-wrap elementor-element-populated\">\n\t\t\t\t\t\t<div class=\"elementor-element elementor-element-90a231f elementor-widget elementor-widget-heading\" data-id=\"90a231f\" data-element_type=\"widget\" data-e-type=\"widget\" data-widget_type=\"heading.default\">\n\t\t\t\t<div class=\"elementor-widget-container\">\n\t\t\t\t\t<h2 class=\"elementor-heading-title elementor-size-default\">Akademik Y\u00f6neti\u015fim Komitemize kat\u0131l\u0131n<\/h2>\t\t\t\t<\/div>\n\t\t\t\t<\/div>\n\t\t\t\t\t<\/div>\n\t\t<\/div>\n\t\t\t\t\t<\/div>\n\t\t<\/section>\n\t\t\t\t<section class=\"elementor-section elementor-top-section elementor-element elementor-element-fb073b1 elementor-section-boxed elementor-section-height-default elementor-section-height-default\" data-id=\"fb073b1\" data-element_type=\"section\" data-e-type=\"section\">\n\t\t\t\t\t\t<div class=\"elementor-container elementor-column-gap-default\">\n\t\t\t\t\t<div class=\"elementor-column elementor-col-100 elementor-top-column elementor-element elementor-element-1ad22e0\" data-id=\"1ad22e0\" data-element_type=\"column\" data-e-type=\"column\">\n\t\t\t<div class=\"elementor-widget-wrap elementor-element-populated\">\n\t\t\t\t\t\t<div class=\"elementor-element elementor-element-2480859 elementor-widget elementor-widget-text-editor\" data-id=\"2480859\" data-element_type=\"widget\" data-e-type=\"widget\" data-widget_type=\"text-editor.default\">\n\t\t\t\t<div class=\"elementor-widget-container\">\n\t\t\t\t\t\t\t\t\t<p>Irish College of English&#8217;in Akademik Y\u00f6neti\u015fim Komitesi, kurumumuzun akademik standartlar\u0131n\u0131 ve politikalar\u0131n\u0131 denetlemek ve geli\u015ftirmek \u00fczere y\u0131lda iki kez toplan\u0131r. \u00d6\u011fretim elemanlar\u0131, akademik personel, y\u00f6neticiler ve bir \u00f6\u011frenci temsilcisinden olu\u015fan bu komite, \u00f6\u011frencilerimizin e\u011fitim deneyimlerinin \u015fekillendirilmesinde \u00f6nemli bir rol oynamaktad\u0131r. <\/p><p>Akademik Y\u00f6neti\u015fim Komitesi&#8217;nin bir par\u00e7as\u0131 olmak \u00f6\u011frencilere e\u015fsiz bir f\u0131rsat sunmaktad\u0131r:<\/p><p>Akranlar\u0131 \u0130\u00e7in Savunuculuk Yapar: \u00d6\u011frenci temsilcisi olarak bireyler, yeni \u00f6\u011frenciler de dahil olmak \u00fczere \u00f6\u011frenci arkada\u015flar\u0131n\u0131n endi\u015felerini, \u00f6nerilerini ve bak\u0131\u015f a\u00e7\u0131lar\u0131n\u0131 dile getirme \u015fans\u0131na sahip olurlar ve seslerinin en \u00fcst d\u00fczey karar alma mekanizmalar\u0131nda duyulmas\u0131n\u0131 sa\u011flarlar.<\/p><p>Akademik M\u00fckemmeliyete Katk\u0131da Bulunmak: \u00d6\u011frenciler, m\u00fcfredat geli\u015ftirme, de\u011ferlendirme y\u00f6ntemleri ve akademik politikalarla ilgili tart\u0131\u015fmalara ve kararlara aktif olarak kat\u0131larak, kolej taraf\u0131ndan sa\u011flanan e\u011fitim kalitesinin korunmas\u0131na ve geli\u015ftirilmesine katk\u0131da bulunabilirler.<\/p><p>Liderlik ve Y\u00f6neti\u015fim Becerileri Kazan\u0131n: Akademik Y\u00f6neti\u015fim Komitesinde g\u00f6rev almak, \u00e7e\u015fitli ki\u015fisel ve profesyonel ortamlarda uygulanabilen son derece aktar\u0131labilir beceriler olan liderlik, ekip \u00e7al\u0131\u015fmas\u0131 ve y\u00f6neti\u015fim konular\u0131nda de\u011ferli bir deneyim sa\u011flar.<\/p><p>ICE&#8217;nin Gelece\u011fini \u015eekillendirin: \u00d6\u011frenciler, \u00f6\u011frenmeyi, yenili\u011fi ve \u00f6\u011frenci ba\u015far\u0131s\u0131n\u0131 te\u015fvik eden bir ortam\u0131n \u015fekillendirilmesinde rol oynayarak okulun y\u00f6n\u00fcn\u00fc ve gelecekteki giri\u015fimlerini etkileme f\u0131rsat\u0131na sahiptir.<\/p><p>Esasen, Akademik Y\u00f6neti\u015fim Komitesi&#8217;nin bir par\u00e7as\u0131 olmak, \u00f6\u011frencileri e\u011fitim yolculuklar\u0131nda anlaml\u0131 bir etki yaratma ve \u0130rlanda \u0130ngiliz Koleji&#8217;nin genel akademik m\u00fckemmelli\u011fine katk\u0131da bulunma konusunda g\u00fc\u00e7lendirir.<\/p>\t\t\t\t\t\t\t\t<\/div>\n\t\t\t\t<\/div>\n\t\t\t\t\t<\/div>\n\t\t<\/div>\n\t\t\t\t\t<\/div>\n\t\t<\/section>\n\t\t\t\t<\/div>\n\t\t","protected":false},"excerpt":{"rendered":"<p>Akademik Y\u00f6neti\u015fim Komitemize kat\u0131l\u0131n Irish College of English&#8217;in Akademik Y\u00f6neti\u015fim Komitesi, kurumumuzun akademik standartlar\u0131n\u0131 ve politikalar\u0131n\u0131 denetlemek ve geli\u015ftirmek \u00fczere y\u0131lda iki kez toplan\u0131r. \u00d6\u011fretim elemanlar\u0131, akademik personel, y\u00f6neticiler ve bir \u00f6\u011frenci temsilcisinden olu\u015fan bu komite, \u00f6\u011frencilerimizin e\u011fitim deneyimlerinin \u015fekillendirilmesinde \u00f6nemli bir rol oynamaktad\u0131r. Akademik Y\u00f6neti\u015fim Komitesi&#8217;nin bir par\u00e7as\u0131 olmak \u00f6\u011frencilere e\u015fsiz bir f\u0131rsat sunmaktad\u0131r: [&hellip;]<\/p>\n","protected":false},"author":3,"featured_media":0,"parent":32472,"menu_order":0,"comment_status":"closed","ping_status":"closed","template":"","meta":{"content-type":"","footnotes":""},"class_list":["post-33509","page","type-page","status-publish","hentry"],"yoast_head":"<!-- This site is optimized with the Yoast SEO plugin v27.3 - https:\/\/yoast.com\/product\/yoast-seo-wordpress\/ -->\n<title>Y\u00f6neti\u015fim Komitemize Kat\u0131l\u0131n - Irish College of English<\/title>\n<meta name=\"robots\" content=\"noindex, follow\" \/>\n<meta property=\"og:locale\" content=\"tr_TR\" \/>\n<meta property=\"og:type\" content=\"article\" \/>\n<meta property=\"og:title\" content=\"Y\u00f6neti\u015fim Komitemize Kat\u0131l\u0131n - Irish College of English\" \/>\n<meta property=\"og:description\" content=\"Akademik Y\u00f6neti\u015fim Komitemize kat\u0131l\u0131n Irish College of English&#8217;in Akademik Y\u00f6neti\u015fim Komitesi, kurumumuzun akademik standartlar\u0131n\u0131 ve politikalar\u0131n\u0131 denetlemek ve geli\u015ftirmek \u00fczere y\u0131lda iki kez toplan\u0131r. \u00d6\u011fretim elemanlar\u0131, akademik personel, y\u00f6neticiler ve bir \u00f6\u011frenci temsilcisinden olu\u015fan bu komite, \u00f6\u011frencilerimizin e\u011fitim deneyimlerinin \u015fekillendirilmesinde \u00f6nemli bir rol oynamaktad\u0131r. Akademik Y\u00f6neti\u015fim Komitesi&#8217;nin bir par\u00e7as\u0131 olmak \u00f6\u011frencilere e\u015fsiz bir f\u0131rsat sunmaktad\u0131r: [&hellip;]\" \/>\n<meta property=\"og:url\" content=\"https:\/\/www.iceireland.com\/tr\/useful-information-and-supports\/join-our-governance-committee\/\" \/>\n<meta property=\"og:site_name\" content=\"Irish College of English\" \/>\n<meta property=\"article:modified_time\" content=\"2026-01-30T18:28:52+00:00\" \/>\n<meta name=\"twitter:label1\" content=\"Tahmini okuma s\u00fcresi\" \/>\n\t<meta name=\"twitter:data1\" content=\"1 dakika\" \/>\n<script type=\"application\/ld+json\" class=\"yoast-schema-graph\">{\"@context\":\"https:\\\/\\\/schema.org\",\"@graph\":[{\"@type\":\"WebPage\",\"@id\":\"https:\\\/\\\/www.iceireland.com\\\/tr\\\/useful-information-and-supports\\\/join-our-governance-committee\\\/\",\"url\":\"https:\\\/\\\/www.iceireland.com\\\/tr\\\/useful-information-and-supports\\\/join-our-governance-committee\\\/\",\"name\":\"Y\u00f6neti\u015fim Komitemize Kat\u0131l\u0131n - Irish College of English\",\"isPartOf\":{\"@id\":\"https:\\\/\\\/www.iceireland.com\\\/tr\\\/#website\"},\"datePublished\":\"2023-12-13T15:53:32+00:00\",\"dateModified\":\"2026-01-30T18:28:52+00:00\",\"breadcrumb\":{\"@id\":\"https:\\\/\\\/www.iceireland.com\\\/tr\\\/useful-information-and-supports\\\/join-our-governance-committee\\\/#breadcrumb\"},\"inLanguage\":\"tr\",\"potentialAction\":[{\"@type\":\"ReadAction\",\"target\":[\"https:\\\/\\\/www.iceireland.com\\\/tr\\\/useful-information-and-supports\\\/join-our-governance-committee\\\/\"]}]},{\"@type\":\"BreadcrumbList\",\"@id\":\"https:\\\/\\\/www.iceireland.com\\\/tr\\\/useful-information-and-supports\\\/join-our-governance-committee\\\/#breadcrumb\",\"itemListElement\":[{\"@type\":\"ListItem\",\"position\":1,\"name\":\"Home\",\"item\":\"https:\\\/\\\/www.iceireland.com\\\/tr\\\/\"},{\"@type\":\"ListItem\",\"position\":2,\"name\":\"Yararl\u0131 Bilgiler ve Destekler\",\"item\":\"https:\\\/\\\/www.iceireland.com\\\/tr\\\/useful-information-and-supports\\\/\"},{\"@type\":\"ListItem\",\"position\":3,\"name\":\"Y\u00f6neti\u015fim Komitemize Kat\u0131l\u0131n\"}]},{\"@type\":\"WebSite\",\"@id\":\"https:\\\/\\\/www.iceireland.com\\\/tr\\\/#website\",\"url\":\"https:\\\/\\\/www.iceireland.com\\\/tr\\\/\",\"name\":\"Irish College of English\",\"description\":\"English School in Dublin, Malahide\",\"publisher\":{\"@id\":\"https:\\\/\\\/www.iceireland.com\\\/tr\\\/#organization\"},\"potentialAction\":[{\"@type\":\"SearchAction\",\"target\":{\"@type\":\"EntryPoint\",\"urlTemplate\":\"https:\\\/\\\/www.iceireland.com\\\/tr\\\/?s={search_term_string}\"},\"query-input\":{\"@type\":\"PropertyValueSpecification\",\"valueRequired\":true,\"valueName\":\"search_term_string\"}}],\"inLanguage\":\"tr\"},{\"@type\":\"Organization\",\"@id\":\"https:\\\/\\\/www.iceireland.com\\\/tr\\\/#organization\",\"name\":\"Irish College of English\",\"url\":\"https:\\\/\\\/www.iceireland.com\\\/tr\\\/\",\"logo\":{\"@type\":\"ImageObject\",\"inLanguage\":\"tr\",\"@id\":\"https:\\\/\\\/www.iceireland.com\\\/tr\\\/#\\\/schema\\\/logo\\\/image\\\/\",\"url\":\"https:\\\/\\\/www.iceireland.com\\\/wp-content\\\/uploads\\\/2022\\\/03\\\/logo.png\",\"contentUrl\":\"https:\\\/\\\/www.iceireland.com\\\/wp-content\\\/uploads\\\/2022\\\/03\\\/logo.png\",\"width\":593,\"height\":92,\"caption\":\"Irish College of English\"},\"image\":{\"@id\":\"https:\\\/\\\/www.iceireland.com\\\/tr\\\/#\\\/schema\\\/logo\\\/image\\\/\"}}]}<\/script>\n<!-- \/ Yoast SEO plugin. -->","yoast_head_json":{"title":"Y\u00f6neti\u015fim Komitemize Kat\u0131l\u0131n - Irish College of English","robots":{"index":"noindex","follow":"follow"},"og_locale":"tr_TR","og_type":"article","og_title":"Y\u00f6neti\u015fim Komitemize Kat\u0131l\u0131n - Irish College of English","og_description":"Akademik Y\u00f6neti\u015fim Komitemize kat\u0131l\u0131n Irish College of English&#8217;in Akademik Y\u00f6neti\u015fim Komitesi, kurumumuzun akademik standartlar\u0131n\u0131 ve politikalar\u0131n\u0131 denetlemek ve geli\u015ftirmek \u00fczere y\u0131lda iki kez toplan\u0131r. \u00d6\u011fretim elemanlar\u0131, akademik personel, y\u00f6neticiler ve bir \u00f6\u011frenci temsilcisinden olu\u015fan bu komite, \u00f6\u011frencilerimizin e\u011fitim deneyimlerinin \u015fekillendirilmesinde \u00f6nemli bir rol oynamaktad\u0131r. Akademik Y\u00f6neti\u015fim Komitesi&#8217;nin bir par\u00e7as\u0131 olmak \u00f6\u011frencilere e\u015fsiz bir f\u0131rsat sunmaktad\u0131r: [&hellip;]","og_url":"https:\/\/www.iceireland.com\/tr\/useful-information-and-supports\/join-our-governance-committee\/","og_site_name":"Irish College of English","article_modified_time":"2026-01-30T18:28:52+00:00","twitter_misc":{"Tahmini okuma s\u00fcresi":"1 dakika"},"schema":{"@context":"https:\/\/schema.org","@graph":[{"@type":"WebPage","@id":"https:\/\/www.iceireland.com\/tr\/useful-information-and-supports\/join-our-governance-committee\/","url":"https:\/\/www.iceireland.com\/tr\/useful-information-and-supports\/join-our-governance-committee\/","name":"Y\u00f6neti\u015fim Komitemize Kat\u0131l\u0131n - Irish College of English","isPartOf":{"@id":"https:\/\/www.iceireland.com\/tr\/#website"},"datePublished":"2023-12-13T15:53:32+00:00","dateModified":"2026-01-30T18:28:52+00:00","breadcrumb":{"@id":"https:\/\/www.iceireland.com\/tr\/useful-information-and-supports\/join-our-governance-committee\/#breadcrumb"},"inLanguage":"tr","potentialAction":[{"@type":"ReadAction","target":["https:\/\/www.iceireland.com\/tr\/useful-information-and-supports\/join-our-governance-committee\/"]}]},{"@type":"BreadcrumbList","@id":"https:\/\/www.iceireland.com\/tr\/useful-information-and-supports\/join-our-governance-committee\/#breadcrumb","itemListElement":[{"@type":"ListItem","position":1,"name":"Home","item":"https:\/\/www.iceireland.com\/tr\/"},{"@type":"ListItem","position":2,"name":"Yararl\u0131 Bilgiler ve Destekler","item":"https:\/\/www.iceireland.com\/tr\/useful-information-and-supports\/"},{"@type":"ListItem","position":3,"name":"Y\u00f6neti\u015fim Komitemize Kat\u0131l\u0131n"}]},{"@type":"WebSite","@id":"https:\/\/www.iceireland.com\/tr\/#website","url":"https:\/\/www.iceireland.com\/tr\/","name":"Irish College of English","description":"English School in Dublin, Malahide","publisher":{"@id":"https:\/\/www.iceireland.com\/tr\/#organization"},"potentialAction":[{"@type":"SearchAction","target":{"@type":"EntryPoint","urlTemplate":"https:\/\/www.iceireland.com\/tr\/?s={search_term_string}"},"query-input":{"@type":"PropertyValueSpecification","valueRequired":true,"valueName":"search_term_string"}}],"inLanguage":"tr"},{"@type":"Organization","@id":"https:\/\/www.iceireland.com\/tr\/#organization","name":"Irish College of English","url":"https:\/\/www.iceireland.com\/tr\/","logo":{"@type":"ImageObject","inLanguage":"tr","@id":"https:\/\/www.iceireland.com\/tr\/#\/schema\/logo\/image\/","url":"https:\/\/www.iceireland.com\/wp-content\/uploads\/2022\/03\/logo.png","contentUrl":"https:\/\/www.iceireland.com\/wp-content\/uploads\/2022\/03\/logo.png","width":593,"height":92,"caption":"Irish College of English"},"image":{"@id":"https:\/\/www.iceireland.com\/tr\/#\/schema\/logo\/image\/"}}]}},"_links":{"self":[{"href":"https:\/\/www.iceireland.com\/tr\/wp-json\/wp\/v2\/pages\/33509","targetHints":{"allow":["GET"]}}],"collection":[{"href":"https:\/\/www.iceireland.com\/tr\/wp-json\/wp\/v2\/pages"}],"about":[{"href":"https:\/\/www.iceireland.com\/tr\/wp-json\/wp\/v2\/types\/page"}],"author":[{"embeddable":true,"href":"https:\/\/www.iceireland.com\/tr\/wp-json\/wp\/v2\/users\/3"}],"replies":[{"embeddable":true,"href":"https:\/\/www.iceireland.com\/tr\/wp-json\/wp\/v2\/comments?post=33509"}],"version-history":[{"count":1,"href":"https:\/\/www.iceireland.com\/tr\/wp-json\/wp\/v2\/pages\/33509\/revisions"}],"predecessor-version":[{"id":33511,"href":"https:\/\/www.iceireland.com\/tr\/wp-json\/wp\/v2\/pages\/33509\/revisions\/33511"}],"up":[{"embeddable":true,"href":"https:\/\/www.iceireland.com\/tr\/wp-json\/wp\/v2\/pages\/32472"}],"wp:attachment":[{"href":"https:\/\/www.iceireland.com\/tr\/wp-json\/wp\/v2\/media?parent=33509"}],"curies":[{"name":"wp","href":"https:\/\/api.w.org\/{rel}","templated":true}]}}